{"id":3664,"date":"2025-06-14T16:00:43","date_gmt":"2025-06-14T14:00:43","guid":{"rendered":"http:\/\/hist-era.local\/?page_id=3664"},"modified":"2025-06-14T16:10:06","modified_gmt":"2025-06-14T14:10:06","slug":"politique-de-confidentialite","status":"publish","type":"page","link":"https:\/\/formagraph-exercice.fr\/histera\/politique-de-confidentialite\/","title":{"rendered":"Politique de confidentialit\u00e9"},"content":{"rendered":"<style>.kb-row-layout-id3664_bdba90-bd > .kt-row-column-wrap{align-content:start;}:where(.kb-row-layout-id3664_bdba90-bd > .kt-row-column-wrap) > .wp-block-kadence-column{justify-content:start;}.kb-row-layout-id3664_bdba90-bd > .kt-row-column-wrap{column-gap:var(--global-kb-gap-md, 2rem);row-gap:var(--global-kb-gap-md, 2rem);max-width:var( --global-content-width, 1290px );padding-left:var(--global-content-edge-padding);padding-right:var(--global-content-edge-padding);padding-top:var(--global-kb-spacing-sm, 1.5rem);padding-bottom:var(--global-kb-spacing-xs, 1rem);grid-template-columns:minmax(0, 1fr);}.kb-row-layout-id3664_bdba90-bd{background-color:#0d0d19;}.kb-row-layout-id3664_bdba90-bd > .kt-row-layout-overlay{opacity:0.30;}@media all and (max-width: 1024px){.kb-row-layout-id3664_bdba90-bd > .kt-row-column-wrap{grid-template-columns:minmax(0, 1fr);}}@media all and (max-width: 767px){.kb-row-layout-id3664_bdba90-bd > .kt-row-column-wrap{grid-template-columns:minmax(0, 1fr);}}<\/style><div class=\"kb-row-layout-wrap kb-row-layout-id3664_bdba90-bd alignfull kt-row-has-bg wp-block-kadence-rowlayout\"><div class=\"kt-row-column-wrap kt-has-1-columns kt-row-layout-equal kt-tab-layout-inherit kt-mobile-layout-row kt-row-valign-top kb-theme-content-width\">\n<style>.kadence-column3664_537e8c-5b > .kt-inside-inner-col,.kadence-column3664_537e8c-5b > .kt-inside-inner-col:before{border-top-left-radius:0px;border-top-right-radius:0px;border-bottom-right-radius:0px;border-bottom-left-radius:0px;}.kadence-column3664_537e8c-5b > .kt-inside-inner-col{column-gap:var(--global-kb-gap-sm, 1rem);}.kadence-column3664_537e8c-5b > .kt-inside-inner-col{flex-direction:column;}.kadence-column3664_537e8c-5b > .kt-inside-inner-col > .aligncenter{width:100%;}.kadence-column3664_537e8c-5b > .kt-inside-inner-col:before{opacity:0.3;}.kadence-column3664_537e8c-5b{position:relative;}@media all and (max-width: 1024px){.kadence-column3664_537e8c-5b > .kt-inside-inner-col{flex-direction:column;justify-content:center;}}@media all and (max-width: 767px){.kadence-column3664_537e8c-5b > .kt-inside-inner-col{flex-direction:column;justify-content:center;}}<\/style>\n<div class=\"wp-block-kadence-column kadence-column3664_537e8c-5b\"><div class=\"kt-inside-inner-col\"><style>.wp-block-kadence-advancedheading.kt-adv-heading3664_840632-f5, .wp-block-kadence-advancedheading.kt-adv-heading3664_840632-f5[data-kb-block=\"kb-adv-heading3664_840632-f5\"]{text-align:center;font-style:normal;}.wp-block-kadence-advancedheading.kt-adv-heading3664_840632-f5 mark.kt-highlight, .wp-block-kadence-advancedheading.kt-adv-heading3664_840632-f5[data-kb-block=\"kb-adv-heading3664_840632-f5\"] mark.kt-highlight{font-style:normal;color:#f76a0c;-webkit-box-decoration-break:clone;box-decoration-break:clone;padding-top:0px;padding-right:0px;padding-bottom:0px;padding-left:0px;}.wp-block-kadence-advancedheading.kt-adv-heading3664_840632-f5 img.kb-inline-image, .wp-block-kadence-advancedheading.kt-adv-heading3664_840632-f5[data-kb-block=\"kb-adv-heading3664_840632-f5\"] img.kb-inline-image{width:150px;vertical-align:baseline;}<\/style>\n<h1 class=\"kt-adv-heading3664_840632-f5 wp-block-kadence-advancedheading\" data-kb-block=\"kb-adv-heading3664_840632-f5\">POLITIQUE DE CONFIDENTIALIT\u00c9<\/h1>\n<\/div><\/div>\n\n<\/div><\/div>\n\n<style>.kb-row-layout-id3664_d3b8b7-f2 > .kt-row-column-wrap{align-content:start;}:where(.kb-row-layout-id3664_d3b8b7-f2 > .kt-row-column-wrap) > .wp-block-kadence-column{justify-content:start;}.kb-row-layout-id3664_d3b8b7-f2 > .kt-row-column-wrap{column-gap:var(--global-kb-gap-md, 2rem);row-gap:var(--global-kb-gap-md, 2rem);max-width:var( --global-content-width, 1290px );padding-left:var(--global-content-edge-padding);padding-right:var(--global-content-edge-padding);padding-top:var(--global-kb-spacing-sm, 1.5rem);padding-bottom:var(--global-kb-spacing-sm, 1.5rem);grid-template-columns:minmax(0, 1fr);}.kb-row-layout-id3664_d3b8b7-f2{background-color:#0d0d19;}.kb-row-layout-id3664_d3b8b7-f2 > .kt-row-layout-overlay{opacity:0.30;}@media all and (max-width: 1024px){.kb-row-layout-id3664_d3b8b7-f2 > .kt-row-column-wrap{grid-template-columns:minmax(0, 1fr);}}@media all and (max-width: 767px){.kb-row-layout-id3664_d3b8b7-f2 > .kt-row-column-wrap{grid-template-columns:minmax(0, 1fr);}}<\/style><div class=\"kb-row-layout-wrap kb-row-layout-id3664_d3b8b7-f2 alignfull kt-row-has-bg wp-block-kadence-rowlayout\"><div class=\"kt-row-column-wrap kt-has-1-columns kt-row-layout-equal kt-tab-layout-inherit kt-mobile-layout-row kt-row-valign-top kb-theme-content-width\">\n<style>.kadence-column3664_a58768-23 > .kt-inside-inner-col,.kadence-column3664_a58768-23 > .kt-inside-inner-col:before{border-top-left-radius:0px;border-top-right-radius:0px;border-bottom-right-radius:0px;border-bottom-left-radius:0px;}.kadence-column3664_a58768-23 > .kt-inside-inner-col{column-gap:var(--global-kb-gap-sm, 1rem);}.kadence-column3664_a58768-23 > .kt-inside-inner-col{flex-direction:column;}.kadence-column3664_a58768-23 > .kt-inside-inner-col > .aligncenter{width:100%;}.kadence-column3664_a58768-23 > .kt-inside-inner-col:before{opacity:0.3;}.kadence-column3664_a58768-23{position:relative;}@media all and (max-width: 1024px){.kadence-column3664_a58768-23 > .kt-inside-inner-col{flex-direction:column;justify-content:center;}}@media all and (max-width: 767px){.kadence-column3664_a58768-23 > .kt-inside-inner-col{flex-direction:column;justify-content:center;}}<\/style>\n<div class=\"wp-block-kadence-column kadence-column3664_a58768-23\"><div class=\"kt-inside-inner-col\"><style>.wp-block-kadence-advancedheading.kt-adv-heading3664_d32782-a9, .wp-block-kadence-advancedheading.kt-adv-heading3664_d32782-a9[data-kb-block=\"kb-adv-heading3664_d32782-a9\"]{font-style:normal;}.wp-block-kadence-advancedheading.kt-adv-heading3664_d32782-a9 mark.kt-highlight, .wp-block-kadence-advancedheading.kt-adv-heading3664_d32782-a9[data-kb-block=\"kb-adv-heading3664_d32782-a9\"] mark.kt-highlight{font-style:normal;color:#f76a0c;-webkit-box-decoration-break:clone;box-decoration-break:clone;padding-top:0px;padding-right:0px;padding-bottom:0px;padding-left:0px;}.wp-block-kadence-advancedheading.kt-adv-heading3664_d32782-a9 img.kb-inline-image, .wp-block-kadence-advancedheading.kt-adv-heading3664_d32782-a9[data-kb-block=\"kb-adv-heading3664_d32782-a9\"] img.kb-inline-image{width:150px;vertical-align:baseline;}<\/style>\n<h2 class=\"kt-adv-heading3664_d32782-a9 wp-block-kadence-advancedheading has-theme-palette-9-color has-text-color\" data-kb-block=\"kb-adv-heading3664_d32782-a9\">1.Responsable du traitement<\/h2>\n\n\n<style>.wp-block-kadence-advancedheading.kt-adv-heading3664_1df44e-cc, .wp-block-kadence-advancedheading.kt-adv-heading3664_1df44e-cc[data-kb-block=\"kb-adv-heading3664_1df44e-cc\"]{font-style:normal;}.wp-block-kadence-advancedheading.kt-adv-heading3664_1df44e-cc mark.kt-highlight, .wp-block-kadence-advancedheading.kt-adv-heading3664_1df44e-cc[data-kb-block=\"kb-adv-heading3664_1df44e-cc\"] mark.kt-highlight{font-style:normal;color:#f76a0c;-webkit-box-decoration-break:clone;box-decoration-break:clone;padding-top:0px;padding-right:0px;padding-bottom:0px;padding-left:0px;}.wp-block-kadence-advancedheading.kt-adv-heading3664_1df44e-cc img.kb-inline-image, .wp-block-kadence-advancedheading.kt-adv-heading3664_1df44e-cc[data-kb-block=\"kb-adv-heading3664_1df44e-cc\"] img.kb-inline-image{width:150px;vertical-align:baseline;}<\/style>\n<p class=\"kt-adv-heading3664_1df44e-cc wp-block-kadence-advancedheading has-theme-palette-9-color has-text-color\" data-kb-block=\"kb-adv-heading3664_1df44e-cc\">Le traitement des donn\u00e9es personnelles collect\u00e9es sur le site <strong><a class=\"\" href=\"http:\/\/www.histera.fr\">www.histera.fr<\/a><\/strong> est effectu\u00e9 par :<br><strong>Hist Era<\/strong><br>26 Grande Rue, 25000 Besan\u00e7on, France<br>Email : [adresse de contact]<br><br><\/p>\n\n\n<style>.wp-block-kadence-advancedheading.kt-adv-heading3664_7a6fab-c7, .wp-block-kadence-advancedheading.kt-adv-heading3664_7a6fab-c7[data-kb-block=\"kb-adv-heading3664_7a6fab-c7\"]{font-style:normal;}.wp-block-kadence-advancedheading.kt-adv-heading3664_7a6fab-c7 mark.kt-highlight, .wp-block-kadence-advancedheading.kt-adv-heading3664_7a6fab-c7[data-kb-block=\"kb-adv-heading3664_7a6fab-c7\"] mark.kt-highlight{font-style:normal;color:#f76a0c;-webkit-box-decoration-break:clone;box-decoration-break:clone;padding-top:0px;padding-right:0px;padding-bottom:0px;padding-left:0px;}.wp-block-kadence-advancedheading.kt-adv-heading3664_7a6fab-c7 img.kb-inline-image, .wp-block-kadence-advancedheading.kt-adv-heading3664_7a6fab-c7[data-kb-block=\"kb-adv-heading3664_7a6fab-c7\"] img.kb-inline-image{width:150px;vertical-align:baseline;}<\/style>\n<h2 class=\"kt-adv-heading3664_7a6fab-c7 wp-block-kadence-advancedheading has-theme-palette-9-color has-text-color\" data-kb-block=\"kb-adv-heading3664_7a6fab-c7\">2. Donn\u00e9es collect\u00e9es<br><\/h2>\n\n\n<style>.wp-block-kadence-advancedheading.kt-adv-heading3664_620361-c7, .wp-block-kadence-advancedheading.kt-adv-heading3664_620361-c7[data-kb-block=\"kb-adv-heading3664_620361-c7\"]{font-style:normal;}.wp-block-kadence-advancedheading.kt-adv-heading3664_620361-c7 mark.kt-highlight, .wp-block-kadence-advancedheading.kt-adv-heading3664_620361-c7[data-kb-block=\"kb-adv-heading3664_620361-c7\"] mark.kt-highlight{font-style:normal;color:#f76a0c;-webkit-box-decoration-break:clone;box-decoration-break:clone;padding-top:0px;padding-right:0px;padding-bottom:0px;padding-left:0px;}.wp-block-kadence-advancedheading.kt-adv-heading3664_620361-c7 img.kb-inline-image, .wp-block-kadence-advancedheading.kt-adv-heading3664_620361-c7[data-kb-block=\"kb-adv-heading3664_620361-c7\"] img.kb-inline-image{width:150px;vertical-align:baseline;}<\/style>\n<p class=\"kt-adv-heading3664_620361-c7 wp-block-kadence-advancedheading has-theme-palette-9-color has-text-color\" data-kb-block=\"kb-adv-heading3664_620361-c7\">Les donn\u00e9es suivantes peuvent \u00eatre collect\u00e9es lors de votre utilisation du site :<br>Donn\u00e9es d\u2019identification : nom, pr\u00e9nom, email, t\u00e9l\u00e9phone (lors des r\u00e9servations ou via le formulaire de contact)<br>Donn\u00e9es de connexion et de navigation : adresse IP, type de navigateur, pages consult\u00e9es, via des cookies<br>Donn\u00e9es de r\u00e9servation : date, heure, type d\u2019aventure r\u00e9serv\u00e9e<br>3. Finalit\u00e9s du traitement<br>]<\/p>\n\n\n<style>.wp-block-kadence-advancedheading.kt-adv-heading3664_7beeca-09, .wp-block-kadence-advancedheading.kt-adv-heading3664_7beeca-09[data-kb-block=\"kb-adv-heading3664_7beeca-09\"]{font-style:normal;}.wp-block-kadence-advancedheading.kt-adv-heading3664_7beeca-09 mark.kt-highlight, .wp-block-kadence-advancedheading.kt-adv-heading3664_7beeca-09[data-kb-block=\"kb-adv-heading3664_7beeca-09\"] mark.kt-highlight{font-style:normal;color:#f76a0c;-webkit-box-decoration-break:clone;box-decoration-break:clone;padding-top:0px;padding-right:0px;padding-bottom:0px;padding-left:0px;}.wp-block-kadence-advancedheading.kt-adv-heading3664_7beeca-09 img.kb-inline-image, .wp-block-kadence-advancedheading.kt-adv-heading3664_7beeca-09[data-kb-block=\"kb-adv-heading3664_7beeca-09\"] img.kb-inline-image{width:150px;vertical-align:baseline;}<\/style>\n<h2 class=\"kt-adv-heading3664_7beeca-09 wp-block-kadence-advancedheading has-theme-palette-9-color has-text-color\" data-kb-block=\"kb-adv-heading3664_7beeca-09\">3. Finalit\u00e9s du traitement<br><\/h2>\n\n\n<style>.wp-block-kadence-advancedheading.kt-adv-heading3664_d19ced-de, .wp-block-kadence-advancedheading.kt-adv-heading3664_d19ced-de[data-kb-block=\"kb-adv-heading3664_d19ced-de\"]{font-style:normal;}.wp-block-kadence-advancedheading.kt-adv-heading3664_d19ced-de mark.kt-highlight, .wp-block-kadence-advancedheading.kt-adv-heading3664_d19ced-de[data-kb-block=\"kb-adv-heading3664_d19ced-de\"] mark.kt-highlight{font-style:normal;color:#f76a0c;-webkit-box-decoration-break:clone;box-decoration-break:clone;padding-top:0px;padding-right:0px;padding-bottom:0px;padding-left:0px;}.wp-block-kadence-advancedheading.kt-adv-heading3664_d19ced-de img.kb-inline-image, .wp-block-kadence-advancedheading.kt-adv-heading3664_d19ced-de[data-kb-block=\"kb-adv-heading3664_d19ced-de\"] img.kb-inline-image{width:150px;vertical-align:baseline;}<\/style>\n<p class=\"kt-adv-heading3664_d19ced-de wp-block-kadence-advancedheading has-theme-palette-9-color has-text-color\" data-kb-block=\"kb-adv-heading3664_d19ced-de\">Les donn\u00e9es sont utilis\u00e9es pour :<br>G\u00e9rer les <strong>r\u00e9servations<\/strong> et assurer le bon d\u00e9roulement des prestations<br>R\u00e9pondre aux <strong>demandes via le formulaire de contact<\/strong><br>Envoyer des <strong>informations relatives aux \u00e9v\u00e9nements ou nouveaut\u00e9s<\/strong> (si consentement explicite)<br>Mesurer l\u2019<strong>audience du site<\/strong> pour am\u00e9liorer les contenus<\/p>\n\n\n<style>.wp-block-kadence-advancedheading.kt-adv-heading3664_66cf5d-c6, .wp-block-kadence-advancedheading.kt-adv-heading3664_66cf5d-c6[data-kb-block=\"kb-adv-heading3664_66cf5d-c6\"]{font-style:normal;}.wp-block-kadence-advancedheading.kt-adv-heading3664_66cf5d-c6 mark.kt-highlight, .wp-block-kadence-advancedheading.kt-adv-heading3664_66cf5d-c6[data-kb-block=\"kb-adv-heading3664_66cf5d-c6\"] mark.kt-highlight{font-style:normal;color:#f76a0c;-webkit-box-decoration-break:clone;box-decoration-break:clone;padding-top:0px;padding-right:0px;padding-bottom:0px;padding-left:0px;}.wp-block-kadence-advancedheading.kt-adv-heading3664_66cf5d-c6 img.kb-inline-image, .wp-block-kadence-advancedheading.kt-adv-heading3664_66cf5d-c6[data-kb-block=\"kb-adv-heading3664_66cf5d-c6\"] img.kb-inline-image{width:150px;vertical-align:baseline;}<\/style>\n<h2 class=\"kt-adv-heading3664_66cf5d-c6 wp-block-kadence-advancedheading has-theme-palette-9-color has-text-color\" data-kb-block=\"kb-adv-heading3664_66cf5d-c6\">4. Base l\u00e9gale du traitement<br><\/h2>\n\n\n<style>.wp-block-kadence-advancedheading.kt-adv-heading3664_0f7f7b-4b, .wp-block-kadence-advancedheading.kt-adv-heading3664_0f7f7b-4b[data-kb-block=\"kb-adv-heading3664_0f7f7b-4b\"]{font-style:normal;}.wp-block-kadence-advancedheading.kt-adv-heading3664_0f7f7b-4b mark.kt-highlight, .wp-block-kadence-advancedheading.kt-adv-heading3664_0f7f7b-4b[data-kb-block=\"kb-adv-heading3664_0f7f7b-4b\"] mark.kt-highlight{font-style:normal;color:#f76a0c;-webkit-box-decoration-break:clone;box-decoration-break:clone;padding-top:0px;padding-right:0px;padding-bottom:0px;padding-left:0px;}.wp-block-kadence-advancedheading.kt-adv-heading3664_0f7f7b-4b img.kb-inline-image, .wp-block-kadence-advancedheading.kt-adv-heading3664_0f7f7b-4b[data-kb-block=\"kb-adv-heading3664_0f7f7b-4b\"] img.kb-inline-image{width:150px;vertical-align:baseline;}<\/style>\n<p class=\"kt-adv-heading3664_0f7f7b-4b wp-block-kadence-advancedheading has-theme-palette-9-color has-text-color\" data-kb-block=\"kb-adv-heading3664_0f7f7b-4b\">Conform\u00e9ment au <strong>RGPD<\/strong>, les traitements sont fond\u00e9s sur :<br>Votre <strong>consentement<\/strong> (formulaires, cookies)<br>L\u2019<strong>ex\u00e9cution d\u2019un contrat<\/strong> (r\u00e9servation)<br>L\u2019<strong>int\u00e9r\u00eat l\u00e9gitime<\/strong> d\u2019Hist Era \u00e0 am\u00e9liorer ses service<\/p>\n\n\n<style>.wp-block-kadence-advancedheading.kt-adv-heading3664_dea85e-f5, .wp-block-kadence-advancedheading.kt-adv-heading3664_dea85e-f5[data-kb-block=\"kb-adv-heading3664_dea85e-f5\"]{font-style:normal;}.wp-block-kadence-advancedheading.kt-adv-heading3664_dea85e-f5 mark.kt-highlight, .wp-block-kadence-advancedheading.kt-adv-heading3664_dea85e-f5[data-kb-block=\"kb-adv-heading3664_dea85e-f5\"] mark.kt-highlight{font-style:normal;color:#f76a0c;-webkit-box-decoration-break:clone;box-decoration-break:clone;padding-top:0px;padding-right:0px;padding-bottom:0px;padding-left:0px;}.wp-block-kadence-advancedheading.kt-adv-heading3664_dea85e-f5 img.kb-inline-image, .wp-block-kadence-advancedheading.kt-adv-heading3664_dea85e-f5[data-kb-block=\"kb-adv-heading3664_dea85e-f5\"] img.kb-inline-image{width:150px;vertical-align:baseline;}<\/style>\n<h2 class=\"kt-adv-heading3664_dea85e-f5 wp-block-kadence-advancedheading has-theme-palette-9-color has-text-color\" data-kb-block=\"kb-adv-heading3664_dea85e-f5\">5. Dur\u00e9e de conservation<br><\/h2>\n\n\n<style>.wp-block-kadence-advancedheading.kt-adv-heading3664_40f980-d9, .wp-block-kadence-advancedheading.kt-adv-heading3664_40f980-d9[data-kb-block=\"kb-adv-heading3664_40f980-d9\"]{font-style:normal;}.wp-block-kadence-advancedheading.kt-adv-heading3664_40f980-d9 mark.kt-highlight, .wp-block-kadence-advancedheading.kt-adv-heading3664_40f980-d9[data-kb-block=\"kb-adv-heading3664_40f980-d9\"] mark.kt-highlight{font-style:normal;color:#f76a0c;-webkit-box-decoration-break:clone;box-decoration-break:clone;padding-top:0px;padding-right:0px;padding-bottom:0px;padding-left:0px;}.wp-block-kadence-advancedheading.kt-adv-heading3664_40f980-d9 img.kb-inline-image, .wp-block-kadence-advancedheading.kt-adv-heading3664_40f980-d9[data-kb-block=\"kb-adv-heading3664_40f980-d9\"] img.kb-inline-image{width:150px;vertical-align:baseline;}<\/style>\n<p class=\"kt-adv-heading3664_40f980-d9 wp-block-kadence-advancedheading has-theme-palette-9-color has-text-color\" data-kb-block=\"kb-adv-heading3664_40f980-d9\">Les donn\u00e9es sont conserv\u00e9es :<br>3 ans apr\u00e8s le dernier contact pour les donn\u00e9es marketing<br>6 ans \u00e0 des fins comptables pour les donn\u00e9es de r\u00e9servation<br>13 mois pour les cookies statistiques<\/p>\n\n\n<style>.wp-block-kadence-advancedheading.kt-adv-heading3664_bd05ab-e2, .wp-block-kadence-advancedheading.kt-adv-heading3664_bd05ab-e2[data-kb-block=\"kb-adv-heading3664_bd05ab-e2\"]{font-style:normal;}.wp-block-kadence-advancedheading.kt-adv-heading3664_bd05ab-e2 mark.kt-highlight, .wp-block-kadence-advancedheading.kt-adv-heading3664_bd05ab-e2[data-kb-block=\"kb-adv-heading3664_bd05ab-e2\"] mark.kt-highlight{font-style:normal;color:#f76a0c;-webkit-box-decoration-break:clone;box-decoration-break:clone;padding-top:0px;padding-right:0px;padding-bottom:0px;padding-left:0px;}.wp-block-kadence-advancedheading.kt-adv-heading3664_bd05ab-e2 img.kb-inline-image, .wp-block-kadence-advancedheading.kt-adv-heading3664_bd05ab-e2[data-kb-block=\"kb-adv-heading3664_bd05ab-e2\"] img.kb-inline-image{width:150px;vertical-align:baseline;}<\/style>\n<h2 class=\"kt-adv-heading3664_bd05ab-e2 wp-block-kadence-advancedheading has-theme-palette-9-color has-text-color\" data-kb-block=\"kb-adv-heading3664_bd05ab-e2\">6. Destinataires des donn\u00e9es<br><\/h2>\n\n\n<style>.wp-block-kadence-advancedheading.kt-adv-heading3664_feb46f-70, .wp-block-kadence-advancedheading.kt-adv-heading3664_feb46f-70[data-kb-block=\"kb-adv-heading3664_feb46f-70\"]{font-style:normal;}.wp-block-kadence-advancedheading.kt-adv-heading3664_feb46f-70 mark.kt-highlight, .wp-block-kadence-advancedheading.kt-adv-heading3664_feb46f-70[data-kb-block=\"kb-adv-heading3664_feb46f-70\"] mark.kt-highlight{font-style:normal;color:#f76a0c;-webkit-box-decoration-break:clone;box-decoration-break:clone;padding-top:0px;padding-right:0px;padding-bottom:0px;padding-left:0px;}.wp-block-kadence-advancedheading.kt-adv-heading3664_feb46f-70 img.kb-inline-image, .wp-block-kadence-advancedheading.kt-adv-heading3664_feb46f-70[data-kb-block=\"kb-adv-heading3664_feb46f-70\"] img.kb-inline-image{width:150px;vertical-align:baseline;}<\/style>\n<p class=\"kt-adv-heading3664_feb46f-70 wp-block-kadence-advancedheading has-theme-palette-9-color has-text-color\" data-kb-block=\"kb-adv-heading3664_feb46f-70\">Les donn\u00e9es sont uniquement utilis\u00e9es par <strong>Hist Era<\/strong> et ne sont jamais vendues \u00e0 des tiers.<br>Elles peuvent \u00eatre stock\u00e9es chez des prestataires techniques (h\u00e9bergeur, outil de billetterie, etc.), soumis \u00e0 des obligations de confidentialit\u00e9.<\/p>\n\n\n<style>.wp-block-kadence-advancedheading.kt-adv-heading3664_9c7895-14, .wp-block-kadence-advancedheading.kt-adv-heading3664_9c7895-14[data-kb-block=\"kb-adv-heading3664_9c7895-14\"]{font-style:normal;}.wp-block-kadence-advancedheading.kt-adv-heading3664_9c7895-14 mark.kt-highlight, .wp-block-kadence-advancedheading.kt-adv-heading3664_9c7895-14[data-kb-block=\"kb-adv-heading3664_9c7895-14\"] mark.kt-highlight{font-style:normal;color:#f76a0c;-webkit-box-decoration-break:clone;box-decoration-break:clone;padding-top:0px;padding-right:0px;padding-bottom:0px;padding-left:0px;}.wp-block-kadence-advancedheading.kt-adv-heading3664_9c7895-14 img.kb-inline-image, .wp-block-kadence-advancedheading.kt-adv-heading3664_9c7895-14[data-kb-block=\"kb-adv-heading3664_9c7895-14\"] img.kb-inline-image{width:150px;vertical-align:baseline;}<\/style>\n<h2 class=\"kt-adv-heading3664_9c7895-14 wp-block-kadence-advancedheading has-theme-palette-9-color has-text-color\" data-kb-block=\"kb-adv-heading3664_9c7895-14\">7. Vos droits<br><\/h2>\n\n\n<style>.wp-block-kadence-advancedheading.kt-adv-heading3664_eb186a-19, .wp-block-kadence-advancedheading.kt-adv-heading3664_eb186a-19[data-kb-block=\"kb-adv-heading3664_eb186a-19\"]{font-style:normal;}.wp-block-kadence-advancedheading.kt-adv-heading3664_eb186a-19 mark.kt-highlight, .wp-block-kadence-advancedheading.kt-adv-heading3664_eb186a-19[data-kb-block=\"kb-adv-heading3664_eb186a-19\"] mark.kt-highlight{font-style:normal;color:#f76a0c;-webkit-box-decoration-break:clone;box-decoration-break:clone;padding-top:0px;padding-right:0px;padding-bottom:0px;padding-left:0px;}.wp-block-kadence-advancedheading.kt-adv-heading3664_eb186a-19 img.kb-inline-image, .wp-block-kadence-advancedheading.kt-adv-heading3664_eb186a-19[data-kb-block=\"kb-adv-heading3664_eb186a-19\"] img.kb-inline-image{width:150px;vertical-align:baseline;}<\/style>\n<p class=\"kt-adv-heading3664_eb186a-19 wp-block-kadence-advancedheading has-theme-palette-9-color has-text-color\" data-kb-block=\"kb-adv-heading3664_eb186a-19\">Conform\u00e9ment au <strong>RGPD<\/strong>, vous disposez des droits suivants :<br>Droit d\u2019acc\u00e8s, de rectification, d\u2019effacement<br>Droit \u00e0 la limitation ou \u00e0 l\u2019opposition au traitement<br>Droit \u00e0 la portabilit\u00e9 des donn\u00e9es<br>Droit de retirer votre consentement \u00e0 tout moment<br>Pour exercer ces droits, contactez-nous \u00e0 : [email]<br>Si vous estimez que vos droits ne sont pas respect\u00e9s, vous pouvez adresser une r\u00e9clamation \u00e0 la <strong>CNIL<\/strong> : <a class=\"\" href=\"http:\/\/www.cnil.fr\">www.cnil.fr<\/a><\/p>\n\n\n<style>.wp-block-kadence-advancedheading.kt-adv-heading3664_945373-01, .wp-block-kadence-advancedheading.kt-adv-heading3664_945373-01[data-kb-block=\"kb-adv-heading3664_945373-01\"]{font-style:normal;}.wp-block-kadence-advancedheading.kt-adv-heading3664_945373-01 mark.kt-highlight, .wp-block-kadence-advancedheading.kt-adv-heading3664_945373-01[data-kb-block=\"kb-adv-heading3664_945373-01\"] mark.kt-highlight{font-style:normal;color:#f76a0c;-webkit-box-decoration-break:clone;box-decoration-break:clone;padding-top:0px;padding-right:0px;padding-bottom:0px;padding-left:0px;}.wp-block-kadence-advancedheading.kt-adv-heading3664_945373-01 img.kb-inline-image, .wp-block-kadence-advancedheading.kt-adv-heading3664_945373-01[data-kb-block=\"kb-adv-heading3664_945373-01\"] img.kb-inline-image{width:150px;vertical-align:baseline;}<\/style>\n<h2 class=\"kt-adv-heading3664_945373-01 wp-block-kadence-advancedheading has-theme-palette-9-color has-text-color\" data-kb-block=\"kb-adv-heading3664_945373-01\">8. Cookies<br><\/h2>\n\n\n<style>.wp-block-kadence-advancedheading.kt-adv-heading3664_00150d-9f, .wp-block-kadence-advancedheading.kt-adv-heading3664_00150d-9f[data-kb-block=\"kb-adv-heading3664_00150d-9f\"]{font-style:normal;}.wp-block-kadence-advancedheading.kt-adv-heading3664_00150d-9f mark.kt-highlight, .wp-block-kadence-advancedheading.kt-adv-heading3664_00150d-9f[data-kb-block=\"kb-adv-heading3664_00150d-9f\"] mark.kt-highlight{font-style:normal;color:#f76a0c;-webkit-box-decoration-break:clone;box-decoration-break:clone;padding-top:0px;padding-right:0px;padding-bottom:0px;padding-left:0px;}.wp-block-kadence-advancedheading.kt-adv-heading3664_00150d-9f img.kb-inline-image, .wp-block-kadence-advancedheading.kt-adv-heading3664_00150d-9f[data-kb-block=\"kb-adv-heading3664_00150d-9f\"] img.kb-inline-image{width:150px;vertical-align:baseline;}<\/style>\n<p class=\"kt-adv-heading3664_00150d-9f wp-block-kadence-advancedheading has-theme-palette-9-color has-text-color\" data-kb-block=\"kb-adv-heading3664_00150d-9f\">Le site utilise des cookies pour am\u00e9liorer la navigation et r\u00e9aliser des mesures d\u2019audience.<br>Lors de votre premi\u00e8re visite, vous pouvez accepter ou refuser les cookies non essentiels via un bandeau d\u00e9di\u00e9.<br>Vous pouvez \u00e0 tout moment modifier vos pr\u00e9f\u00e9rences dans les param\u00e8tres de votre navigateur.<\/p>\n<\/div><\/div>\n\n<\/div><\/div>\n\n\n<p><\/p>\n","protected":false},"excerpt":{"rendered":"<p>POLITIQUE DE CONFIDENTIALIT\u00c9 1.Responsable du traitement Le traitement des donn\u00e9es personnelles collect\u00e9es sur le site www.histera.fr est effectu\u00e9 par :Hist Era26 Grande Rue, 25000 Besan\u00e7on, FranceEmail : [adresse de contact] 2. Donn\u00e9es collect\u00e9es Les donn\u00e9es suivantes peuvent \u00eatre collect\u00e9es lors de votre utilisation du site :Donn\u00e9es d\u2019identification : nom, pr\u00e9nom, email, t\u00e9l\u00e9phone (lors des r\u00e9servations&#8230;<\/p>\n","protected":false},"author":1,"featured_media":0,"parent":0,"menu_order":0,"comment_status":"closed","ping_status":"closed","template":"","meta":{"_kad_post_transparent":"","_kad_post_title":"","_kad_post_layout":"","_kad_post_sidebar_id":"","_kad_post_content_style":"","_kad_post_vertical_padding":"","_kad_post_feature":"","_kad_post_feature_position":"","_kad_post_header":false,"_kad_post_footer":false,"footnotes":""},"class_list":["post-3664","page","type-page","status-publish","hentry"],"aioseo_notices":[],"_links":{"self":[{"href":"https:\/\/formagraph-exercice.fr\/histera\/wp-json\/wp\/v2\/pages\/3664","targetHints":{"allow":["GET"]}}],"collection":[{"href":"https:\/\/formagraph-exercice.fr\/histera\/wp-json\/wp\/v2\/pages"}],"about":[{"href":"https:\/\/formagraph-exercice.fr\/histera\/wp-json\/wp\/v2\/types\/page"}],"author":[{"embeddable":true,"href":"https:\/\/formagraph-exercice.fr\/histera\/wp-json\/wp\/v2\/users\/1"}],"replies":[{"embeddable":true,"href":"https:\/\/formagraph-exercice.fr\/histera\/wp-json\/wp\/v2\/comments?post=3664"}],"version-history":[{"count":2,"href":"https:\/\/formagraph-exercice.fr\/histera\/wp-json\/wp\/v2\/pages\/3664\/revisions"}],"predecessor-version":[{"id":3672,"href":"https:\/\/formagraph-exercice.fr\/histera\/wp-json\/wp\/v2\/pages\/3664\/revisions\/3672"}],"wp:attachment":[{"href":"https:\/\/formagraph-exercice.fr\/histera\/wp-json\/wp\/v2\/media?parent=3664"}],"curies":[{"name":"wp","href":"https:\/\/api.w.org\/{rel}","templated":true}]}}