{"id":3658,"date":"2025-06-14T15:40:50","date_gmt":"2025-06-14T13:40:50","guid":{"rendered":"http:\/\/hist-era.local\/?page_id=3658"},"modified":"2025-06-14T16:09:23","modified_gmt":"2025-06-14T14:09:23","slug":"mentions-legales","status":"publish","type":"page","link":"https:\/\/formagraph-exercice.fr\/histera\/mentions-legales\/","title":{"rendered":"Mentions l\u00e9gales"},"content":{"rendered":"<style>.kb-row-layout-id3658_ff5abd-e4 > .kt-row-column-wrap{align-content:start;}:where(.kb-row-layout-id3658_ff5abd-e4 > .kt-row-column-wrap) > .wp-block-kadence-column{justify-content:start;}.kb-row-layout-id3658_ff5abd-e4 > .kt-row-column-wrap{column-gap:var(--global-kb-gap-md, 2rem);row-gap:var(--global-kb-gap-md, 2rem);max-width:var( --global-content-width, 1290px );padding-left:var(--global-content-edge-padding);padding-right:var(--global-content-edge-padding);padding-top:var(--global-kb-spacing-sm, 1.5rem);padding-bottom:var(--global-kb-spacing-xs, 1rem);grid-template-columns:minmax(0, 1fr);}.kb-row-layout-id3658_ff5abd-e4{background-color:#0d0d19;}.kb-row-layout-id3658_ff5abd-e4 > .kt-row-layout-overlay{opacity:0.30;}@media all and (max-width: 1024px){.kb-row-layout-id3658_ff5abd-e4 > .kt-row-column-wrap{grid-template-columns:minmax(0, 1fr);}}@media all and (max-width: 767px){.kb-row-layout-id3658_ff5abd-e4 > .kt-row-column-wrap{grid-template-columns:minmax(0, 1fr);}}<\/style><div class=\"kb-row-layout-wrap kb-row-layout-id3658_ff5abd-e4 alignfull kt-row-has-bg wp-block-kadence-rowlayout\"><div class=\"kt-row-column-wrap kt-has-1-columns kt-row-layout-equal kt-tab-layout-inherit kt-mobile-layout-row kt-row-valign-top kb-theme-content-width\">\n<style>.kadence-column3658_8c4b8d-a5 > .kt-inside-inner-col,.kadence-column3658_8c4b8d-a5 > .kt-inside-inner-col:before{border-top-left-radius:0px;border-top-right-radius:0px;border-bottom-right-radius:0px;border-bottom-left-radius:0px;}.kadence-column3658_8c4b8d-a5 > .kt-inside-inner-col{column-gap:var(--global-kb-gap-sm, 1rem);}.kadence-column3658_8c4b8d-a5 > .kt-inside-inner-col{flex-direction:column;}.kadence-column3658_8c4b8d-a5 > .kt-inside-inner-col > .aligncenter{width:100%;}.kadence-column3658_8c4b8d-a5 > .kt-inside-inner-col:before{opacity:0.3;}.kadence-column3658_8c4b8d-a5{position:relative;}@media all and (max-width: 1024px){.kadence-column3658_8c4b8d-a5 > .kt-inside-inner-col{flex-direction:column;justify-content:center;}}@media all and (max-width: 767px){.kadence-column3658_8c4b8d-a5 > .kt-inside-inner-col{flex-direction:column;justify-content:center;}}<\/style>\n<div class=\"wp-block-kadence-column kadence-column3658_8c4b8d-a5\"><div class=\"kt-inside-inner-col\"><style>.wp-block-kadence-advancedheading.kt-adv-heading3658_cd4af1-ee, .wp-block-kadence-advancedheading.kt-adv-heading3658_cd4af1-ee[data-kb-block=\"kb-adv-heading3658_cd4af1-ee\"]{text-align:center;font-style:normal;}.wp-block-kadence-advancedheading.kt-adv-heading3658_cd4af1-ee mark.kt-highlight, .wp-block-kadence-advancedheading.kt-adv-heading3658_cd4af1-ee[data-kb-block=\"kb-adv-heading3658_cd4af1-ee\"] mark.kt-highlight{font-style:normal;color:#f76a0c;-webkit-box-decoration-break:clone;box-decoration-break:clone;padding-top:0px;padding-right:0px;padding-bottom:0px;padding-left:0px;}.wp-block-kadence-advancedheading.kt-adv-heading3658_cd4af1-ee img.kb-inline-image, .wp-block-kadence-advancedheading.kt-adv-heading3658_cd4af1-ee[data-kb-block=\"kb-adv-heading3658_cd4af1-ee\"] img.kb-inline-image{width:150px;vertical-align:baseline;}<\/style>\n<h1 class=\"kt-adv-heading3658_cd4af1-ee wp-block-kadence-advancedheading\" data-kb-block=\"kb-adv-heading3658_cd4af1-ee\">MENTIONS L\u00c9GALES<\/h1>\n<\/div><\/div>\n\n<\/div><\/div>\n\n<style>.kb-row-layout-id3658_dcbee8-1e > .kt-row-column-wrap{align-content:start;}:where(.kb-row-layout-id3658_dcbee8-1e > .kt-row-column-wrap) > .wp-block-kadence-column{justify-content:start;}.kb-row-layout-id3658_dcbee8-1e > .kt-row-column-wrap{column-gap:var(--global-kb-gap-md, 2rem);row-gap:var(--global-kb-gap-md, 2rem);max-width:var( --global-content-width, 1290px );padding-left:var(--global-content-edge-padding);padding-right:var(--global-content-edge-padding);padding-top:var(--global-kb-spacing-sm, 1.5rem);padding-bottom:var(--global-kb-spacing-sm, 1.5rem);grid-template-columns:minmax(0, 1fr);}.kb-row-layout-id3658_dcbee8-1e{background-color:#0d0d19;}.kb-row-layout-id3658_dcbee8-1e > .kt-row-layout-overlay{opacity:0.30;}@media all and (max-width: 1024px){.kb-row-layout-id3658_dcbee8-1e > .kt-row-column-wrap{grid-template-columns:minmax(0, 1fr);}}@media all and (max-width: 767px){.kb-row-layout-id3658_dcbee8-1e > .kt-row-column-wrap{grid-template-columns:minmax(0, 1fr);}}<\/style><div class=\"kb-row-layout-wrap kb-row-layout-id3658_dcbee8-1e alignfull kt-row-has-bg wp-block-kadence-rowlayout\"><div class=\"kt-row-column-wrap kt-has-1-columns kt-row-layout-equal kt-tab-layout-inherit kt-mobile-layout-row kt-row-valign-top kb-theme-content-width\">\n<style>.kadence-column3658_8ee080-4a > .kt-inside-inner-col,.kadence-column3658_8ee080-4a > .kt-inside-inner-col:before{border-top-left-radius:0px;border-top-right-radius:0px;border-bottom-right-radius:0px;border-bottom-left-radius:0px;}.kadence-column3658_8ee080-4a > .kt-inside-inner-col{column-gap:var(--global-kb-gap-sm, 1rem);}.kadence-column3658_8ee080-4a > .kt-inside-inner-col{flex-direction:column;}.kadence-column3658_8ee080-4a > .kt-inside-inner-col > .aligncenter{width:100%;}.kadence-column3658_8ee080-4a > .kt-inside-inner-col:before{opacity:0.3;}.kadence-column3658_8ee080-4a{position:relative;}@media all and (max-width: 1024px){.kadence-column3658_8ee080-4a > .kt-inside-inner-col{flex-direction:column;justify-content:center;}}@media all and (max-width: 767px){.kadence-column3658_8ee080-4a > .kt-inside-inner-col{flex-direction:column;justify-content:center;}}<\/style>\n<div class=\"wp-block-kadence-column kadence-column3658_8ee080-4a\"><div class=\"kt-inside-inner-col\"><style>.wp-block-kadence-advancedheading.kt-adv-heading3658_3579ff-03, .wp-block-kadence-advancedheading.kt-adv-heading3658_3579ff-03[data-kb-block=\"kb-adv-heading3658_3579ff-03\"]{font-style:normal;}.wp-block-kadence-advancedheading.kt-adv-heading3658_3579ff-03 mark.kt-highlight, .wp-block-kadence-advancedheading.kt-adv-heading3658_3579ff-03[data-kb-block=\"kb-adv-heading3658_3579ff-03\"] mark.kt-highlight{font-style:normal;color:#f76a0c;-webkit-box-decoration-break:clone;box-decoration-break:clone;padding-top:0px;padding-right:0px;padding-bottom:0px;padding-left:0px;}.wp-block-kadence-advancedheading.kt-adv-heading3658_3579ff-03 img.kb-inline-image, .wp-block-kadence-advancedheading.kt-adv-heading3658_3579ff-03[data-kb-block=\"kb-adv-heading3658_3579ff-03\"] img.kb-inline-image{width:150px;vertical-align:baseline;}<\/style>\n<h2 class=\"kt-adv-heading3658_3579ff-03 wp-block-kadence-advancedheading has-theme-palette-9-color has-text-color\" data-kb-block=\"kb-adv-heading3658_3579ff-03\">Editeur du site : <\/h2>\n\n\n<style>.wp-block-kadence-advancedheading.kt-adv-heading3658_d8b073-d9, .wp-block-kadence-advancedheading.kt-adv-heading3658_d8b073-d9[data-kb-block=\"kb-adv-heading3658_d8b073-d9\"]{font-style:normal;}.wp-block-kadence-advancedheading.kt-adv-heading3658_d8b073-d9 mark.kt-highlight, .wp-block-kadence-advancedheading.kt-adv-heading3658_d8b073-d9[data-kb-block=\"kb-adv-heading3658_d8b073-d9\"] mark.kt-highlight{font-style:normal;color:#f76a0c;-webkit-box-decoration-break:clone;box-decoration-break:clone;padding-top:0px;padding-right:0px;padding-bottom:0px;padding-left:0px;}.wp-block-kadence-advancedheading.kt-adv-heading3658_d8b073-d9 img.kb-inline-image, .wp-block-kadence-advancedheading.kt-adv-heading3658_d8b073-d9[data-kb-block=\"kb-adv-heading3658_d8b073-d9\"] img.kb-inline-image{width:150px;vertical-align:baseline;}<\/style>\n<p class=\"kt-adv-heading3658_d8b073-d9 wp-block-kadence-advancedheading has-theme-palette-9-color has-text-color\" data-kb-block=\"kb-adv-heading3658_d8b073-d9\">Le pr\u00e9sent site est \u00e9dit\u00e9 par :<br><strong>Hist Era<\/strong><br>[Forme juridique \u00e0 compl\u00e9ter \u2013 ex : SAS, auto-entreprise, association]<br>Si\u00e8ge social : <strong>26 Grande Rue, 25000 Besan\u00e7on, France<\/strong><br>SIRET : [\u00e0 compl\u00e9ter]<br>Responsable de la publication : [Nom, Pr\u00e9nom du dirigeant ou repr\u00e9sentant l\u00e9gal]<br>Email : [adresse de contact officielle]<br><br><\/p>\n\n\n<style>.wp-block-kadence-advancedheading.kt-adv-heading3658_fb4950-8c, .wp-block-kadence-advancedheading.kt-adv-heading3658_fb4950-8c[data-kb-block=\"kb-adv-heading3658_fb4950-8c\"]{font-style:normal;}.wp-block-kadence-advancedheading.kt-adv-heading3658_fb4950-8c mark.kt-highlight, .wp-block-kadence-advancedheading.kt-adv-heading3658_fb4950-8c[data-kb-block=\"kb-adv-heading3658_fb4950-8c\"] mark.kt-highlight{font-style:normal;color:#f76a0c;-webkit-box-decoration-break:clone;box-decoration-break:clone;padding-top:0px;padding-right:0px;padding-bottom:0px;padding-left:0px;}.wp-block-kadence-advancedheading.kt-adv-heading3658_fb4950-8c img.kb-inline-image, .wp-block-kadence-advancedheading.kt-adv-heading3658_fb4950-8c[data-kb-block=\"kb-adv-heading3658_fb4950-8c\"] img.kb-inline-image{width:150px;vertical-align:baseline;}<\/style>\n<h2 class=\"kt-adv-heading3658_fb4950-8c wp-block-kadence-advancedheading has-theme-palette-9-color has-text-color\" data-kb-block=\"kb-adv-heading3658_fb4950-8c\">H\u00e9bergeur du site : <\/h2>\n\n\n<style>.wp-block-kadence-advancedheading.kt-adv-heading3658_e789a5-d8, .wp-block-kadence-advancedheading.kt-adv-heading3658_e789a5-d8[data-kb-block=\"kb-adv-heading3658_e789a5-d8\"]{font-style:normal;}.wp-block-kadence-advancedheading.kt-adv-heading3658_e789a5-d8 mark.kt-highlight, .wp-block-kadence-advancedheading.kt-adv-heading3658_e789a5-d8[data-kb-block=\"kb-adv-heading3658_e789a5-d8\"] mark.kt-highlight{font-style:normal;color:#f76a0c;-webkit-box-decoration-break:clone;box-decoration-break:clone;padding-top:0px;padding-right:0px;padding-bottom:0px;padding-left:0px;}.wp-block-kadence-advancedheading.kt-adv-heading3658_e789a5-d8 img.kb-inline-image, .wp-block-kadence-advancedheading.kt-adv-heading3658_e789a5-d8[data-kb-block=\"kb-adv-heading3658_e789a5-d8\"] img.kb-inline-image{width:150px;vertical-align:baseline;}<\/style>\n<p class=\"kt-adv-heading3658_e789a5-d8 wp-block-kadence-advancedheading has-theme-palette-9-color has-text-color\" data-kb-block=\"kb-adv-heading3658_e789a5-d8\">H\u00e9bergeur du site<br>Le site est h\u00e9berg\u00e9 par :<br><strong>[Nom de l\u2019h\u00e9bergeur \u2013 ex : o2switch, OVH, etc.]<\/strong><br>Adresse : [adresse compl\u00e8te de l\u2019h\u00e9bergeur]<br>T\u00e9l\u00e9phone : [num\u00e9ro de l\u2019h\u00e9bergeur]<br>Site : [URL de l\u2019h\u00e9bergeur]<\/p>\n\n\n<style>.wp-block-kadence-advancedheading.kt-adv-heading3658_e4c372-87, .wp-block-kadence-advancedheading.kt-adv-heading3658_e4c372-87[data-kb-block=\"kb-adv-heading3658_e4c372-87\"]{font-style:normal;}.wp-block-kadence-advancedheading.kt-adv-heading3658_e4c372-87 mark.kt-highlight, .wp-block-kadence-advancedheading.kt-adv-heading3658_e4c372-87[data-kb-block=\"kb-adv-heading3658_e4c372-87\"] mark.kt-highlight{font-style:normal;color:#f76a0c;-webkit-box-decoration-break:clone;box-decoration-break:clone;padding-top:0px;padding-right:0px;padding-bottom:0px;padding-left:0px;}.wp-block-kadence-advancedheading.kt-adv-heading3658_e4c372-87 img.kb-inline-image, .wp-block-kadence-advancedheading.kt-adv-heading3658_e4c372-87[data-kb-block=\"kb-adv-heading3658_e4c372-87\"] img.kb-inline-image{width:150px;vertical-align:baseline;}<\/style>\n<h2 class=\"kt-adv-heading3658_e4c372-87 wp-block-kadence-advancedheading has-theme-palette-9-color has-text-color\" data-kb-block=\"kb-adv-heading3658_e4c372-87\">Activit\u00e9 du site : <\/h2>\n\n\n<style>.wp-block-kadence-advancedheading.kt-adv-heading3658_0a461c-dc, .wp-block-kadence-advancedheading.kt-adv-heading3658_0a461c-dc[data-kb-block=\"kb-adv-heading3658_0a461c-dc\"]{font-style:normal;}.wp-block-kadence-advancedheading.kt-adv-heading3658_0a461c-dc mark.kt-highlight, .wp-block-kadence-advancedheading.kt-adv-heading3658_0a461c-dc[data-kb-block=\"kb-adv-heading3658_0a461c-dc\"] mark.kt-highlight{font-style:normal;color:#f76a0c;-webkit-box-decoration-break:clone;box-decoration-break:clone;padding-top:0px;padding-right:0px;padding-bottom:0px;padding-left:0px;}.wp-block-kadence-advancedheading.kt-adv-heading3658_0a461c-dc img.kb-inline-image, .wp-block-kadence-advancedheading.kt-adv-heading3658_0a461c-dc[data-kb-block=\"kb-adv-heading3658_0a461c-dc\"] img.kb-inline-image{width:150px;vertical-align:baseline;}<\/style>\n<p class=\"kt-adv-heading3658_0a461c-dc wp-block-kadence-advancedheading has-theme-palette-9-color has-text-color\" data-kb-block=\"kb-adv-heading3658_0a461c-dc\">Le site <strong>histera.fr<\/strong> pr\u00e9sente les activit\u00e9s de <strong>Hist Era<\/strong>, un studio de cr\u00e9ation d\u2019aventures immersives en r\u00e9alit\u00e9 virtuelle autour de l\u2019Histoire, \u00e0 destination des mus\u00e9es, \u00e9tablissements scolaires et du grand public.<\/p>\n\n\n<style>.wp-block-kadence-advancedheading.kt-adv-heading3658_4e08ac-24, .wp-block-kadence-advancedheading.kt-adv-heading3658_4e08ac-24[data-kb-block=\"kb-adv-heading3658_4e08ac-24\"]{font-style:normal;}.wp-block-kadence-advancedheading.kt-adv-heading3658_4e08ac-24 mark.kt-highlight, .wp-block-kadence-advancedheading.kt-adv-heading3658_4e08ac-24[data-kb-block=\"kb-adv-heading3658_4e08ac-24\"] mark.kt-highlight{font-style:normal;color:#f76a0c;-webkit-box-decoration-break:clone;box-decoration-break:clone;padding-top:0px;padding-right:0px;padding-bottom:0px;padding-left:0px;}.wp-block-kadence-advancedheading.kt-adv-heading3658_4e08ac-24 img.kb-inline-image, .wp-block-kadence-advancedheading.kt-adv-heading3658_4e08ac-24[data-kb-block=\"kb-adv-heading3658_4e08ac-24\"] img.kb-inline-image{width:150px;vertical-align:baseline;}<\/style>\n<h2 class=\"kt-adv-heading3658_4e08ac-24 wp-block-kadence-advancedheading has-theme-palette-9-color has-text-color\" data-kb-block=\"kb-adv-heading3658_4e08ac-24\">Propri\u00e9t\u00e9 intellectuelle<br><\/h2>\n\n\n<style>.wp-block-kadence-advancedheading.kt-adv-heading3658_1db2ee-4c, .wp-block-kadence-advancedheading.kt-adv-heading3658_1db2ee-4c[data-kb-block=\"kb-adv-heading3658_1db2ee-4c\"]{font-style:normal;}.wp-block-kadence-advancedheading.kt-adv-heading3658_1db2ee-4c mark.kt-highlight, .wp-block-kadence-advancedheading.kt-adv-heading3658_1db2ee-4c[data-kb-block=\"kb-adv-heading3658_1db2ee-4c\"] mark.kt-highlight{font-style:normal;color:#f76a0c;-webkit-box-decoration-break:clone;box-decoration-break:clone;padding-top:0px;padding-right:0px;padding-bottom:0px;padding-left:0px;}.wp-block-kadence-advancedheading.kt-adv-heading3658_1db2ee-4c img.kb-inline-image, .wp-block-kadence-advancedheading.kt-adv-heading3658_1db2ee-4c[data-kb-block=\"kb-adv-heading3658_1db2ee-4c\"] img.kb-inline-image{width:150px;vertical-align:baseline;}<\/style>\n<p class=\"kt-adv-heading3658_1db2ee-4c wp-block-kadence-advancedheading has-theme-palette-9-color has-text-color\" data-kb-block=\"kb-adv-heading3658_1db2ee-4c\">L\u2019ensemble des contenus (textes, images, vid\u00e9os, graphismes, logos, etc.) pr\u00e9sents sur ce site sont la propri\u00e9t\u00e9 exclusive de <strong>Hist Era<\/strong>, sauf mention contraire. Toute reproduction, distribution, modification, adaptation, retransmission ou publication, m\u00eame partielle, de ces diff\u00e9rents \u00e9l\u00e9ments est strictement interdite sans l\u2019accord \u00e9crit pr\u00e9alable de <strong>Hist Era<\/strong>.<br>Donn\u00e9es personnelles<\/p>\n\n\n<style>.wp-block-kadence-advancedheading.kt-adv-heading3658_4cefca-2b, .wp-block-kadence-advancedheading.kt-adv-heading3658_4cefca-2b[data-kb-block=\"kb-adv-heading3658_4cefca-2b\"]{font-style:normal;}.wp-block-kadence-advancedheading.kt-adv-heading3658_4cefca-2b mark.kt-highlight, .wp-block-kadence-advancedheading.kt-adv-heading3658_4cefca-2b[data-kb-block=\"kb-adv-heading3658_4cefca-2b\"] mark.kt-highlight{font-style:normal;color:#f76a0c;-webkit-box-decoration-break:clone;box-decoration-break:clone;padding-top:0px;padding-right:0px;padding-bottom:0px;padding-left:0px;}.wp-block-kadence-advancedheading.kt-adv-heading3658_4cefca-2b img.kb-inline-image, .wp-block-kadence-advancedheading.kt-adv-heading3658_4cefca-2b[data-kb-block=\"kb-adv-heading3658_4cefca-2b\"] img.kb-inline-image{width:150px;vertical-align:baseline;}<\/style>\n<h2 class=\"kt-adv-heading3658_4cefca-2b wp-block-kadence-advancedheading has-theme-palette-9-color has-text-color\" data-kb-block=\"kb-adv-heading3658_4cefca-2b\">Donn\u00e9es personnelles<br><\/h2>\n\n\n<style>.wp-block-kadence-advancedheading.kt-adv-heading3658_d7409d-70, .wp-block-kadence-advancedheading.kt-adv-heading3658_d7409d-70[data-kb-block=\"kb-adv-heading3658_d7409d-70\"]{font-style:normal;}.wp-block-kadence-advancedheading.kt-adv-heading3658_d7409d-70 mark.kt-highlight, .wp-block-kadence-advancedheading.kt-adv-heading3658_d7409d-70[data-kb-block=\"kb-adv-heading3658_d7409d-70\"] mark.kt-highlight{font-style:normal;color:#f76a0c;-webkit-box-decoration-break:clone;box-decoration-break:clone;padding-top:0px;padding-right:0px;padding-bottom:0px;padding-left:0px;}.wp-block-kadence-advancedheading.kt-adv-heading3658_d7409d-70 img.kb-inline-image, .wp-block-kadence-advancedheading.kt-adv-heading3658_d7409d-70[data-kb-block=\"kb-adv-heading3658_d7409d-70\"] img.kb-inline-image{width:150px;vertical-align:baseline;}<\/style>\n<p class=\"kt-adv-heading3658_d7409d-70 wp-block-kadence-advancedheading has-theme-palette-9-color has-text-color\" data-kb-block=\"kb-adv-heading3658_d7409d-70\">Les informations \u00e9ventuellement collect\u00e9es via les formulaires de contact sont exclusivement destin\u00e9es \u00e0 un usage interne (prise de contact, r\u00e9ponse aux demandes, etc.). Conform\u00e9ment au <strong>R\u00e8glement G\u00e9n\u00e9ral sur la Protection des Donn\u00e9es (RGPD)<\/strong>, vous disposez d\u2019un droit d\u2019acc\u00e8s, de rectification, d\u2019opposition et de suppression des donn\u00e9es vous concernant. Pour exercer ces droits, contactez-nous \u00e0 : [adresse email].<br>Aucune donn\u00e9e personnelle n\u2019est c\u00e9d\u00e9e \u00e0 des tiers.<br>Ce site utilise [\u00e0 compl\u00e9ter : des cookies\/analyse de trafic avec Google Analytics\/autres] \u00e0 des fins statistiques et d\u2019am\u00e9lioration de l\u2019exp\u00e9rience utilisateur. Vous pouvez \u00e0 tout moment configurer vos pr\u00e9f\u00e9rences dans votre navigateur<\/p>\n\n\n<style>.wp-block-kadence-advancedheading.kt-adv-heading3658_092755-f3, .wp-block-kadence-advancedheading.kt-adv-heading3658_092755-f3[data-kb-block=\"kb-adv-heading3658_092755-f3\"]{font-style:normal;}.wp-block-kadence-advancedheading.kt-adv-heading3658_092755-f3 mark.kt-highlight, .wp-block-kadence-advancedheading.kt-adv-heading3658_092755-f3[data-kb-block=\"kb-adv-heading3658_092755-f3\"] mark.kt-highlight{font-style:normal;color:#f76a0c;-webkit-box-decoration-break:clone;box-decoration-break:clone;padding-top:0px;padding-right:0px;padding-bottom:0px;padding-left:0px;}.wp-block-kadence-advancedheading.kt-adv-heading3658_092755-f3 img.kb-inline-image, .wp-block-kadence-advancedheading.kt-adv-heading3658_092755-f3[data-kb-block=\"kb-adv-heading3658_092755-f3\"] img.kb-inline-image{width:150px;vertical-align:baseline;}<\/style>\n<h2 class=\"kt-adv-heading3658_092755-f3 wp-block-kadence-advancedheading has-theme-palette-9-color has-text-color\" data-kb-block=\"kb-adv-heading3658_092755-f3\">Responsabilit\u00e9<br><\/h2>\n\n\n<style>.wp-block-kadence-advancedheading.kt-adv-heading3658_214b11-ab, .wp-block-kadence-advancedheading.kt-adv-heading3658_214b11-ab[data-kb-block=\"kb-adv-heading3658_214b11-ab\"]{font-style:normal;}.wp-block-kadence-advancedheading.kt-adv-heading3658_214b11-ab mark.kt-highlight, .wp-block-kadence-advancedheading.kt-adv-heading3658_214b11-ab[data-kb-block=\"kb-adv-heading3658_214b11-ab\"] mark.kt-highlight{font-style:normal;color:#f76a0c;-webkit-box-decoration-break:clone;box-decoration-break:clone;padding-top:0px;padding-right:0px;padding-bottom:0px;padding-left:0px;}.wp-block-kadence-advancedheading.kt-adv-heading3658_214b11-ab img.kb-inline-image, .wp-block-kadence-advancedheading.kt-adv-heading3658_214b11-ab[data-kb-block=\"kb-adv-heading3658_214b11-ab\"] img.kb-inline-image{width:150px;vertical-align:baseline;}<\/style>\n<p class=\"kt-adv-heading3658_214b11-ab wp-block-kadence-advancedheading has-theme-palette-9-color has-text-color\" data-kb-block=\"kb-adv-heading3658_214b11-ab\"><strong>Hist Era<\/strong> s\u2019efforce d\u2019assurer au mieux l\u2019exactitude des informations diffus\u00e9es sur ce site. Toutefois, elle ne saurait garantir l\u2019absence totale d\u2019erreurs ou d\u2019omissions. La responsabilit\u00e9 de l\u2019\u00e9diteur ne saurait \u00eatre engag\u00e9e en cas d\u2019erreurs involontaires ou de mauvaise utilisation du site.<\/p>\n<\/div><\/div>\n\n<\/div><\/div>\n\n\n<p><\/p>\n","protected":false},"excerpt":{"rendered":"<p>MENTIONS L\u00c9GALES Editeur du site : Le pr\u00e9sent site est \u00e9dit\u00e9 par :Hist Era[Forme juridique \u00e0 compl\u00e9ter \u2013 ex : SAS, auto-entreprise, association]Si\u00e8ge social : 26 Grande Rue, 25000 Besan\u00e7on, FranceSIRET : [\u00e0 compl\u00e9ter]Responsable de la publication : [Nom, Pr\u00e9nom du dirigeant ou repr\u00e9sentant l\u00e9gal]Email : [adresse de contact officielle] H\u00e9bergeur du site : H\u00e9bergeur&#8230;<\/p>\n","protected":false},"author":1,"featured_media":0,"parent":0,"menu_order":0,"comment_status":"closed","ping_status":"closed","template":"","meta":{"_kad_post_transparent":"","_kad_post_title":"","_kad_post_layout":"","_kad_post_sidebar_id":"","_kad_post_content_style":"","_kad_post_vertical_padding":"","_kad_post_feature":"","_kad_post_feature_position":"","_kad_post_header":false,"_kad_post_footer":false,"footnotes":""},"class_list":["post-3658","page","type-page","status-publish","hentry"],"aioseo_notices":[],"_links":{"self":[{"href":"https:\/\/formagraph-exercice.fr\/histera\/wp-json\/wp\/v2\/pages\/3658","targetHints":{"allow":["GET"]}}],"collection":[{"href":"https:\/\/formagraph-exercice.fr\/histera\/wp-json\/wp\/v2\/pages"}],"about":[{"href":"https:\/\/formagraph-exercice.fr\/histera\/wp-json\/wp\/v2\/types\/page"}],"author":[{"embeddable":true,"href":"https:\/\/formagraph-exercice.fr\/histera\/wp-json\/wp\/v2\/users\/1"}],"replies":[{"embeddable":true,"href":"https:\/\/formagraph-exercice.fr\/histera\/wp-json\/wp\/v2\/comments?post=3658"}],"version-history":[{"count":6,"href":"https:\/\/formagraph-exercice.fr\/histera\/wp-json\/wp\/v2\/pages\/3658\/revisions"}],"predecessor-version":[{"id":3677,"href":"https:\/\/formagraph-exercice.fr\/histera\/wp-json\/wp\/v2\/pages\/3658\/revisions\/3677"}],"wp:attachment":[{"href":"https:\/\/formagraph-exercice.fr\/histera\/wp-json\/wp\/v2\/media?parent=3658"}],"curies":[{"name":"wp","href":"https:\/\/api.w.org\/{rel}","templated":true}]}}