{"id":1269,"date":"2025-03-18T23:08:22","date_gmt":"2025-03-18T22:08:22","guid":{"rendered":"http:\/\/hist-era.local\/?page_id=1269"},"modified":"2025-07-02T19:44:18","modified_gmt":"2025-07-02T17:44:18","slug":"actu-rome","status":"publish","type":"page","link":"https:\/\/formagraph-exercice.fr\/histera\/actu-rome\/","title":{"rendered":"Actu Rome"},"content":{"rendered":"<style>.kadence-column1269_18de95-a1 > .kt-inside-inner-col,.kadence-column1269_18de95-a1 > .kt-inside-inner-col:before{border-top-left-radius:0px;border-top-right-radius:0px;border-bottom-right-radius:0px;border-bottom-left-radius:0px;}.kadence-column1269_18de95-a1 > .kt-inside-inner-col{column-gap:var(--global-kb-gap-sm, 1rem);}.kadence-column1269_18de95-a1 > .kt-inside-inner-col{flex-direction:column;}.kadence-column1269_18de95-a1 > .kt-inside-inner-col > .aligncenter{width:100%;}.kadence-column1269_18de95-a1 > .kt-inside-inner-col{background-color:var(--global-palette4, #2D3748);}.kadence-column1269_18de95-a1 > .kt-inside-inner-col:before{opacity:0.3;}.kadence-column1269_18de95-a1{position:relative;}@media all and (max-width: 1024px){.kadence-column1269_18de95-a1 > .kt-inside-inner-col{flex-direction:column;justify-content:center;}}@media all and (max-width: 767px){.kadence-column1269_18de95-a1 > .kt-inside-inner-col{flex-direction:column;justify-content:center;}}<\/style>\n<div class=\"wp-block-kadence-column kadence-column1269_18de95-a1 alignfull\"><div class=\"kt-inside-inner-col\"><style>.kb-row-layout-id1269_02c2c5-1b > .kt-row-column-wrap{align-content:start;}:where(.kb-row-layout-id1269_02c2c5-1b > .kt-row-column-wrap) > .wp-block-kadence-column{justify-content:start;}.kb-row-layout-id1269_02c2c5-1b > .kt-row-column-wrap{column-gap:var(--global-kb-gap-md, 2rem);row-gap:var(--global-kb-gap-md, 2rem);max-width:var( --global-content-width, 1290px );padding-left:var(--global-content-edge-padding);padding-right:var(--global-content-edge-padding);padding-top:var(--global-kb-spacing-sm, 1.5rem);grid-template-columns:minmax(0, 1fr);}.kb-row-layout-id1269_02c2c5-1b{background-color:#ac1d2e;}.kb-row-layout-id1269_02c2c5-1b > .kt-row-layout-overlay{opacity:0.40;background-image:url('https:\/\/formagraph-exercice.fr\/histera\/wp-content\/uploads\/2025\/03\/view-ancient-roman-buildings-min-scaled.jpg');background-size:cover;background-position:center center;background-attachment:scroll;background-repeat:no-repeat;}@media all and (max-width: 1024px){.kb-row-layout-id1269_02c2c5-1b > .kt-row-column-wrap{grid-template-columns:minmax(0, 1fr);}}@media all and (max-width: 767px){.kb-row-layout-id1269_02c2c5-1b > .kt-row-column-wrap{grid-template-columns:minmax(0, 1fr);}}<\/style><div class=\"kb-row-layout-wrap kb-row-layout-id1269_02c2c5-1b alignfull kt-row-has-bg wp-block-kadence-rowlayout\"><div class=\"kt-row-layout-overlay kt-row-overlay-normal\"><\/div><div class=\"kt-row-column-wrap kt-has-1-columns kt-row-layout-equal kt-tab-layout-inherit kt-mobile-layout-row kt-row-valign-top kb-theme-content-width\">\n<style>.kadence-column1269_67c1b6-04 > .kt-inside-inner-col,.kadence-column1269_67c1b6-04 > .kt-inside-inner-col:before{border-top-left-radius:0px;border-top-right-radius:0px;border-bottom-right-radius:0px;border-bottom-left-radius:0px;}.kadence-column1269_67c1b6-04 > .kt-inside-inner-col{column-gap:var(--global-kb-gap-sm, 1rem);}.kadence-column1269_67c1b6-04 > .kt-inside-inner-col{flex-direction:column;}.kadence-column1269_67c1b6-04 > .kt-inside-inner-col > .aligncenter{width:100%;}.kadence-column1269_67c1b6-04 > .kt-inside-inner-col:before{opacity:0.3;}.kadence-column1269_67c1b6-04{position:relative;}@media all and (max-width: 1024px){.kadence-column1269_67c1b6-04 > .kt-inside-inner-col{flex-direction:column;justify-content:center;}}@media all and (max-width: 767px){.kadence-column1269_67c1b6-04 > .kt-inside-inner-col{flex-direction:column;justify-content:center;}}<\/style>\n<div class=\"wp-block-kadence-column kadence-column1269_67c1b6-04\"><div class=\"kt-inside-inner-col\"><style>.wp-block-kadence-advancedheading.kt-adv-heading1269_26c642-e4, .wp-block-kadence-advancedheading.kt-adv-heading1269_26c642-e4[data-kb-block=\"kb-adv-heading1269_26c642-e4\"]{padding-top:var(--global-kb-spacing-sm, 1.5rem);margin-top:var(--global-kb-spacing-xxs, 0.5rem);margin-right:var(--global-kb-spacing-xs, 1rem);text-align:center;font-size:32px;font-style:normal;text-transform:uppercase;}.wp-block-kadence-advancedheading.kt-adv-heading1269_26c642-e4 mark.kt-highlight, .wp-block-kadence-advancedheading.kt-adv-heading1269_26c642-e4[data-kb-block=\"kb-adv-heading1269_26c642-e4\"] mark.kt-highlight{font-style:normal;color:#f76a0c;-webkit-box-decoration-break:clone;box-decoration-break:clone;padding-top:0px;padding-right:0px;padding-bottom:0px;padding-left:0px;}.wp-block-kadence-advancedheading.kt-adv-heading1269_26c642-e4 img.kb-inline-image, .wp-block-kadence-advancedheading.kt-adv-heading1269_26c642-e4[data-kb-block=\"kb-adv-heading1269_26c642-e4\"] img.kb-inline-image{width:150px;vertical-align:baseline;}@media all and (max-width: 767px){.wp-block-kadence-advancedheading.kt-adv-heading1269_26c642-e4, .wp-block-kadence-advancedheading.kt-adv-heading1269_26c642-e4[data-kb-block=\"kb-adv-heading1269_26c642-e4\"]{font-size:var(--global-kb-font-size-lg, 2rem);}}<\/style>\n<h1 class=\"kt-adv-heading1269_26c642-e4 animated fadeInDownBig wp-block-kadence-advancedheading\" data-kb-block=\"kb-adv-heading1269_26c642-e4\">L&rsquo;\u00c9pice Romaine<\/h1>\n\n\n<style>.wp-block-kadence-advancedheading.kt-adv-heading1269_98157c-cc, .wp-block-kadence-advancedheading.kt-adv-heading1269_98157c-cc[data-kb-block=\"kb-adv-heading1269_98157c-cc\"]{padding-right:var(--global-kb-spacing-lg, 3rem);padding-left:var(--global-kb-spacing-lg, 3rem);font-size:22px;font-style:normal;}.wp-block-kadence-advancedheading.kt-adv-heading1269_98157c-cc mark.kt-highlight, .wp-block-kadence-advancedheading.kt-adv-heading1269_98157c-cc[data-kb-block=\"kb-adv-heading1269_98157c-cc\"] mark.kt-highlight{font-style:normal;color:var(--global-palette2, #2B6CB0);-webkit-box-decoration-break:clone;box-decoration-break:clone;padding-top:0px;padding-right:0px;padding-bottom:0px;padding-left:0px;}.wp-block-kadence-advancedheading.kt-adv-heading1269_98157c-cc img.kb-inline-image, .wp-block-kadence-advancedheading.kt-adv-heading1269_98157c-cc[data-kb-block=\"kb-adv-heading1269_98157c-cc\"] img.kb-inline-image{width:150px;vertical-align:baseline;}.wp-block-kadence-advancedheading.kt-adv-heading1269_98157c-cc[data-kb-block=\"kb-adv-heading1269_98157c-cc\"] a, a.kb-advanced-heading-link.kt-adv-heading-link1269_98157c-cc{text-decoration:none;}@media all and (max-width: 767px){.wp-block-kadence-advancedheading.kt-adv-heading1269_98157c-cc, .wp-block-kadence-advancedheading.kt-adv-heading1269_98157c-cc[data-kb-block=\"kb-adv-heading1269_98157c-cc\"]{padding-left:var(--global-kb-spacing-sm, 1.5rem);}}<\/style>\n<p class=\"kt-adv-heading1269_98157c-cc animated fadeInLeft wp-block-kadence-advancedheading has-theme-palette-9-color has-text-color hls-none\" data-kb-block=\"kb-adv-heading1269_98157c-cc\"><strong>R\u00e9cemment, des avanc\u00e9es arch\u00e9ologiques ont permis de red\u00e9couvrir des aspects fascinants de la Rome antique.<\/strong><br><br>Par exemple, le Horrea Piperataria, entrep\u00f4t d&rsquo;\u00e9pices des empereurs romains, a \u00e9t\u00e9 mis au jour et restaur\u00e9, offrant un aper\u00e7u pr\u00e9cieux du commerce des \u00e9pices \u00e0 Rome.<br>Ces d\u00e9couvertes enrichissent notre compr\u00e9hension de l&rsquo;expansion romaine, notamment de la   conqu\u00eate de Vesontio (actuelle Besan\u00e7on) par Jules C\u00e9sar en 58 av. J.-C. Impressionn\u00e9 par la position strat\u00e9gique de la ville, C\u00e9sar la d\u00e9crit en d\u00e9tail dans ses Commentaires sur la guerre des Gaules.<br><br>Soulignant ses fortifications naturelles, son importance pour le contr\u00f4le des territoires gaulois et la rapidit\u00e9 avec laquelle ses l\u00e9gions en ont pris possession. <br>Cette bataille marque un tournant d\u00e9cisif dans la domination romaine en Gaule, ouvrant la voie \u00e0 l\u2019int\u00e9gration progressive de la r\u00e9gion dans l\u2019Empire romain.<br><br>Chez Hist Era, nous vous invitons \u00e0 revivre cette p\u00e9riode \u00e0 travers notre exp\u00e9rience de r\u00e9alit\u00e9 virtuelle \u00ab\u00a0<br><a href=\"https:\/\/formagraph-exercice.fr\/histera\/la-conquete-de-vesontio\/\" data-type=\"page\" data-id=\"1834\"><strong>La Conqu\u00eate de Vesontio\u00a0\u00bb<\/strong>.<\/a> Plongez au c\u0153ur de l&rsquo;histoire et d\u00e9couvrez comment Vesontio est devenue une cit\u00e9 florissante sous l&rsquo;Empire romain.<br><\/p>\n\n\n<style>.wp-block-kadence-advancedheading.kt-adv-heading1269_e57de4-dd, .wp-block-kadence-advancedheading.kt-adv-heading1269_e57de4-dd[data-kb-block=\"kb-adv-heading1269_e57de4-dd\"]{padding-right:var(--global-kb-spacing-lg, 3rem);padding-left:var(--global-kb-spacing-lg, 3rem);font-size:var(--global-kb-font-size-md, 1.25rem);font-style:normal;}.wp-block-kadence-advancedheading.kt-adv-heading1269_e57de4-dd mark.kt-highlight, .wp-block-kadence-advancedheading.kt-adv-heading1269_e57de4-dd[data-kb-block=\"kb-adv-heading1269_e57de4-dd\"] mark.kt-highlight{font-style:normal;color:#f76a0c;-webkit-box-decoration-break:clone;box-decoration-break:clone;padding-top:0px;padding-right:0px;padding-bottom:0px;padding-left:0px;}.wp-block-kadence-advancedheading.kt-adv-heading1269_e57de4-dd img.kb-inline-image, .wp-block-kadence-advancedheading.kt-adv-heading1269_e57de4-dd[data-kb-block=\"kb-adv-heading1269_e57de4-dd\"] img.kb-inline-image{width:150px;vertical-align:baseline;}@media all and (max-width: 767px){.wp-block-kadence-advancedheading.kt-adv-heading1269_e57de4-dd, .wp-block-kadence-advancedheading.kt-adv-heading1269_e57de4-dd[data-kb-block=\"kb-adv-heading1269_e57de4-dd\"]{padding-left:var(--global-kb-spacing-sm, 1.5rem);}}<\/style>\n<p class=\"kt-adv-heading1269_e57de4-dd animated fadeInDown wp-block-kadence-advancedheading has-theme-palette-9-color has-text-color\" data-kb-block=\"kb-adv-heading1269_e57de4-dd\"><strong>Rejoignez nous lors de nos sessions mensuelles \u00e0 Besan\u00e7on pour une immersion unique dans le pass\u00e9.<br><\/strong><br><strong>\ud83d\udd17 En savoir plus sur la d\u00e9couverte<\/strong><\/p>\n\n\n<style>.kb-image1269_b5f550-e0.kb-image-is-ratio-size, .kb-image1269_b5f550-e0 .kb-image-is-ratio-size{max-width:300px;width:100%;}.wp-block-kadence-column > .kt-inside-inner-col > .kb-image1269_b5f550-e0.kb-image-is-ratio-size, .wp-block-kadence-column > .kt-inside-inner-col > .kb-image1269_b5f550-e0 .kb-image-is-ratio-size{align-self:unset;}.kb-image1269_b5f550-e0 figure{max-width:300px;}.kb-image1269_b5f550-e0 .image-is-svg, .kb-image1269_b5f550-e0 .image-is-svg img{width:100%;}.kb-image1269_b5f550-e0 .kb-image-has-overlay:after{opacity:0.3;}<\/style>\n<div class=\"wp-block-kadence-image kb-image1269_b5f550-e0 animated fadeInLeft\"><figure class=\"aligncenter size-large\"><img loading=\"lazy\" decoding=\"async\" width=\"1024\" height=\"796\" src=\"https:\/\/formagraph-exercice.fr\/histera\/wp-content\/uploads\/2025\/03\/Firefly-entrepot-epice-rome-antique-73951-min-1024x796.png\" alt=\"\" class=\"kb-img wp-image-1271\" srcset=\"https:\/\/formagraph-exercice.fr\/histera\/wp-content\/uploads\/2025\/03\/Firefly-entrepot-epice-rome-antique-73951-min-1024x796.png 1024w, https:\/\/formagraph-exercice.fr\/histera\/wp-content\/uploads\/2025\/03\/Firefly-entrepot-epice-rome-antique-73951-min-600x466.png 600w, https:\/\/formagraph-exercice.fr\/histera\/wp-content\/uploads\/2025\/03\/Firefly-entrepot-epice-rome-antique-73951-min-300x233.png 300w, https:\/\/formagraph-exercice.fr\/histera\/wp-content\/uploads\/2025\/03\/Firefly-entrepot-epice-rome-antique-73951-min-768x597.png 768w, https:\/\/formagraph-exercice.fr\/histera\/wp-content\/uploads\/2025\/03\/Firefly-entrepot-epice-rome-antique-73951-min-1320x1026.png 1320w, https:\/\/formagraph-exercice.fr\/histera\/wp-content\/uploads\/2025\/03\/Firefly-entrepot-epice-rome-antique-73951-min.png 1500w\" sizes=\"auto, (max-width: 1024px) 100vw, 1024px\" \/><\/figure><\/div>\n\n\n<style>.kt-svg-icons1269_d184b4-eb .kt-svg-item-0 .kb-svg-icon-wrap{color:var(--global-palette4, #2D3748);font-size:50px;}.wp-block-kadence-icon.kt-svg-icons1269_d184b4-eb{justify-content:center;}<\/style>\n<div class=\"wp-block-kadence-icon kt-svg-icons kt-svg-icons1269_d184b4-eb alignnone\"><style>.kt-svg-item-1269_1d4857-26 .kb-svg-icon-wrap, .kt-svg-style-stacked.kt-svg-item-1269_1d4857-26 .kb-svg-icon-wrap{color:var(--global-palette9, #ffffff);font-size:35px;margin-top:0px;margin-bottom:var(--global-kb-spacing-sm, 1.5rem);background:transparent;border-color:var(--global-palette9, #ffffff);border-width:6px;border-radius:16%;padding-top:var(--global-kb-spacing-xs, 1rem);padding-right:var(--global-kb-spacing-xs, 1rem);padding-bottom:var(--global-kb-spacing-xs, 1rem);padding-left:var(--global-kb-spacing-xs, 1rem);}<\/style>\n<div class=\"wp-block-kadence-single-icon kt-svg-style-stacked kt-svg-icon-wrap kt-svg-item-1269_1d4857-26 animated flip\"><a href=\"https:\/\/formagraph-exercice.fr\/histera\/?page_id=8\" class=\"kt-svg-icon-link\"><span class=\"kb-svg-icon-wrap kb-svg-icon-fe_arrowLeftCircle\"><svg viewBox=\"0 0 24 24\"  fill=\"none\" stroke=\"currentColor\" stroke-width=\"2.5\" stroke-linecap=\"round\" stroke-linejoin=\"round\" xmlns=\"http:\/\/www.w3.org\/2000\/svg\"  aria-hidden=\"true\"><circle cx=\"12\" cy=\"12\" r=\"10\"\/><polyline points=\"12 8 8 12 12 16\"\/><line x1=\"16\" y1=\"12\" x2=\"8\" y2=\"12\"\/><\/svg><\/span><\/a><\/div>\n<\/div>\n\n\n<style>.kb-row-layout-id1269_a0daee-a8 > .kt-row-column-wrap{align-content:start;}:where(.kb-row-layout-id1269_a0daee-a8 > .kt-row-column-wrap) > .wp-block-kadence-column{justify-content:start;}.kb-row-layout-id1269_a0daee-a8 > .kt-row-column-wrap{column-gap:var(--global-kb-gap-md, 2rem);row-gap:var(--global-kb-gap-md, 2rem);max-width:var( --global-content-width, 1290px );padding-left:var(--global-content-edge-padding);padding-right:var(--global-content-edge-padding);padding-top:var(--global-kb-spacing-sm, 1.5rem);grid-template-columns:minmax(0, 1fr);}.kb-row-layout-id1269_a0daee-a8 > .kt-row-layout-overlay{opacity:0.30;}@media all and (max-width: 1024px){.kb-row-layout-id1269_a0daee-a8 > .kt-row-column-wrap{grid-template-columns:minmax(0, 1fr);}}@media all and (max-width: 767px){.kb-row-layout-id1269_a0daee-a8 > .kt-row-column-wrap{grid-template-columns:minmax(0, 1fr);}}<\/style><div class=\"kb-row-layout-wrap kb-row-layout-id1269_a0daee-a8 alignfull wp-block-kadence-rowlayout\"><div class=\"kt-row-column-wrap kt-has-1-columns kt-row-layout-equal kt-tab-layout-inherit kt-mobile-layout-row kt-row-valign-top kb-theme-content-width\">\n<style>.kadence-column1269_c12f09-76 > .kt-inside-inner-col{display:flex;}.kadence-column1269_c12f09-76 > .kt-inside-inner-col,.kadence-column1269_c12f09-76 > .kt-inside-inner-col:before{border-top-left-radius:0px;border-top-right-radius:0px;border-bottom-right-radius:0px;border-bottom-left-radius:0px;}.kadence-column1269_c12f09-76 > .kt-inside-inner-col{column-gap:var(--global-kb-gap-sm, 1rem);}.kadence-column1269_c12f09-76 > .kt-inside-inner-col{flex-direction:column;justify-content:stretch;}.kadence-column1269_c12f09-76 > .kt-inside-inner-col > .aligncenter{width:100%;}.kt-row-column-wrap > .kadence-column1269_c12f09-76{align-self:center;}.kt-inner-column-height-full:not(.kt-has-1-columns) > .wp-block-kadence-column.kadence-column1269_c12f09-76{align-self:auto;}.kt-inner-column-height-full:not(.kt-has-1-columns) > .wp-block-kadence-column.kadence-column1269_c12f09-76 > .kt-inside-inner-col{flex-direction:column;justify-content:stretch;}.kadence-column1269_c12f09-76 > .kt-inside-inner-col{background-color:#d18c94;}.kadence-column1269_c12f09-76 > .kt-inside-inner-col:before{opacity:0.3;}.kadence-column1269_c12f09-76{position:relative;}@media all and (max-width: 1024px){.kt-row-column-wrap > .kadence-column1269_c12f09-76{align-self:center;}}@media all and (max-width: 1024px){.kt-inner-column-height-full:not(.kt-has-1-columns) > .wp-block-kadence-column.kadence-column1269_c12f09-76{align-self:auto;}}@media all and (max-width: 1024px){.kt-inner-column-height-full:not(.kt-has-1-columns) > .wp-block-kadence-column.kadence-column1269_c12f09-76 > .kt-inside-inner-col{flex-direction:column;justify-content:stretch;}}@media all and (max-width: 1024px){.kadence-column1269_c12f09-76 > .kt-inside-inner-col{flex-direction:column;justify-content:stretch;}}@media all and (max-width: 767px){.kt-row-column-wrap > .kadence-column1269_c12f09-76{align-self:center;}.kt-inner-column-height-full:not(.kt-has-1-columns) > .wp-block-kadence-column.kadence-column1269_c12f09-76{align-self:auto;}.kt-inner-column-height-full:not(.kt-has-1-columns) > .wp-block-kadence-column.kadence-column1269_c12f09-76 > .kt-inside-inner-col{flex-direction:column;justify-content:stretch;}.kadence-column1269_c12f09-76 > .kt-inside-inner-col{flex-direction:column;justify-content:stretch;}}<\/style>\n<div class=\"wp-block-kadence-column kadence-column1269_c12f09-76\"><div class=\"kt-inside-inner-col\"><style>.wp-block-kadence-advancedheading.kt-adv-heading1269_4e8ac2-d8, .wp-block-kadence-advancedheading.kt-adv-heading1269_4e8ac2-d8[data-kb-block=\"kb-adv-heading1269_4e8ac2-d8\"]{padding-top:var(--global-kb-spacing-sm, 1.5rem);margin-top:var(--global-kb-spacing-xxs, 0.5rem);margin-right:var(--global-kb-spacing-xs, 1rem);text-align:center;font-size:var(--global-kb-font-size-lg, 2rem);font-style:normal;}.wp-block-kadence-advancedheading.kt-adv-heading1269_4e8ac2-d8 mark.kt-highlight, .wp-block-kadence-advancedheading.kt-adv-heading1269_4e8ac2-d8[data-kb-block=\"kb-adv-heading1269_4e8ac2-d8\"] mark.kt-highlight{font-style:normal;color:#f76a0c;-webkit-box-decoration-break:clone;box-decoration-break:clone;padding-top:0px;padding-right:0px;padding-bottom:0px;padding-left:0px;}.wp-block-kadence-advancedheading.kt-adv-heading1269_4e8ac2-d8 img.kb-inline-image, .wp-block-kadence-advancedheading.kt-adv-heading1269_4e8ac2-d8[data-kb-block=\"kb-adv-heading1269_4e8ac2-d8\"] img.kb-inline-image{width:150px;vertical-align:baseline;}@media all and (max-width: 767px){.wp-block-kadence-advancedheading.kt-adv-heading1269_4e8ac2-d8, .wp-block-kadence-advancedheading.kt-adv-heading1269_4e8ac2-d8[data-kb-block=\"kb-adv-heading1269_4e8ac2-d8\"]{font-size:var(--global-kb-font-size-lg, 2rem);}}<\/style>\n<h2 class=\"kt-adv-heading1269_4e8ac2-d8 animated fadeInDownBig wp-block-kadence-advancedheading has-theme-palette-9-color has-text-color\" data-kb-block=\"kb-adv-heading1269_4e8ac2-d8\">UN AUTEL ROMAIN<\/h2>\n\n\n<style>.wp-block-kadence-advancedheading.kt-adv-heading1269_62e7c8-74, .wp-block-kadence-advancedheading.kt-adv-heading1269_62e7c8-74[data-kb-block=\"kb-adv-heading1269_62e7c8-74\"]{padding-right:var(--global-kb-spacing-lg, 3rem);padding-left:var(--global-kb-spacing-lg, 3rem);font-size:20px;font-style:normal;}.wp-block-kadence-advancedheading.kt-adv-heading1269_62e7c8-74 mark.kt-highlight, .wp-block-kadence-advancedheading.kt-adv-heading1269_62e7c8-74[data-kb-block=\"kb-adv-heading1269_62e7c8-74\"] mark.kt-highlight{font-style:normal;color:#f76a0c;-webkit-box-decoration-break:clone;box-decoration-break:clone;padding-top:0px;padding-right:0px;padding-bottom:0px;padding-left:0px;}.wp-block-kadence-advancedheading.kt-adv-heading1269_62e7c8-74 img.kb-inline-image, .wp-block-kadence-advancedheading.kt-adv-heading1269_62e7c8-74[data-kb-block=\"kb-adv-heading1269_62e7c8-74\"] img.kb-inline-image{width:150px;vertical-align:baseline;}.wp-block-kadence-advancedheading.kt-adv-heading1269_62e7c8-74[data-kb-block=\"kb-adv-heading1269_62e7c8-74\"] a, a.kb-advanced-heading-link.kt-adv-heading-link1269_62e7c8-74{text-decoration:none;}@media all and (max-width: 767px){.wp-block-kadence-advancedheading.kt-adv-heading1269_62e7c8-74, .wp-block-kadence-advancedheading.kt-adv-heading1269_62e7c8-74[data-kb-block=\"kb-adv-heading1269_62e7c8-74\"]{padding-left:var(--global-kb-spacing-sm, 1.5rem);}}<\/style>\n<p class=\"kt-adv-heading1269_62e7c8-74 animated fadeInUp wp-block-kadence-advancedheading has-theme-palette-9-color has-text-color hls-none\" data-kb-block=\"kb-adv-heading1269_62e7c8-74\"><strong>Des arch\u00e9ologues ont mis au jour un sarcophage en tuf de 1,40 m\u00e8tre de long associ\u00e9 \u00e0 un \u00e9l\u00e9ment circulaire, probablement un autel, dans le Comitium du Forum Romain.<\/strong><br><br>Cette d\u00e9couverte correspond \u00e0 l&#8217;emplacement d\u00e9crit par l&rsquo;auteur antique Varron comme le lieu o\u00f9 Romulus aurait \u00e9t\u00e9 tu\u00e9, sugg\u00e9rant qu&rsquo;il pourrait s&rsquo;agir du tombeau de Romulus. Bien que cela ne prouve pas l&rsquo;existence historique de Romulus, cette d\u00e9couverte est jug\u00e9e \u00ab exceptionnelle \u00bb par les arch\u00e9ologues et suscite un d\u00e9bat scientifique.<br>Chez Hist Era, nous vous proposons de revivre l&rsquo;\u00e9poque de Romulus \u00e0 travers notre exp\u00e9rience de r\u00e9alit\u00e9 virtuelle \u00ab\u00a0La Conqu\u00eate de Vesontio\u00a0\u00bb.<br><br>Remettant en question certaines hypoth\u00e8ses sur les origines de Rome et nourrissant les recherches sur la fronti\u00e8re entre mythe et r\u00e9alit\u00e9 dans les r\u00e9cits fondateurs de la cit\u00e9 \u00e9ternelle. <br>Elle ouvre \u00e9galement de nouvelles perspectives quant aux rites fun\u00e9raires de l\u2019\u00e9poque et \u00e0 la symbolique accord\u00e9e aux fondateurs l\u00e9gendaires par les Romains eux-m\u00eames.<br><br><a href=\"https:\/\/formagraph-exercice.fr\/histera\/la-conquete-de-vesontio\/\" data-type=\"page\" data-id=\"1834\"><strong>Plongez au c\u0153ur de l&rsquo;histoire<\/strong><\/a><strong><a href=\"https:\/\/formagraph-exercice.fr\/histera\/la-conquete-de-vesontio\/\" data-type=\"page\" data-id=\"1834\"> <\/a>et d\u00e9couvrez comment Vesontio (actuelle Besan\u00e7on) est devenue une cit\u00e9 florissante sous l&rsquo;Empire romain. Rejoignez nous lors de nos sessions mensuelles \u00e0 Besan\u00e7on pour une immersion unique dans le pass\u00e9.<\/strong><br><br><strong>\ud83d\udd17 En savoir plus sur la d\u00e9couverte<br><\/strong><\/p>\n\n\n<style>.kb-image1269_92f39e-d7.kb-image-is-ratio-size, .kb-image1269_92f39e-d7 .kb-image-is-ratio-size{max-width:300px;width:100%;}.wp-block-kadence-column > .kt-inside-inner-col > .kb-image1269_92f39e-d7.kb-image-is-ratio-size, .wp-block-kadence-column > .kt-inside-inner-col > .kb-image1269_92f39e-d7 .kb-image-is-ratio-size{align-self:unset;}.kb-image1269_92f39e-d7 figure{max-width:300px;}.kb-image1269_92f39e-d7 .image-is-svg, .kb-image1269_92f39e-d7 .image-is-svg img{width:100%;}.kb-image1269_92f39e-d7 .kb-image-has-overlay:after{opacity:0.3;}<\/style>\n<div class=\"wp-block-kadence-image kb-image1269_92f39e-d7 animated fadeInBottomRight\"><figure class=\"aligncenter size-large\"><img loading=\"lazy\" decoding=\"async\" width=\"1024\" height=\"796\" src=\"https:\/\/formagraph-exercice.fr\/histera\/wp-content\/uploads\/2025\/03\/Firefly-tombe-rome-antique-73951-1-1024x796.png\" alt=\"\" class=\"kb-img wp-image-1274\" srcset=\"https:\/\/formagraph-exercice.fr\/histera\/wp-content\/uploads\/2025\/03\/Firefly-tombe-rome-antique-73951-1-1024x796.png 1024w, https:\/\/formagraph-exercice.fr\/histera\/wp-content\/uploads\/2025\/03\/Firefly-tombe-rome-antique-73951-1-600x467.png 600w, https:\/\/formagraph-exercice.fr\/histera\/wp-content\/uploads\/2025\/03\/Firefly-tombe-rome-antique-73951-1-300x233.png 300w, https:\/\/formagraph-exercice.fr\/histera\/wp-content\/uploads\/2025\/03\/Firefly-tombe-rome-antique-73951-1-768x597.png 768w, https:\/\/formagraph-exercice.fr\/histera\/wp-content\/uploads\/2025\/03\/Firefly-tombe-rome-antique-73951-1-1536x1195.png 1536w, https:\/\/formagraph-exercice.fr\/histera\/wp-content\/uploads\/2025\/03\/Firefly-tombe-rome-antique-73951-1-2048x1593.png 2048w, https:\/\/formagraph-exercice.fr\/histera\/wp-content\/uploads\/2025\/03\/Firefly-tombe-rome-antique-73951-1-1320x1027.png 1320w\" sizes=\"auto, (max-width: 1024px) 100vw, 1024px\" \/><\/figure><\/div>\n\n\n<style>.kt-svg-icons1269_7dd194-e8 .kt-svg-item-0 .kb-svg-icon-wrap{color:var(--global-palette4, #2D3748);font-size:50px;}.wp-block-kadence-icon.kt-svg-icons1269_7dd194-e8{justify-content:center;}<\/style>\n<div class=\"wp-block-kadence-icon kt-svg-icons kt-svg-icons1269_7dd194-e8 alignnone\"><style>.kt-svg-item-1269_0deba7-f4 .kb-svg-icon-wrap, .kt-svg-style-stacked.kt-svg-item-1269_0deba7-f4 .kb-svg-icon-wrap{color:var(--global-palette9, #ffffff);font-size:35px;margin-bottom:var(--global-kb-spacing-sm, 1.5rem);background:transparent;border-color:var(--global-palette9, #ffffff);border-width:6px;border-radius:16%;padding-top:var(--global-kb-spacing-xs, 1rem);padding-right:var(--global-kb-spacing-xs, 1rem);padding-bottom:var(--global-kb-spacing-xs, 1rem);padding-left:var(--global-kb-spacing-xs, 1rem);}<\/style>\n<div class=\"wp-block-kadence-single-icon kt-svg-style-stacked kt-svg-icon-wrap kt-svg-item-1269_0deba7-f4 animated flip\"><a href=\"https:\/\/formagraph-exercice.fr\/histera\/?page_id=8\" class=\"kt-svg-icon-link\"><span class=\"kb-svg-icon-wrap kb-svg-icon-fe_arrowLeftCircle\"><svg viewBox=\"0 0 24 24\"  fill=\"none\" stroke=\"currentColor\" stroke-width=\"2.5\" stroke-linecap=\"round\" stroke-linejoin=\"round\" xmlns=\"http:\/\/www.w3.org\/2000\/svg\"  aria-hidden=\"true\"><circle cx=\"12\" cy=\"12\" r=\"10\"\/><polyline points=\"12 8 8 12 12 16\"\/><line x1=\"16\" y1=\"12\" x2=\"8\" y2=\"12\"\/><\/svg><\/span><\/a><\/div>\n<\/div>\n<\/div><\/div>\n\n<\/div><\/div><\/div><\/div>\n\n<\/div><\/div><\/div><\/div>\n\n\n\n<p><\/p>\n","protected":false},"excerpt":{"rendered":"<p>L&rsquo;\u00c9pice Romaine R\u00e9cemment, des avanc\u00e9es arch\u00e9ologiques ont permis de red\u00e9couvrir des aspects fascinants de la Rome antique. Par exemple, le Horrea Piperataria, entrep\u00f4t d&rsquo;\u00e9pices des empereurs romains, a \u00e9t\u00e9 mis au jour et restaur\u00e9, offrant un aper\u00e7u pr\u00e9cieux du commerce des \u00e9pices \u00e0 Rome.Ces d\u00e9couvertes enrichissent notre compr\u00e9hension de l&rsquo;expansion romaine, notamment de la conqu\u00eate&#8230;<\/p>\n","protected":false},"author":1,"featured_media":0,"parent":0,"menu_order":0,"comment_status":"closed","ping_status":"closed","template":"","meta":{"_kad_post_transparent":"","_kad_post_title":"","_kad_post_layout":"","_kad_post_sidebar_id":"","_kad_post_content_style":"","_kad_post_vertical_padding":"","_kad_post_feature":"","_kad_post_feature_position":"","_kad_post_header":false,"_kad_post_footer":false,"footnotes":""},"class_list":["post-1269","page","type-page","status-publish","hentry"],"aioseo_notices":[],"_links":{"self":[{"href":"https:\/\/formagraph-exercice.fr\/histera\/wp-json\/wp\/v2\/pages\/1269","targetHints":{"allow":["GET"]}}],"collection":[{"href":"https:\/\/formagraph-exercice.fr\/histera\/wp-json\/wp\/v2\/pages"}],"about":[{"href":"https:\/\/formagraph-exercice.fr\/histera\/wp-json\/wp\/v2\/types\/page"}],"author":[{"embeddable":true,"href":"https:\/\/formagraph-exercice.fr\/histera\/wp-json\/wp\/v2\/users\/1"}],"replies":[{"embeddable":true,"href":"https:\/\/formagraph-exercice.fr\/histera\/wp-json\/wp\/v2\/comments?post=1269"}],"version-history":[{"count":27,"href":"https:\/\/formagraph-exercice.fr\/histera\/wp-json\/wp\/v2\/pages\/1269\/revisions"}],"predecessor-version":[{"id":4615,"href":"https:\/\/formagraph-exercice.fr\/histera\/wp-json\/wp\/v2\/pages\/1269\/revisions\/4615"}],"wp:attachment":[{"href":"https:\/\/formagraph-exercice.fr\/histera\/wp-json\/wp\/v2\/media?parent=1269"}],"curies":[{"name":"wp","href":"https:\/\/api.w.org\/{rel}","templated":true}]}}