{"id":37,"date":"2026-04-07T11:55:57","date_gmt":"2026-04-07T09:55:57","guid":{"rendered":"http:\/\/wordpress.local\/?page_id=37"},"modified":"2026-04-07T16:08:07","modified_gmt":"2026-04-07T14:08:07","slug":"a-propos","status":"publish","type":"page","link":"https:\/\/formagraph-exercice.fr\/herman\/coralie\/a-propos\/","title":{"rendered":"A propos"},"content":{"rendered":"<style>.kb-row-layout-id37_8cd779-d4 > .kt-row-column-wrap{align-content:center;}:where(.kb-row-layout-id37_8cd779-d4 > .kt-row-column-wrap) > .wp-block-kadence-column{justify-content:center;}.kb-row-layout-id37_8cd779-d4 > .kt-row-column-wrap{column-gap:var(--global-kb-gap-md, 2rem);row-gap:var(--global-kb-gap-md, 2rem);padding-top:var(--global-kb-spacing-sm, 1.5rem);padding-bottom:var(--global-kb-spacing-sm, 1.5rem);min-height:60vh;grid-template-columns:minmax(0, 1fr);}.kb-row-layout-id37_8cd779-d4{background-image:url('https:\/\/formagraph-exercice.fr\/herman\/coralie\/wp-content\/uploads\/2026\/04\/fond-propos.webp');background-size:cover;background-position:center center;background-attachment:scroll;background-repeat:no-repeat;}.kb-row-layout-id37_8cd779-d4 > .kt-row-layout-overlay{opacity:0.30;}@media all and (max-width: 1024px){.kb-row-layout-id37_8cd779-d4 > .kt-row-column-wrap{grid-template-columns:minmax(0, 1fr);}}@media all and (max-width: 767px){.kb-row-layout-id37_8cd779-d4 > .kt-row-column-wrap{grid-template-columns:minmax(0, 1fr);}}<\/style><section class=\"kb-row-layout-wrap kb-row-layout-id37_8cd779-d4 alignfull kt-row-has-bg wp-block-kadence-rowlayout\"><div class=\"kt-row-column-wrap kt-has-1-columns kt-row-layout-equal kt-tab-layout-inherit kt-mobile-layout-row kt-row-valign-middle\">\n<style>.kadence-column37_844dba-76 > .kt-inside-inner-col,.kadence-column37_844dba-76 > .kt-inside-inner-col:before{border-top-left-radius:0px;border-top-right-radius:0px;border-bottom-right-radius:0px;border-bottom-left-radius:0px;}.kadence-column37_844dba-76 > .kt-inside-inner-col{column-gap:var(--global-kb-gap-sm, 1rem);}.kadence-column37_844dba-76 > .kt-inside-inner-col{flex-direction:column;}.kadence-column37_844dba-76 > .kt-inside-inner-col > .aligncenter{width:100%;}.kadence-column37_844dba-76 > .kt-inside-inner-col:before{opacity:0.3;}.kadence-column37_844dba-76{position:relative;}@media all and (max-width: 1024px){.kadence-column37_844dba-76 > .kt-inside-inner-col{flex-direction:column;justify-content:center;}}@media all and (max-width: 767px){.kadence-column37_844dba-76 > .kt-inside-inner-col{flex-direction:column;justify-content:center;}}<\/style>\n<div class=\"wp-block-kadence-column kadence-column37_844dba-76\"><div class=\"kt-inside-inner-col\"><style>.wp-block-kadence-advancedheading.kt-adv-heading37_965536-f6, .wp-block-kadence-advancedheading.kt-adv-heading37_965536-f6[data-kb-block=\"kb-adv-heading37_965536-f6\"]{text-align:center;font-style:normal;}.wp-block-kadence-advancedheading.kt-adv-heading37_965536-f6 mark.kt-highlight, .wp-block-kadence-advancedheading.kt-adv-heading37_965536-f6[data-kb-block=\"kb-adv-heading37_965536-f6\"] mark.kt-highlight{font-style:normal;color:#f76a0c;-webkit-box-decoration-break:clone;box-decoration-break:clone;padding-top:0px;padding-right:0px;padding-bottom:0px;padding-left:0px;}.wp-block-kadence-advancedheading.kt-adv-heading37_965536-f6 img.kb-inline-image, .wp-block-kadence-advancedheading.kt-adv-heading37_965536-f6[data-kb-block=\"kb-adv-heading37_965536-f6\"] img.kb-inline-image{width:150px;vertical-align:baseline;}<\/style>\n<h1 class=\"kt-adv-heading37_965536-f6 wp-block-kadence-advancedheading has-theme-palette-9-color has-text-color\" data-kb-block=\"kb-adv-heading37_965536-f6\">A propos de nous <\/h1>\n<\/div><\/div>\n\n<\/div><\/section>\n\n<style>.kb-row-layout-id37_42d66a-54 > .kt-row-column-wrap{align-content:center;}:where(.kb-row-layout-id37_42d66a-54 > .kt-row-column-wrap) > .wp-block-kadence-column{justify-content:center;}.kb-row-layout-id37_42d66a-54 > .kt-row-column-wrap{column-gap:var(--global-kb-gap-md, 2rem);row-gap:var(--global-kb-gap-md, 2rem);max-width:var( --global-content-width, 1000px );padding-left:var(--global-content-edge-padding);padding-right:var(--global-content-edge-padding);padding-top:var(--global-kb-spacing-xl, 4rem);padding-bottom:var(--global-kb-spacing-lg, 3rem);grid-template-columns:minmax(0, 1fr);}.kb-row-layout-id37_42d66a-54 > .kt-row-layout-overlay{opacity:0.30;}@media all and (max-width: 1024px){.kb-row-layout-id37_42d66a-54 > .kt-row-column-wrap{grid-template-columns:minmax(0, 1fr);}}@media all and (max-width: 767px){.kb-row-layout-id37_42d66a-54 > .kt-row-column-wrap{grid-template-columns:minmax(0, 1fr);}}<\/style><section class=\"kb-row-layout-wrap kb-row-layout-id37_42d66a-54 aligncenter wp-block-kadence-rowlayout\"><div class=\"kt-row-column-wrap kt-has-1-columns kt-row-layout-equal kt-tab-layout-inherit kt-mobile-layout-row kt-row-valign-middle kb-theme-content-width\">\n<style>.kadence-column37_5cdcbb-55 > .kt-inside-inner-col{display:flex;}.kadence-column37_5cdcbb-55 > .kt-inside-inner-col,.kadence-column37_5cdcbb-55 > .kt-inside-inner-col:before{border-top-left-radius:0px;border-top-right-radius:0px;border-bottom-right-radius:0px;border-bottom-left-radius:0px;}.kadence-column37_5cdcbb-55 > .kt-inside-inner-col{column-gap:var(--global-kb-gap-sm, 1rem);}.kadence-column37_5cdcbb-55 > .kt-inside-inner-col{flex-direction:column;justify-content:center;}.kadence-column37_5cdcbb-55 > .kt-inside-inner-col > .aligncenter{width:100%;}.kt-row-column-wrap > .kadence-column37_5cdcbb-55{align-self:center;}.kt-inner-column-height-full:not(.kt-has-1-columns) > .wp-block-kadence-column.kadence-column37_5cdcbb-55{align-self:auto;}.kt-inner-column-height-full:not(.kt-has-1-columns) > .wp-block-kadence-column.kadence-column37_5cdcbb-55 > .kt-inside-inner-col{flex-direction:column;justify-content:center;}.kadence-column37_5cdcbb-55 > .kt-inside-inner-col:before{opacity:0.3;}.kadence-column37_5cdcbb-55{position:relative;}@media all and (max-width: 1024px){.kt-row-column-wrap > .kadence-column37_5cdcbb-55{align-self:center;}}@media all and (max-width: 1024px){.kt-inner-column-height-full:not(.kt-has-1-columns) > .wp-block-kadence-column.kadence-column37_5cdcbb-55{align-self:auto;}}@media all and (max-width: 1024px){.kt-inner-column-height-full:not(.kt-has-1-columns) > .wp-block-kadence-column.kadence-column37_5cdcbb-55 > .kt-inside-inner-col{flex-direction:column;justify-content:center;}}@media all and (max-width: 1024px){.kadence-column37_5cdcbb-55 > .kt-inside-inner-col{flex-direction:column;justify-content:center;}}@media all and (max-width: 767px){.kt-row-column-wrap > .kadence-column37_5cdcbb-55{align-self:center;}.kt-inner-column-height-full:not(.kt-has-1-columns) > .wp-block-kadence-column.kadence-column37_5cdcbb-55{align-self:auto;}.kt-inner-column-height-full:not(.kt-has-1-columns) > .wp-block-kadence-column.kadence-column37_5cdcbb-55 > .kt-inside-inner-col{flex-direction:column;justify-content:center;}.kadence-column37_5cdcbb-55 > .kt-inside-inner-col{flex-direction:column;justify-content:center;}}<\/style>\n<div class=\"wp-block-kadence-column kadence-column37_5cdcbb-55\"><div class=\"kt-inside-inner-col\"><style>.wp-block-kadence-advancedheading.kt-adv-heading37_1bbdca-75, .wp-block-kadence-advancedheading.kt-adv-heading37_1bbdca-75[data-kb-block=\"kb-adv-heading37_1bbdca-75\"]{padding-top:var(--global-kb-spacing-xs, 1rem);text-align:center;font-style:normal;}.wp-block-kadence-advancedheading.kt-adv-heading37_1bbdca-75 mark.kt-highlight, .wp-block-kadence-advancedheading.kt-adv-heading37_1bbdca-75[data-kb-block=\"kb-adv-heading37_1bbdca-75\"] mark.kt-highlight{font-style:normal;color:#f76a0c;-webkit-box-decoration-break:clone;box-decoration-break:clone;padding-top:0px;padding-right:0px;padding-bottom:0px;padding-left:0px;}.wp-block-kadence-advancedheading.kt-adv-heading37_1bbdca-75 img.kb-inline-image, .wp-block-kadence-advancedheading.kt-adv-heading37_1bbdca-75[data-kb-block=\"kb-adv-heading37_1bbdca-75\"] img.kb-inline-image{width:150px;vertical-align:baseline;}<\/style>\n<h2 class=\"kt-adv-heading37_1bbdca-75 wp-block-kadence-advancedheading\" data-kb-block=\"kb-adv-heading37_1bbdca-75\">Ce pour quoi nous existons<\/h2>\n<\/div><\/div>\n\n<\/div><\/section>\n\n<style>.kb-row-layout-id37_2fae36-92 > .kt-row-column-wrap{align-content:start;}:where(.kb-row-layout-id37_2fae36-92 > .kt-row-column-wrap) > .wp-block-kadence-column{justify-content:start;}.kb-row-layout-id37_2fae36-92 > .kt-row-column-wrap{column-gap:var(--global-kb-gap-md, 2rem);row-gap:var(--global-kb-gap-md, 2rem);max-width:var( --global-content-width, 1000px );padding-left:var(--global-content-edge-padding);padding-right:var(--global-content-edge-padding);padding-top:var(--global-kb-spacing-sm, 1.5rem);padding-bottom:var(--global-kb-spacing-5xl, 10rem);grid-template-columns:repeat(2, minmax(0, 1fr));}.kb-row-layout-id37_2fae36-92 > .kt-row-layout-overlay{opacity:0.30;}@media all and (max-width: 1024px){.kb-row-layout-id37_2fae36-92 > .kt-row-column-wrap{grid-template-columns:repeat(2, minmax(0, 1fr));}}@media all and (max-width: 767px){.kb-row-layout-id37_2fae36-92 > .kt-row-column-wrap{grid-template-columns:minmax(0, 1fr);}}<\/style><section class=\"kb-row-layout-wrap kb-row-layout-id37_2fae36-92 alignnone wp-block-kadence-rowlayout\"><div class=\"kt-row-column-wrap kt-has-2-columns kt-row-layout-equal kt-tab-layout-inherit kt-mobile-layout-row kt-row-valign-top kb-theme-content-width\">\n<style>.kadence-column37_6f002d-8e > .kt-inside-inner-col,.kadence-column37_6f002d-8e > .kt-inside-inner-col:before{border-top-left-radius:0px;border-top-right-radius:0px;border-bottom-right-radius:0px;border-bottom-left-radius:0px;}.kadence-column37_6f002d-8e > .kt-inside-inner-col{column-gap:var(--global-kb-gap-sm, 1rem);}.kadence-column37_6f002d-8e > .kt-inside-inner-col{flex-direction:column;}.kadence-column37_6f002d-8e > .kt-inside-inner-col > .aligncenter{width:100%;}.kadence-column37_6f002d-8e > .kt-inside-inner-col:before{opacity:0.3;}.kadence-column37_6f002d-8e{position:relative;}@media all and (max-width: 1024px){.kadence-column37_6f002d-8e > .kt-inside-inner-col{flex-direction:column;justify-content:center;}}@media all and (max-width: 767px){.kadence-column37_6f002d-8e > .kt-inside-inner-col{flex-direction:column;justify-content:center;}}<\/style>\n<div class=\"wp-block-kadence-column kadence-column37_6f002d-8e\"><div class=\"kt-inside-inner-col\"><style>.wp-block-kadence-advancedheading.kt-adv-heading37_066412-76, .wp-block-kadence-advancedheading.kt-adv-heading37_066412-76[data-kb-block=\"kb-adv-heading37_066412-76\"]{font-style:normal;}.wp-block-kadence-advancedheading.kt-adv-heading37_066412-76 mark.kt-highlight, .wp-block-kadence-advancedheading.kt-adv-heading37_066412-76[data-kb-block=\"kb-adv-heading37_066412-76\"] mark.kt-highlight{font-style:normal;color:#f76a0c;-webkit-box-decoration-break:clone;box-decoration-break:clone;padding-top:0px;padding-right:0px;padding-bottom:0px;padding-left:0px;}.wp-block-kadence-advancedheading.kt-adv-heading37_066412-76 img.kb-inline-image, .wp-block-kadence-advancedheading.kt-adv-heading37_066412-76[data-kb-block=\"kb-adv-heading37_066412-76\"] img.kb-inline-image{width:150px;vertical-align:baseline;}<\/style>\n<p class=\"kt-adv-heading37_066412-76 wp-block-kadence-advancedheading\" data-kb-block=\"kb-adv-heading37_066412-76\">Ceci est un paragraphe. Survolez-moi avec votre souris d&rsquo;ordinateur et cliquez une fois pour que le menu s&rsquo;affiche. Double-cliquez pour \u00e9diter directement le texte. Vous pouvez aussi me d\u00e9placer n&rsquo;importe o\u00f9 sur la page par la m\u00e9thode du \u00abGlisser et D\u00e9poser\u00bb.&nbsp;Ceci est un paragraphe. Survolez-moi avec votre souris d&rsquo;ordinateur et cliquez une fois pour que le menu s&rsquo;affiche. Double-cliquez pour \u00e9diter directement le texte. Vous pouvez aussi me d\u00e9placer n&rsquo;importe o\u00f9 sur la page par la m\u00e9thode du \u00abGlisser et D\u00e9poser\u00bb.<br>&nbsp;<br>Ceci est un paragraphe. Survolez-moi avec votre souris d&rsquo;ordinateur et cliquez une fois pour que le menu s&rsquo;affiche. Double-cliquez pour \u00e9diter directement le texte. Vous pouvez aussi me d\u00e9placer n&rsquo;importe o\u00f9 sur la page par la m\u00e9thode du \u00abGlisser et D\u00e9poser\u00bb.<\/p>\n<\/div><\/div>\n\n\n<style>.kadence-column37_65f453-92 > .kt-inside-inner-col,.kadence-column37_65f453-92 > .kt-inside-inner-col:before{border-top-left-radius:0px;border-top-right-radius:0px;border-bottom-right-radius:0px;border-bottom-left-radius:0px;}.kadence-column37_65f453-92 > .kt-inside-inner-col{column-gap:var(--global-kb-gap-sm, 1rem);}.kadence-column37_65f453-92 > .kt-inside-inner-col{flex-direction:column;}.kadence-column37_65f453-92 > .kt-inside-inner-col > .aligncenter{width:100%;}.kadence-column37_65f453-92 > .kt-inside-inner-col:before{opacity:0.3;}.kadence-column37_65f453-92{position:relative;}@media all and (max-width: 1024px){.kadence-column37_65f453-92 > .kt-inside-inner-col{flex-direction:column;justify-content:center;}}@media all and (max-width: 767px){.kadence-column37_65f453-92 > .kt-inside-inner-col{flex-direction:column;justify-content:center;}}<\/style>\n<div class=\"wp-block-kadence-column kadence-column37_65f453-92\"><div class=\"kt-inside-inner-col\"><style>.wp-block-kadence-advancedheading.kt-adv-heading37_3d8668-8c, .wp-block-kadence-advancedheading.kt-adv-heading37_3d8668-8c[data-kb-block=\"kb-adv-heading37_3d8668-8c\"]{font-style:normal;}.wp-block-kadence-advancedheading.kt-adv-heading37_3d8668-8c mark.kt-highlight, .wp-block-kadence-advancedheading.kt-adv-heading37_3d8668-8c[data-kb-block=\"kb-adv-heading37_3d8668-8c\"] mark.kt-highlight{font-style:normal;color:#f76a0c;-webkit-box-decoration-break:clone;box-decoration-break:clone;padding-top:0px;padding-right:0px;padding-bottom:0px;padding-left:0px;}.wp-block-kadence-advancedheading.kt-adv-heading37_3d8668-8c img.kb-inline-image, .wp-block-kadence-advancedheading.kt-adv-heading37_3d8668-8c[data-kb-block=\"kb-adv-heading37_3d8668-8c\"] img.kb-inline-image{width:150px;vertical-align:baseline;}<\/style>\n<p class=\"kt-adv-heading37_3d8668-8c wp-block-kadence-advancedheading\" data-kb-block=\"kb-adv-heading37_3d8668-8c\">Ceci est un paragraphe. Survolez-moi avec votre souris d&rsquo;ordinateur et cliquez une fois pour que le menu s&rsquo;affiche. Double-cliquez pour \u00e9diter directement le texte. Vous pouvez aussi me d\u00e9placer n&rsquo;importe o\u00f9 sur la page par la m\u00e9thode du \u00abGlisser et D\u00e9poser\u00bb.<br>&nbsp;<br>Ceci est un paragraphe. Survolez-moi avec votre souris d&rsquo;ordinateur et cliquez une fois pour que le menu s&rsquo;affiche. Double-cliquez pour \u00e9diter directement le texte. Vous pouvez aussi me d\u00e9placer n&rsquo;importe o\u00f9 sur la page par la m\u00e9thode du \u00abGlisser et D\u00e9poser\u00bb.<\/p>\n<\/div><\/div>\n\n<\/div><\/section>\n\n<style>.kb-row-layout-id35_aad507-17 > .kt-row-column-wrap{align-content:center;}:where(.kb-row-layout-id35_aad507-17 > .kt-row-column-wrap) > .wp-block-kadence-column{justify-content:center;}.kb-row-layout-id35_aad507-17 > .kt-row-column-wrap{column-gap:var(--global-kb-gap-none, 0rem );row-gap:var(--global-kb-gap-md, 2rem);max-width:var( --global-content-width, 1000px );padding-left:var(--global-content-edge-padding);padding-right:var(--global-content-edge-padding);padding-top:var(--global-kb-spacing-md, 2rem);padding-bottom:var(--global-kb-spacing-md, 2rem);grid-template-columns:minmax(0, calc(80% - ((var(--global-kb-gap-none, 0rem ) * 1 )\/2)))minmax(0, calc(20% - ((var(--global-kb-gap-none, 0rem ) * 1 )\/2)));}.kb-row-layout-id35_aad507-17 > .kt-row-layout-overlay{opacity:0.30;}@media all and (max-width: 1024px){.kb-row-layout-id35_aad507-17 > .kt-row-column-wrap{grid-template-columns:minmax(0, 2fr) minmax(0, 1fr);}}@media all and (max-width: 767px){.kb-row-layout-id35_aad507-17 > .kt-row-column-wrap{grid-template-columns:minmax(0, 1fr);}}<\/style><div class=\"kb-row-layout-wrap kb-row-layout-id35_aad507-17 alignfull has-theme-palette1-background-color kt-row-has-bg wp-block-kadence-rowlayout\"><div class=\"kt-row-column-wrap kt-has-2-columns kt-row-layout-left-golden kt-tab-layout-inherit kt-mobile-layout-row kt-row-valign-middle kb-theme-content-width\">\n<style>.kadence-column35_ec51de-3c > .kt-inside-inner-col,.kadence-column35_ec51de-3c > .kt-inside-inner-col:before{border-top-left-radius:0px;border-top-right-radius:0px;border-bottom-right-radius:0px;border-bottom-left-radius:0px;}.kadence-column35_ec51de-3c > .kt-inside-inner-col{column-gap:var(--global-kb-gap-sm, 1rem);}.kadence-column35_ec51de-3c > .kt-inside-inner-col{flex-direction:column;}.kadence-column35_ec51de-3c > .kt-inside-inner-col > .aligncenter{width:100%;}.kadence-column35_ec51de-3c > .kt-inside-inner-col:before{opacity:0.3;}.kadence-column35_ec51de-3c{position:relative;}@media all and (max-width: 1024px){.kadence-column35_ec51de-3c > .kt-inside-inner-col{flex-direction:column;justify-content:center;}}@media all and (max-width: 767px){.kadence-column35_ec51de-3c > .kt-inside-inner-col{flex-direction:column;justify-content:center;}}<\/style>\n<div class=\"wp-block-kadence-column kadence-column35_ec51de-3c\"><div class=\"kt-inside-inner-col\"><style>.wp-block-kadence-advancedheading.kt-adv-heading35_898735-83, .wp-block-kadence-advancedheading.kt-adv-heading35_898735-83[data-kb-block=\"kb-adv-heading35_898735-83\"]{font-size:var(--global-kb-font-size-xl, 3rem);font-style:normal;}.wp-block-kadence-advancedheading.kt-adv-heading35_898735-83 mark.kt-highlight, .wp-block-kadence-advancedheading.kt-adv-heading35_898735-83[data-kb-block=\"kb-adv-heading35_898735-83\"] mark.kt-highlight{font-style:normal;color:#f76a0c;-webkit-box-decoration-break:clone;box-decoration-break:clone;padding-top:0px;padding-right:0px;padding-bottom:0px;padding-left:0px;}.wp-block-kadence-advancedheading.kt-adv-heading35_898735-83 img.kb-inline-image, .wp-block-kadence-advancedheading.kt-adv-heading35_898735-83[data-kb-block=\"kb-adv-heading35_898735-83\"] img.kb-inline-image{width:150px;vertical-align:baseline;}<\/style>\n<h2 class=\"kt-adv-heading35_898735-83 wp-block-kadence-advancedheading has-theme-palette-9-color has-text-color\" data-kb-block=\"kb-adv-heading35_898735-83\">Vous voulez en savoir plus ?<\/h2>\n<\/div><\/div>\n\n\n<style>.kadence-column35_4521ae-45 > .kt-inside-inner-col,.kadence-column35_4521ae-45 > .kt-inside-inner-col:before{border-top-left-radius:0px;border-top-right-radius:0px;border-bottom-right-radius:0px;border-bottom-left-radius:0px;}.kadence-column35_4521ae-45 > .kt-inside-inner-col{column-gap:var(--global-kb-gap-sm, 1rem);}.kadence-column35_4521ae-45 > .kt-inside-inner-col{flex-direction:column;}.kadence-column35_4521ae-45 > .kt-inside-inner-col > .aligncenter{width:100%;}.kadence-column35_4521ae-45 > .kt-inside-inner-col:before{opacity:0.3;}.kadence-column35_4521ae-45{position:relative;}@media all and (max-width: 1024px){.kadence-column35_4521ae-45 > .kt-inside-inner-col{flex-direction:column;justify-content:center;}}@media all and (max-width: 767px){.kadence-column35_4521ae-45 > .kt-inside-inner-col{flex-direction:column;justify-content:center;}}<\/style>\n<div class=\"wp-block-kadence-column kadence-column35_4521ae-45\"><div class=\"kt-inside-inner-col\"><style>.wp-block-kadence-advancedbtn.kb-btns35_5fc094-a9{gap:var(--global-kb-gap-xs, 0.5rem );justify-content:center;align-items:center;}.kt-btns35_5fc094-a9 .kt-button{font-weight:normal;font-style:normal;}.kt-btns35_5fc094-a9 .kt-btn-wrap-0{margin-right:5px;}.wp-block-kadence-advancedbtn.kt-btns35_5fc094-a9 .kt-btn-wrap-0 .kt-button{color:#555555;border-color:#555555;}.wp-block-kadence-advancedbtn.kt-btns35_5fc094-a9 .kt-btn-wrap-0 .kt-button:hover, .wp-block-kadence-advancedbtn.kt-btns35_5fc094-a9 .kt-btn-wrap-0 .kt-button:focus{color:#ffffff;border-color:#444444;}.wp-block-kadence-advancedbtn.kt-btns35_5fc094-a9 .kt-btn-wrap-0 .kt-button::before{display:none;}.wp-block-kadence-advancedbtn.kt-btns35_5fc094-a9 .kt-btn-wrap-0 .kt-button:hover, .wp-block-kadence-advancedbtn.kt-btns35_5fc094-a9 .kt-btn-wrap-0 .kt-button:focus{background:#444444;}<\/style>\n<div class=\"wp-block-kadence-advancedbtn kb-buttons-wrap kb-btns35_5fc094-a9\"><style>ul.menu .wp-block-kadence-advancedbtn .kb-btn35_10398d-13.kb-button{width:initial;}.wp-block-kadence-advancedbtn .kb-btn35_10398d-13.kb-button{color:var(--global-palette9, #ffffff);border-top:1px solid var(--global-palette9, #ffffff);border-right:1px solid var(--global-palette9, #ffffff);border-bottom:1px solid var(--global-palette9, #ffffff);border-left:1px solid var(--global-palette9, #ffffff);}@media all and (max-width: 1024px){.wp-block-kadence-advancedbtn .kb-btn35_10398d-13.kb-button{border-top:1px solid var(--global-palette9, #ffffff);border-right:1px solid var(--global-palette9, #ffffff);border-bottom:1px solid var(--global-palette9, #ffffff);border-left:1px solid var(--global-palette9, #ffffff);}}@media all and (max-width: 767px){.wp-block-kadence-advancedbtn .kb-btn35_10398d-13.kb-button{border-top:1px solid var(--global-palette9, #ffffff);border-right:1px solid var(--global-palette9, #ffffff);border-bottom:1px solid var(--global-palette9, #ffffff);border-left:1px solid var(--global-palette9, #ffffff);}}<\/style><span class=\"kb-button kt-button button kb-btn35_10398d-13 kt-btn-size-standard kt-btn-width-type-auto kb-btn-global-outline  kt-btn-has-text-true kt-btn-has-svg-false  wp-block-kadence-singlebtn\"><span class=\"kt-btn-inner-text\">Contactez-nous<\/span><\/span><\/div>\n<\/div><\/div>\n\n<\/div><\/div>","protected":false},"excerpt":{"rendered":"<p>A propos de nous Ce pour quoi nous existons Ceci est un paragraphe. Survolez-moi avec votre souris d&rsquo;ordinateur et cliquez une fois pour que le menu s&rsquo;affiche. Double-cliquez pour \u00e9diter directement le texte. Vous pouvez aussi me d\u00e9placer n&rsquo;importe o\u00f9 sur la page par la m\u00e9thode du \u00abGlisser et D\u00e9poser\u00bb.&nbsp;Ceci est un paragraphe. Survolez-moi avec&#8230;<\/p>\n","protected":false},"author":1,"featured_media":0,"parent":0,"menu_order":0,"comment_status":"closed","ping_status":"closed","template":"","meta":{"_kad_post_transparent":"","_kad_post_title":"","_kad_post_layout":"","_kad_post_sidebar_id":"","_kad_post_content_style":"","_kad_post_vertical_padding":"hide","_kad_post_feature":"","_kad_post_feature_position":"","_kad_post_header":false,"_kad_post_footer":false,"_kad_post_classname":"","footnotes":""},"class_list":["post-37","page","type-page","status-publish","hentry"],"_links":{"self":[{"href":"https:\/\/formagraph-exercice.fr\/herman\/coralie\/wp-json\/wp\/v2\/pages\/37","targetHints":{"allow":["GET"]}}],"collection":[{"href":"https:\/\/formagraph-exercice.fr\/herman\/coralie\/wp-json\/wp\/v2\/pages"}],"about":[{"href":"https:\/\/formagraph-exercice.fr\/herman\/coralie\/wp-json\/wp\/v2\/types\/page"}],"author":[{"embeddable":true,"href":"https:\/\/formagraph-exercice.fr\/herman\/coralie\/wp-json\/wp\/v2\/users\/1"}],"replies":[{"embeddable":true,"href":"https:\/\/formagraph-exercice.fr\/herman\/coralie\/wp-json\/wp\/v2\/comments?post=37"}],"version-history":[{"count":12,"href":"https:\/\/formagraph-exercice.fr\/herman\/coralie\/wp-json\/wp\/v2\/pages\/37\/revisions"}],"predecessor-version":[{"id":115,"href":"https:\/\/formagraph-exercice.fr\/herman\/coralie\/wp-json\/wp\/v2\/pages\/37\/revisions\/115"}],"wp:attachment":[{"href":"https:\/\/formagraph-exercice.fr\/herman\/coralie\/wp-json\/wp\/v2\/media?parent=37"}],"curies":[{"name":"wp","href":"https:\/\/api.w.org\/{rel}","templated":true}]}}