{"id":9,"date":"2025-11-01T14:14:44","date_gmt":"2025-11-01T14:14:44","guid":{"rendered":"http:\/\/ma-boutique.local\/panier\/"},"modified":"2025-11-23T11:13:19","modified_gmt":"2025-11-23T11:13:19","slug":"panier","status":"publish","type":"page","link":"https:\/\/formagraph-exercice.fr\/grand-mere-rene\/panier\/","title":{"rendered":"Panier"},"content":{"rendered":"\n<div data-block-name=\"woocommerce\/cart\" class=\"wp-block-woocommerce-cart alignwide is-loading\">\n<div data-block-name=\"woocommerce\/filled-cart-block\" class=\"wp-block-woocommerce-filled-cart-block\">\n<div data-block-name=\"woocommerce\/cart-items-block\" class=\"wp-block-woocommerce-cart-items-block\">\n<div data-block-name=\"woocommerce\/cart-line-items-block\" class=\"wp-block-woocommerce-cart-line-items-block\"><\/div>\n\n\n<\/div>\n\n\n\n<div data-block-name=\"woocommerce\/cart-totals-block\" class=\"wp-block-woocommerce-cart-totals-block\">\n<div data-block-name=\"woocommerce\/cart-order-summary-block\" class=\"wp-block-woocommerce-cart-order-summary-block\">\n<div data-block-name=\"woocommerce\/cart-order-summary-heading-block\" data-content=\"Total panier\" class=\"wp-block-woocommerce-cart-order-summary-heading-block\"><\/div>\n\n\n\n<div data-block-name=\"woocommerce\/cart-order-summary-coupon-form-block\" class=\"wp-block-woocommerce-cart-order-summary-coupon-form-block\"><\/div>\n\n\n\n<div data-block-name=\"woocommerce\/cart-order-summary-totals-block\" class=\"wp-block-woocommerce-cart-order-summary-totals-block\">\n<div data-block-name=\"woocommerce\/cart-order-summary-subtotal-block\" class=\"wp-block-woocommerce-cart-order-summary-subtotal-block\"><\/div>\n\n\n\n<div data-block-name=\"woocommerce\/cart-order-summary-fee-block\" class=\"wp-block-woocommerce-cart-order-summary-fee-block\"><\/div>\n\n\n\n<div data-block-name=\"woocommerce\/cart-order-summary-discount-block\" class=\"wp-block-woocommerce-cart-order-summary-discount-block\"><\/div>\n\n\n\n<div data-block-name=\"woocommerce\/cart-order-summary-shipping-block\" class=\"wp-block-woocommerce-cart-order-summary-shipping-block\"><\/div>\n\n\n\n<div data-block-name=\"woocommerce\/cart-order-summary-taxes-block\" class=\"wp-block-woocommerce-cart-order-summary-taxes-block\"><\/div>\n<\/div>\n<\/div>\n\n\n\n\n\n<div data-block-name=\"woocommerce\/cart-express-payment-block\" class=\"wp-block-woocommerce-cart-express-payment-block\"><\/div>\n\n\n\n<div data-block-name=\"woocommerce\/proceed-to-checkout-block\" class=\"wp-block-woocommerce-proceed-to-checkout-block\"><\/div>\n<div id=\"ppcp-recaptcha-v2-container\" style=\"margin:20px 0;\"><\/div>\n\n\n<div data-block-name=\"woocommerce\/cart-accepted-payment-methods-block\" class=\"wp-block-woocommerce-cart-accepted-payment-methods-block\"><\/div>\n<\/div>\n<\/div>\n\n\n\n<div data-block-name=\"woocommerce\/empty-cart-block\" class=\"wp-block-woocommerce-empty-cart-block\">\n<h2 class=\"wp-block-heading has-text-align-center with-empty-cart-icon wc-block-cart__empty-cart__title\">Votre panier est actuellement vide&nbsp;!<\/h2>\n\n\n\n<hr class=\"wp-block-separator has-alpha-channel-opacity is-style-dots\"\/>\n\n\n\n<h2 class=\"wp-block-heading has-text-align-center\">Nouveau dans la boutique<\/h2>\n\n\n<div data-block-name=\"woocommerce\/product-new\" data-columns=\"4\" data-rows=\"1\" class=\"wc-block-grid wp-block-product-new wp-block-woocommerce-product-new wc-block-product-new has-4-columns\"><ul class=\"wc-block-grid__products\"><li class=\"wc-block-grid__product entry loop-entry content-bg woo-archive-action-on-hover woo-archive-btn-text product-loop-boxed woo-archive-image-hover-none\"><a href=\"https:\/\/formagraph-exercice.fr\/grand-mere-rene\/produit\/cadeau-spa-a-la-maison\/\" class=\"wc-block-grid__product-link woocommerce-loop-image-link woocommerce-LoopProduct-link woocommerce-loop-product__link\">\n\t\t\t\t\t<img loading=\"lazy\" decoding=\"async\" width=\"300\" height=\"300\" src=\"https:\/\/formagraph-exercice.fr\/grand-mere-rene\/wp-content\/uploads\/2026\/01\/PACK-SPA_IMGUNE_MAIN-300x300.jpg\" class=\"attachment-woocommerce_thumbnail size-woocommerce_thumbnail\" alt=\"Cadeau Spa \u00e0 la Maison\" srcset=\"https:\/\/formagraph-exercice.fr\/grand-mere-rene\/wp-content\/uploads\/2026\/01\/PACK-SPA_IMGUNE_MAIN-300x300.jpg 300w, https:\/\/formagraph-exercice.fr\/grand-mere-rene\/wp-content\/uploads\/2026\/01\/PACK-SPA_IMGUNE_MAIN-150x150.jpg 150w, https:\/\/formagraph-exercice.fr\/grand-mere-rene\/wp-content\/uploads\/2026\/01\/PACK-SPA_IMGUNE_MAIN-768x768.jpg 768w, https:\/\/formagraph-exercice.fr\/grand-mere-rene\/wp-content\/uploads\/2026\/01\/PACK-SPA_IMGUNE_MAIN-600x600.jpg 600w, https:\/\/formagraph-exercice.fr\/grand-mere-rene\/wp-content\/uploads\/2026\/01\/PACK-SPA_IMGUNE_MAIN-100x100.jpg 100w, https:\/\/formagraph-exercice.fr\/grand-mere-rene\/wp-content\/uploads\/2026\/01\/PACK-SPA_IMGUNE_MAIN-64x64.jpg 64w, https:\/\/formagraph-exercice.fr\/grand-mere-rene\/wp-content\/uploads\/2026\/01\/PACK-SPA_IMGUNE_MAIN.jpg 810w\" sizes=\"auto, (max-width: 300px) 100vw, 300px\" \/>\n\t\t\t\t\t\n\t\t\t\t<\/a>\n\t\t\t\t<div class=\"product-details content-bg entry-content-wrap\">\n\t\t\t\t\t<a href=\"https:\/\/formagraph-exercice.fr\/grand-mere-rene\/produit\/cadeau-spa-a-la-maison\/\" class=\"wc-block-grid__product-title-link\">\n\t\t\t\t\t\t<div class=\"wc-block-grid__product-title\">Cadeau Spa \u00e0 la Maison<\/div>\n\t\t\t\t\t<\/a>\n\t\t\t\t\t\n\t\t\t\t\t<div class=\"wc-block-grid__product-price price\"><span class=\"woocommerce-Price-amount amount\">45,00&nbsp;<span class=\"woocommerce-Price-currencySymbol\">&euro;<\/span><\/span> <small class=\"woocommerce-price-suffix\">eur<\/small><\/div>\n\t\t\t\t\t<div class=\"wp-block-button wc-block-grid__product-add-to-cart\"><a href=\"\/grand-mere-rene\/wp-json\/wp\/v2\/pages\/9?add-to-cart=828\" aria-label=\"Ajouter au panier\u00a0: &ldquo;Cadeau Spa \u00e0 la Maison&rdquo;\" data-quantity=\"1\" data-product_id=\"828\" data-product_sku=\"\" rel=\"nofollow\" class=\"wp-block-button__link add_to_cart_button ajax_add_to_cart\">Ajouter au panier<span class=\"kadence-svg-iconset svg-baseline\"><svg aria-hidden=\"true\" class=\"kadence-svg-icon kadence-arrow-right-alt-svg\" fill=\"currentColor\" version=\"1.1\" xmlns=\"http:\/\/www.w3.org\/2000\/svg\" width=\"27\" height=\"28\" viewBox=\"0 0 27 28\"><title>Continuer<\/title><path d=\"M27 13.953c0 0.141-0.063 0.281-0.156 0.375l-6 5.531c-0.156 0.141-0.359 0.172-0.547 0.094-0.172-0.078-0.297-0.25-0.297-0.453v-3.5h-19.5c-0.281 0-0.5-0.219-0.5-0.5v-3c0-0.281 0.219-0.5 0.5-0.5h19.5v-3.5c0-0.203 0.109-0.375 0.297-0.453s0.391-0.047 0.547 0.078l6 5.469c0.094 0.094 0.156 0.219 0.156 0.359v0z\"><\/path>\n\t\t\t\t<\/svg><\/span><span class=\"kadence-svg-iconset svg-baseline\"><svg class=\"kadence-svg-icon kadence-spinner-svg\" fill=\"currentColor\" version=\"1.1\" xmlns=\"http:\/\/www.w3.org\/2000\/svg\" width=\"16\" height=\"16\" viewBox=\"0 0 16 16\"><title>Chargement<\/title><path d=\"M16 6h-6l2.243-2.243c-1.133-1.133-2.64-1.757-4.243-1.757s-3.109 0.624-4.243 1.757c-1.133 1.133-1.757 2.64-1.757 4.243s0.624 3.109 1.757 4.243c1.133 1.133 2.64 1.757 4.243 1.757s3.109-0.624 4.243-1.757c0.095-0.095 0.185-0.192 0.273-0.292l1.505 1.317c-1.466 1.674-3.62 2.732-6.020 2.732-4.418 0-8-3.582-8-8s3.582-8 8-8c2.209 0 4.209 0.896 5.656 2.344l2.343-2.344v6z\"><\/path>\n\t\t\t\t<\/svg><\/span><span class=\"kadence-svg-iconset svg-baseline\"><svg class=\"kadence-svg-icon kadence-check-svg\" fill=\"currentColor\" version=\"1.1\" xmlns=\"http:\/\/www.w3.org\/2000\/svg\" width=\"16\" height=\"16\" viewBox=\"0 0 16 16\"><title>Termin\u00e9<\/title><path d=\"M14 2.5l-8.5 8.5-3.5-3.5-1.5 1.5 5 5 10-10z\"><\/path>\n\t\t\t\t<\/svg><\/span><\/a><\/div>\n\t\t\t\t<\/div>\n\t\t\t<\/li><li class=\"wc-block-grid__product entry loop-entry content-bg woo-archive-action-on-hover woo-archive-btn-text product-loop-boxed woo-archive-image-hover-none\"><a href=\"https:\/\/formagraph-exercice.fr\/grand-mere-rene\/produit\/pack-shampoing-bio-apres-shampoing-certifies\/\" class=\"wc-block-grid__product-link woocommerce-loop-image-link woocommerce-LoopProduct-link woocommerce-loop-product__link\">\n\t\t\t\t\t<img loading=\"lazy\" decoding=\"async\" width=\"300\" height=\"300\" src=\"https:\/\/formagraph-exercice.fr\/grand-mere-rene\/wp-content\/uploads\/2026\/01\/pack-shamp-apres-shampoing-700x700-1-300x300.webp\" class=\"attachment-woocommerce_thumbnail size-woocommerce_thumbnail\" alt=\"Pack Shampoing bio + apr\u00e8s shampoing certifi\u00e9s\" srcset=\"https:\/\/formagraph-exercice.fr\/grand-mere-rene\/wp-content\/uploads\/2026\/01\/pack-shamp-apres-shampoing-700x700-1-300x300.webp 300w, https:\/\/formagraph-exercice.fr\/grand-mere-rene\/wp-content\/uploads\/2026\/01\/pack-shamp-apres-shampoing-700x700-1-150x150.webp 150w, https:\/\/formagraph-exercice.fr\/grand-mere-rene\/wp-content\/uploads\/2026\/01\/pack-shamp-apres-shampoing-700x700-1-600x600.webp 600w, https:\/\/formagraph-exercice.fr\/grand-mere-rene\/wp-content\/uploads\/2026\/01\/pack-shamp-apres-shampoing-700x700-1-100x100.webp 100w, https:\/\/formagraph-exercice.fr\/grand-mere-rene\/wp-content\/uploads\/2026\/01\/pack-shamp-apres-shampoing-700x700-1.webp 700w\" sizes=\"auto, (max-width: 300px) 100vw, 300px\" \/>\n\t\t\t\t\t\n\t\t\t\t<\/a>\n\t\t\t\t<div class=\"product-details content-bg entry-content-wrap\">\n\t\t\t\t\t<a href=\"https:\/\/formagraph-exercice.fr\/grand-mere-rene\/produit\/pack-shampoing-bio-apres-shampoing-certifies\/\" class=\"wc-block-grid__product-title-link\">\n\t\t\t\t\t\t<div class=\"wc-block-grid__product-title\">Pack Shampoing bio + apr\u00e8s shampoing certifi\u00e9s<\/div>\n\t\t\t\t\t<\/a>\n\t\t\t\t\t\n\t\t\t\t\t<div class=\"wc-block-grid__product-price price\"><span class=\"woocommerce-Price-amount amount\">36,00&nbsp;<span class=\"woocommerce-Price-currencySymbol\">&euro;<\/span><\/span> <small class=\"woocommerce-price-suffix\">eur<\/small><\/div>\n\t\t\t\t\t<div class=\"wp-block-button wc-block-grid__product-add-to-cart\"><a href=\"\/grand-mere-rene\/wp-json\/wp\/v2\/pages\/9?add-to-cart=824\" aria-label=\"Ajouter au panier\u00a0: &ldquo;Pack Shampoing bio + apr\u00e8s shampoing certifi\u00e9s&rdquo;\" data-quantity=\"1\" data-product_id=\"824\" data-product_sku=\"\" rel=\"nofollow\" class=\"wp-block-button__link add_to_cart_button ajax_add_to_cart\">Ajouter au panier<span class=\"kadence-svg-iconset svg-baseline\"><svg aria-hidden=\"true\" class=\"kadence-svg-icon kadence-arrow-right-alt-svg\" fill=\"currentColor\" version=\"1.1\" xmlns=\"http:\/\/www.w3.org\/2000\/svg\" width=\"27\" height=\"28\" viewBox=\"0 0 27 28\"><title>Continuer<\/title><path d=\"M27 13.953c0 0.141-0.063 0.281-0.156 0.375l-6 5.531c-0.156 0.141-0.359 0.172-0.547 0.094-0.172-0.078-0.297-0.25-0.297-0.453v-3.5h-19.5c-0.281 0-0.5-0.219-0.5-0.5v-3c0-0.281 0.219-0.5 0.5-0.5h19.5v-3.5c0-0.203 0.109-0.375 0.297-0.453s0.391-0.047 0.547 0.078l6 5.469c0.094 0.094 0.156 0.219 0.156 0.359v0z\"><\/path>\n\t\t\t\t<\/svg><\/span><span class=\"kadence-svg-iconset svg-baseline\"><svg class=\"kadence-svg-icon kadence-spinner-svg\" fill=\"currentColor\" version=\"1.1\" xmlns=\"http:\/\/www.w3.org\/2000\/svg\" width=\"16\" height=\"16\" viewBox=\"0 0 16 16\"><title>Chargement<\/title><path d=\"M16 6h-6l2.243-2.243c-1.133-1.133-2.64-1.757-4.243-1.757s-3.109 0.624-4.243 1.757c-1.133 1.133-1.757 2.64-1.757 4.243s0.624 3.109 1.757 4.243c1.133 1.133 2.64 1.757 4.243 1.757s3.109-0.624 4.243-1.757c0.095-0.095 0.185-0.192 0.273-0.292l1.505 1.317c-1.466 1.674-3.62 2.732-6.020 2.732-4.418 0-8-3.582-8-8s3.582-8 8-8c2.209 0 4.209 0.896 5.656 2.344l2.343-2.344v6z\"><\/path>\n\t\t\t\t<\/svg><\/span><span class=\"kadence-svg-iconset svg-baseline\"><svg class=\"kadence-svg-icon kadence-check-svg\" fill=\"currentColor\" version=\"1.1\" xmlns=\"http:\/\/www.w3.org\/2000\/svg\" width=\"16\" height=\"16\" viewBox=\"0 0 16 16\"><title>Termin\u00e9<\/title><path d=\"M14 2.5l-8.5 8.5-3.5-3.5-1.5 1.5 5 5 10-10z\"><\/path>\n\t\t\t\t<\/svg><\/span><\/a><\/div>\n\t\t\t\t<\/div>\n\t\t\t<\/li><li class=\"wc-block-grid__product entry loop-entry content-bg woo-archive-action-on-hover woo-archive-btn-text product-loop-boxed woo-archive-image-hover-none\"><a href=\"https:\/\/formagraph-exercice.fr\/grand-mere-rene\/produit\/aloe-framboise-savon-saponifie-a-froid-a-laloe-vera-bio\/\" class=\"wc-block-grid__product-link woocommerce-loop-image-link woocommerce-LoopProduct-link woocommerce-loop-product__link\">\n\t\t\t\t\t<img loading=\"lazy\" decoding=\"async\" width=\"300\" height=\"300\" src=\"https:\/\/formagraph-exercice.fr\/grand-mere-rene\/wp-content\/uploads\/2026\/01\/Savon-saponifie-a-froid-Aloe-vera-bio-Aloe-framboise-Savonnerie-artisanale-Cosmo-Atelier-Jura-39-768x768-1-300x300.jpg\" class=\"attachment-woocommerce_thumbnail size-woocommerce_thumbnail\" alt=\"Aloe framboise, savon saponifi\u00e9 \u00e0 froid \u00e0 l\u2019aloe vera bio\" srcset=\"https:\/\/formagraph-exercice.fr\/grand-mere-rene\/wp-content\/uploads\/2026\/01\/Savon-saponifie-a-froid-Aloe-vera-bio-Aloe-framboise-Savonnerie-artisanale-Cosmo-Atelier-Jura-39-768x768-1-300x300.jpg 300w, https:\/\/formagraph-exercice.fr\/grand-mere-rene\/wp-content\/uploads\/2026\/01\/Savon-saponifie-a-froid-Aloe-vera-bio-Aloe-framboise-Savonnerie-artisanale-Cosmo-Atelier-Jura-39-768x768-1-150x150.jpg 150w, https:\/\/formagraph-exercice.fr\/grand-mere-rene\/wp-content\/uploads\/2026\/01\/Savon-saponifie-a-froid-Aloe-vera-bio-Aloe-framboise-Savonnerie-artisanale-Cosmo-Atelier-Jura-39-768x768-1-600x600.jpg 600w, https:\/\/formagraph-exercice.fr\/grand-mere-rene\/wp-content\/uploads\/2026\/01\/Savon-saponifie-a-froid-Aloe-vera-bio-Aloe-framboise-Savonnerie-artisanale-Cosmo-Atelier-Jura-39-768x768-1-100x100.jpg 100w, https:\/\/formagraph-exercice.fr\/grand-mere-rene\/wp-content\/uploads\/2026\/01\/Savon-saponifie-a-froid-Aloe-vera-bio-Aloe-framboise-Savonnerie-artisanale-Cosmo-Atelier-Jura-39-768x768-1.jpg 768w\" sizes=\"auto, (max-width: 300px) 100vw, 300px\" \/>\n\t\t\t\t\t\n\t\t\t\t<\/a>\n\t\t\t\t<div class=\"product-details content-bg entry-content-wrap\">\n\t\t\t\t\t<a href=\"https:\/\/formagraph-exercice.fr\/grand-mere-rene\/produit\/aloe-framboise-savon-saponifie-a-froid-a-laloe-vera-bio\/\" class=\"wc-block-grid__product-title-link\">\n\t\t\t\t\t\t<div class=\"wc-block-grid__product-title\">Aloe framboise, savon saponifi\u00e9 \u00e0 froid \u00e0 l\u2019aloe vera bio<\/div>\n\t\t\t\t\t<\/a>\n\t\t\t\t\t\n\t\t\t\t\t<div class=\"wc-block-grid__product-price price\"><span class=\"woocommerce-Price-amount amount\">7,50&nbsp;<span class=\"woocommerce-Price-currencySymbol\">&euro;<\/span><\/span> <small class=\"woocommerce-price-suffix\">eur<\/small><\/div>\n\t\t\t\t\t<div class=\"wp-block-button wc-block-grid__product-add-to-cart\"><a href=\"\/grand-mere-rene\/wp-json\/wp\/v2\/pages\/9?add-to-cart=820\" aria-label=\"Ajouter au panier\u00a0: &ldquo;Aloe framboise, savon saponifi\u00e9 \u00e0 froid \u00e0 l\u2019aloe vera bio&rdquo;\" data-quantity=\"1\" data-product_id=\"820\" data-product_sku=\"\" rel=\"nofollow\" class=\"wp-block-button__link add_to_cart_button ajax_add_to_cart\">Ajouter au panier<span class=\"kadence-svg-iconset svg-baseline\"><svg aria-hidden=\"true\" class=\"kadence-svg-icon kadence-arrow-right-alt-svg\" fill=\"currentColor\" version=\"1.1\" xmlns=\"http:\/\/www.w3.org\/2000\/svg\" width=\"27\" height=\"28\" viewBox=\"0 0 27 28\"><title>Continuer<\/title><path d=\"M27 13.953c0 0.141-0.063 0.281-0.156 0.375l-6 5.531c-0.156 0.141-0.359 0.172-0.547 0.094-0.172-0.078-0.297-0.25-0.297-0.453v-3.5h-19.5c-0.281 0-0.5-0.219-0.5-0.5v-3c0-0.281 0.219-0.5 0.5-0.5h19.5v-3.5c0-0.203 0.109-0.375 0.297-0.453s0.391-0.047 0.547 0.078l6 5.469c0.094 0.094 0.156 0.219 0.156 0.359v0z\"><\/path>\n\t\t\t\t<\/svg><\/span><span class=\"kadence-svg-iconset svg-baseline\"><svg class=\"kadence-svg-icon kadence-spinner-svg\" fill=\"currentColor\" version=\"1.1\" xmlns=\"http:\/\/www.w3.org\/2000\/svg\" width=\"16\" height=\"16\" viewBox=\"0 0 16 16\"><title>Chargement<\/title><path d=\"M16 6h-6l2.243-2.243c-1.133-1.133-2.64-1.757-4.243-1.757s-3.109 0.624-4.243 1.757c-1.133 1.133-1.757 2.64-1.757 4.243s0.624 3.109 1.757 4.243c1.133 1.133 2.64 1.757 4.243 1.757s3.109-0.624 4.243-1.757c0.095-0.095 0.185-0.192 0.273-0.292l1.505 1.317c-1.466 1.674-3.62 2.732-6.020 2.732-4.418 0-8-3.582-8-8s3.582-8 8-8c2.209 0 4.209 0.896 5.656 2.344l2.343-2.344v6z\"><\/path>\n\t\t\t\t<\/svg><\/span><span class=\"kadence-svg-iconset svg-baseline\"><svg class=\"kadence-svg-icon kadence-check-svg\" fill=\"currentColor\" version=\"1.1\" xmlns=\"http:\/\/www.w3.org\/2000\/svg\" width=\"16\" height=\"16\" viewBox=\"0 0 16 16\"><title>Termin\u00e9<\/title><path d=\"M14 2.5l-8.5 8.5-3.5-3.5-1.5 1.5 5 5 10-10z\"><\/path>\n\t\t\t\t<\/svg><\/span><\/a><\/div>\n\t\t\t\t<\/div>\n\t\t\t<\/li><li class=\"wc-block-grid__product entry loop-entry content-bg woo-archive-action-on-hover woo-archive-btn-text product-loop-boxed woo-archive-image-hover-none\"><a href=\"https:\/\/formagraph-exercice.fr\/grand-mere-rene\/produit\/savon-a-largile-rouge\/\" class=\"wc-block-grid__product-link woocommerce-loop-image-link woocommerce-LoopProduct-link woocommerce-loop-product__link\">\n\t\t\t\t\t<img loading=\"lazy\" decoding=\"async\" width=\"300\" height=\"300\" src=\"https:\/\/formagraph-exercice.fr\/grand-mere-rene\/wp-content\/uploads\/2026\/01\/savon-surgras-annti-rougeurs-argile-rouge-hydratant-visage-corps-motsent-1536x1536.png-300x300.webp\" class=\"attachment-woocommerce_thumbnail size-woocommerce_thumbnail\" alt=\"SAVON \u00c0 L\u2019ARGILE ROUGE\" srcset=\"https:\/\/formagraph-exercice.fr\/grand-mere-rene\/wp-content\/uploads\/2026\/01\/savon-surgras-annti-rougeurs-argile-rouge-hydratant-visage-corps-motsent-1536x1536.png-300x300.webp 300w, https:\/\/formagraph-exercice.fr\/grand-mere-rene\/wp-content\/uploads\/2026\/01\/savon-surgras-annti-rougeurs-argile-rouge-hydratant-visage-corps-motsent-1536x1536.png-1024x1024.webp 1024w, https:\/\/formagraph-exercice.fr\/grand-mere-rene\/wp-content\/uploads\/2026\/01\/savon-surgras-annti-rougeurs-argile-rouge-hydratant-visage-corps-motsent-1536x1536.png-150x150.webp 150w, https:\/\/formagraph-exercice.fr\/grand-mere-rene\/wp-content\/uploads\/2026\/01\/savon-surgras-annti-rougeurs-argile-rouge-hydratant-visage-corps-motsent-1536x1536.png-768x768.webp 768w, https:\/\/formagraph-exercice.fr\/grand-mere-rene\/wp-content\/uploads\/2026\/01\/savon-surgras-annti-rougeurs-argile-rouge-hydratant-visage-corps-motsent-1536x1536.png-1320x1320.webp 1320w, https:\/\/formagraph-exercice.fr\/grand-mere-rene\/wp-content\/uploads\/2026\/01\/savon-surgras-annti-rougeurs-argile-rouge-hydratant-visage-corps-motsent-1536x1536.png-600x600.webp 600w, https:\/\/formagraph-exercice.fr\/grand-mere-rene\/wp-content\/uploads\/2026\/01\/savon-surgras-annti-rougeurs-argile-rouge-hydratant-visage-corps-motsent-1536x1536.png-100x100.webp 100w, https:\/\/formagraph-exercice.fr\/grand-mere-rene\/wp-content\/uploads\/2026\/01\/savon-surgras-annti-rougeurs-argile-rouge-hydratant-visage-corps-motsent-1536x1536.png.webp 1536w\" sizes=\"auto, (max-width: 300px) 100vw, 300px\" \/>\n\t\t\t\t\t\n\t\t\t\t<\/a>\n\t\t\t\t<div class=\"product-details content-bg entry-content-wrap\">\n\t\t\t\t\t<a href=\"https:\/\/formagraph-exercice.fr\/grand-mere-rene\/produit\/savon-a-largile-rouge\/\" class=\"wc-block-grid__product-title-link\">\n\t\t\t\t\t\t<div class=\"wc-block-grid__product-title\">SAVON \u00c0 L\u2019ARGILE ROUGE<\/div>\n\t\t\t\t\t<\/a>\n\t\t\t\t\t\n\t\t\t\t\t<div class=\"wc-block-grid__product-price price\"><span class=\"woocommerce-Price-amount amount\">11,00&nbsp;<span class=\"woocommerce-Price-currencySymbol\">&euro;<\/span><\/span> <small class=\"woocommerce-price-suffix\">eur<\/small><\/div>\n\t\t\t\t\t<div class=\"wp-block-button wc-block-grid__product-add-to-cart\"><a href=\"\/grand-mere-rene\/wp-json\/wp\/v2\/pages\/9?add-to-cart=816\" aria-label=\"Ajouter au panier\u00a0: &ldquo;SAVON \u00c0 L\u2019ARGILE ROUGE&rdquo;\" data-quantity=\"1\" data-product_id=\"816\" data-product_sku=\"\" rel=\"nofollow\" class=\"wp-block-button__link add_to_cart_button ajax_add_to_cart\">Ajouter au panier<span class=\"kadence-svg-iconset svg-baseline\"><svg aria-hidden=\"true\" class=\"kadence-svg-icon kadence-arrow-right-alt-svg\" fill=\"currentColor\" version=\"1.1\" xmlns=\"http:\/\/www.w3.org\/2000\/svg\" width=\"27\" height=\"28\" viewBox=\"0 0 27 28\"><title>Continuer<\/title><path d=\"M27 13.953c0 0.141-0.063 0.281-0.156 0.375l-6 5.531c-0.156 0.141-0.359 0.172-0.547 0.094-0.172-0.078-0.297-0.25-0.297-0.453v-3.5h-19.5c-0.281 0-0.5-0.219-0.5-0.5v-3c0-0.281 0.219-0.5 0.5-0.5h19.5v-3.5c0-0.203 0.109-0.375 0.297-0.453s0.391-0.047 0.547 0.078l6 5.469c0.094 0.094 0.156 0.219 0.156 0.359v0z\"><\/path>\n\t\t\t\t<\/svg><\/span><span class=\"kadence-svg-iconset svg-baseline\"><svg class=\"kadence-svg-icon kadence-spinner-svg\" fill=\"currentColor\" version=\"1.1\" xmlns=\"http:\/\/www.w3.org\/2000\/svg\" width=\"16\" height=\"16\" viewBox=\"0 0 16 16\"><title>Chargement<\/title><path d=\"M16 6h-6l2.243-2.243c-1.133-1.133-2.64-1.757-4.243-1.757s-3.109 0.624-4.243 1.757c-1.133 1.133-1.757 2.64-1.757 4.243s0.624 3.109 1.757 4.243c1.133 1.133 2.64 1.757 4.243 1.757s3.109-0.624 4.243-1.757c0.095-0.095 0.185-0.192 0.273-0.292l1.505 1.317c-1.466 1.674-3.62 2.732-6.020 2.732-4.418 0-8-3.582-8-8s3.582-8 8-8c2.209 0 4.209 0.896 5.656 2.344l2.343-2.344v6z\"><\/path>\n\t\t\t\t<\/svg><\/span><span class=\"kadence-svg-iconset svg-baseline\"><svg class=\"kadence-svg-icon kadence-check-svg\" fill=\"currentColor\" version=\"1.1\" xmlns=\"http:\/\/www.w3.org\/2000\/svg\" width=\"16\" height=\"16\" viewBox=\"0 0 16 16\"><title>Termin\u00e9<\/title><path d=\"M14 2.5l-8.5 8.5-3.5-3.5-1.5 1.5 5 5 10-10z\"><\/path>\n\t\t\t\t<\/svg><\/span><\/a><\/div>\n\t\t\t\t<\/div>\n\t\t\t<\/li><\/ul><\/div><\/div>\n<\/div>\n","protected":false},"excerpt":{"rendered":"","protected":false},"author":1,"featured_media":0,"parent":0,"menu_order":0,"comment_status":"closed","ping_status":"closed","template":"","meta":{"om_disable_all_campaigns":false,"_monsterinsights_skip_tracking":false,"_monsterinsights_sitenote_active":false,"_monsterinsights_sitenote_note":"","_monsterinsights_sitenote_category":0,"_kad_post_transparent":"","_kad_post_title":"","_kad_post_layout":"","_kad_post_sidebar_id":"","_kad_post_content_style":"","_kad_post_vertical_padding":"","_kad_post_feature":"","_kad_post_feature_position":"","_kad_post_header":false,"_kad_post_footer":false,"_kad_post_classname":"","footnotes":""},"class_list":["post-9","page","type-page","status-publish","hentry"],"aioseo_notices":[],"_links":{"self":[{"href":"https:\/\/formagraph-exercice.fr\/grand-mere-rene\/wp-json\/wp\/v2\/pages\/9","targetHints":{"allow":["GET"]}}],"collection":[{"href":"https:\/\/formagraph-exercice.fr\/grand-mere-rene\/wp-json\/wp\/v2\/pages"}],"about":[{"href":"https:\/\/formagraph-exercice.fr\/grand-mere-rene\/wp-json\/wp\/v2\/types\/page"}],"author":[{"embeddable":true,"href":"https:\/\/formagraph-exercice.fr\/grand-mere-rene\/wp-json\/wp\/v2\/users\/1"}],"replies":[{"embeddable":true,"href":"https:\/\/formagraph-exercice.fr\/grand-mere-rene\/wp-json\/wp\/v2\/comments?post=9"}],"version-history":[{"count":2,"href":"https:\/\/formagraph-exercice.fr\/grand-mere-rene\/wp-json\/wp\/v2\/pages\/9\/revisions"}],"predecessor-version":[{"id":572,"href":"https:\/\/formagraph-exercice.fr\/grand-mere-rene\/wp-json\/wp\/v2\/pages\/9\/revisions\/572"}],"wp:attachment":[{"href":"https:\/\/formagraph-exercice.fr\/grand-mere-rene\/wp-json\/wp\/v2\/media?parent=9"}],"curies":[{"name":"wp","href":"https:\/\/api.w.org\/{rel}","templated":true}]}}