{"id":834,"date":"2026-01-05T13:00:34","date_gmt":"2026-01-05T13:00:34","guid":{"rendered":"https:\/\/formagraph-exercice.fr\/grand-mere-rene\/?page_id=834"},"modified":"2026-01-16T12:14:46","modified_gmt":"2026-01-16T12:14:46","slug":"cest-quoi-un-savon-saponifie-a-froid","status":"publish","type":"page","link":"https:\/\/formagraph-exercice.fr\/grand-mere-rene\/cest-quoi-un-savon-saponifie-a-froid\/","title":{"rendered":"C&rsquo;est quoi un savon saponifi\u00e9 \u00e0 froid ?"},"content":{"rendered":"<style>.kb-row-layout-id834_f1d478-fb > .kt-row-column-wrap{align-content:start;}:where(.kb-row-layout-id834_f1d478-fb > .kt-row-column-wrap) > .wp-block-kadence-column{justify-content:start;}.kb-row-layout-id834_f1d478-fb > .kt-row-column-wrap{column-gap:var(--global-kb-gap-md, 2rem);row-gap:var(--global-kb-gap-sm, 1rem);padding-top:var(--global-kb-spacing-sm, 1.5rem);padding-bottom:var(--global-kb-spacing-sm, 1.5rem);grid-template-columns:minmax(0, 1fr);}.kb-row-layout-id834_f1d478-fb{background-image:url('https:\/\/formagraph-exercice.fr\/grand-mere-rene\/wp-content\/uploads\/2026\/01\/Feuilles-e1768484662391-150x150.png');background-size:auto;background-position:62% 10%;background-attachment:fixed;background-repeat:repeat;}.kb-row-layout-id834_f1d478-fb > .kt-row-layout-overlay{opacity:0.30;}.kb-row-layout-id834_f1d478-fb .kt-row-layout-bottom-sep{height:48px;}.kb-row-layout-id834_f1d478-fb .kt-row-layout-bottom-sep svg{width:108%;}.kb-row-layout-id834_f1d478-fb .kt-row-layout-bottom-sep svg{fill:#ffffff!important;}@media all and (max-width: 1024px), only screen and (min-device-width: 1024px) and (max-device-width: 1366px) and (-webkit-min-device-pixel-ratio: 2) and (hover: none){.kb-row-layout-id834_f1d478-fb{background-attachment:scroll;}}@media all and (max-width: 1024px){.kb-row-layout-id834_f1d478-fb > .kt-row-column-wrap{grid-template-columns:minmax(0, 1fr);}}@media all and (max-width: 1024px){.kb-row-layout-id834_f1d478-fb .kt-row-layout-bottom-sep{height:px;}}@media all and (max-width: 1024px){.kb-row-layout-id834_f1d478-fb .kt-row-layout-bottom-sep svg{width:%;}}@media all and (max-width: 767px){.kb-row-layout-id834_f1d478-fb > .kt-row-column-wrap{grid-template-columns:minmax(0, 1fr);}.kb-row-layout-id834_f1d478-fb .kt-row-layout-bottom-sep{height:px;}.kb-row-layout-id834_f1d478-fb .kt-row-layout-bottom-sep svg{width:%;}}<\/style><div class=\"kb-row-layout-wrap kb-row-layout-id834_f1d478-fb alignnone kt-row-has-bg wp-block-kadence-rowlayout\"><div class=\"kt-row-layout-bottom-sep kt-row-sep-type-crvli\"><svg viewBox=\"0 0 1000 100\" preserveAspectRatio=\"none\"><path d=\"M1000,0c0,0 -420.987,98 -650,98c-229.013,0 -350,-98 -350,-98l0,100l1000,0l0,-100Z\" \/><\/svg><\/div><div class=\"kt-row-column-wrap kt-has-1-columns kt-row-layout-equal kt-tab-layout-inherit kt-mobile-layout-row kt-row-valign-top\">\n<style>.kadence-column834_2040e8-ec > .kt-inside-inner-col,.kadence-column834_2040e8-ec > .kt-inside-inner-col:before{border-top-left-radius:0px;border-top-right-radius:0px;border-bottom-right-radius:0px;border-bottom-left-radius:0px;}.kadence-column834_2040e8-ec > .kt-inside-inner-col{column-gap:var(--global-kb-gap-sm, 1rem);}.kadence-column834_2040e8-ec > .kt-inside-inner-col{flex-direction:column;}.kadence-column834_2040e8-ec > .kt-inside-inner-col > .aligncenter{width:100%;}.kadence-column834_2040e8-ec > .kt-inside-inner-col:before{opacity:0.3;}.kadence-column834_2040e8-ec{position:relative;}@media all and (max-width: 1024px){.kadence-column834_2040e8-ec > .kt-inside-inner-col{flex-direction:column;justify-content:center;}}@media all and (max-width: 767px){.kadence-column834_2040e8-ec > .kt-inside-inner-col{flex-direction:column;justify-content:center;}}<\/style>\n<div class=\"wp-block-kadence-column kadence-column834_2040e8-ec\"><div class=\"kt-inside-inner-col\"><style>.wp-block-kadence-advancedheading.kt-adv-heading834_1aca87-28, .wp-block-kadence-advancedheading.kt-adv-heading834_1aca87-28[data-kb-block=\"kb-adv-heading834_1aca87-28\"]{text-align:center;font-style:normal;font-family:Helvetica, sans-serif;}.wp-block-kadence-advancedheading.kt-adv-heading834_1aca87-28 mark.kt-highlight, .wp-block-kadence-advancedheading.kt-adv-heading834_1aca87-28[data-kb-block=\"kb-adv-heading834_1aca87-28\"] mark.kt-highlight{font-style:normal;color:#f76a0c;-webkit-box-decoration-break:clone;box-decoration-break:clone;padding-top:0px;padding-right:0px;padding-bottom:0px;padding-left:0px;}.wp-block-kadence-advancedheading.kt-adv-heading834_1aca87-28 img.kb-inline-image, .wp-block-kadence-advancedheading.kt-adv-heading834_1aca87-28[data-kb-block=\"kb-adv-heading834_1aca87-28\"] img.kb-inline-image{width:150px;vertical-align:baseline;}<\/style>\n<h2 class=\"kt-adv-heading834_1aca87-28 wp-block-kadence-advancedheading has-theme-palette-11-color has-text-color has-theme-palette-9-background-color has-background\" data-kb-block=\"kb-adv-heading834_1aca87-28\">C&rsquo;est quoi un savon saponifi\u00e9 \u00e0 froid ?&nbsp;<\/h2>\n\n\n<style>.wp-block-kadence-advancedheading.kt-adv-heading834_dbecec-6b, .wp-block-kadence-advancedheading.kt-adv-heading834_dbecec-6b[data-kb-block=\"kb-adv-heading834_dbecec-6b\"]{font-style:normal;font-family:Helvetica, sans-serif;}.wp-block-kadence-advancedheading.kt-adv-heading834_dbecec-6b mark.kt-highlight, .wp-block-kadence-advancedheading.kt-adv-heading834_dbecec-6b[data-kb-block=\"kb-adv-heading834_dbecec-6b\"] mark.kt-highlight{font-style:normal;color:#f76a0c;-webkit-box-decoration-break:clone;box-decoration-break:clone;padding-top:0px;padding-right:0px;padding-bottom:0px;padding-left:0px;}.wp-block-kadence-advancedheading.kt-adv-heading834_dbecec-6b img.kb-inline-image, .wp-block-kadence-advancedheading.kt-adv-heading834_dbecec-6b[data-kb-block=\"kb-adv-heading834_dbecec-6b\"] img.kb-inline-image{width:150px;vertical-align:baseline;}<\/style>\n<p class=\"kt-adv-heading834_dbecec-6b wp-block-kadence-advancedheading has-theme-palette-1-background-color has-background\" data-kb-block=\"kb-adv-heading834_dbecec-6b\">Un savon est le fruit d\u2019une r\u00e9action entre un&nbsp;corps gras&nbsp;(<strong>huile d\u2019olive aragonaise et huile de coco bio<\/strong>&nbsp;pour nous) \u00e0 un agent alcalin (soude pour un savon solide, potasse m\u00e9lang\u00e9e \u00e0 un corps aqueux pour un savon liquide).&nbsp;Cette r\u00e9action, appel\u00e9e saponification,&nbsp;<strong>produit du savon et de la glyc\u00e9rine<\/strong>&nbsp;!<br>Le savon lave en \u00e9liminant microbes et bact\u00e9ries, et la glyc\u00e9rine quant \u00e0 elle, permet de garder la&nbsp;<strong>peau hydrat\u00e9e<\/strong>&nbsp;puisqu&rsquo;elle reconstitue son film hydrolipidique, protecteur. Et c\u2019est \u00e7a, qui fait du bien \u00e0 votre peau,&nbsp;<strong>la glyc\u00e9rine!<\/strong><br>Si on ajoute \u00e0 la formulation de base des extraits naturels et biologiques (huiles essentielles, laits, produits de la ruche, extraits de plantes&#8230;), les savons deviennent de v\u00e9ritables&nbsp;<strong>concentr\u00e9s de nature<\/strong>&nbsp;!<br><br>Nos petits conseils :<br><strong>Choisissez un savon saponifi\u00e9 \u00e0 froid naturellement glyc\u00e9rin\u00e9 avec un surgras, plus doux pour votre peau.<\/strong><br><strong>Choisissez un savon adapt\u00e9 \u00e0 votre type de peau et\/ou probl\u00e9matique.<\/strong><br><strong>Alternez vos routines de nettoyage avec de l&rsquo;eau (ou hydrolats) notamment pour le visage.<\/strong><\/p>\n\n\n<style>.kb-image834_87c936-f5 .kb-image-has-overlay:after{opacity:0.3;}.kb-image834_87c936-f5 img.kb-img, .kb-image834_87c936-f5 .kb-img img{border-top-color:var(--global-palette1, #3182CE);border-top-style:solid;border-right-color:var(--global-palette1, #3182CE);border-right-style:solid;border-bottom-color:var(--global-palette1, #3182CE);border-bottom-style:solid;border-left-color:var(--global-palette1, #3182CE);border-left-style:solid;background-color:var(--global-palette1, #3182CE);object-position:56.00000000000001% 81%;}@media all and (max-width: 1024px){.kb-image834_87c936-f5 img.kb-img, .kb-image834_87c936-f5 .kb-img img{border-top-color:var(--global-palette1, #3182CE);border-top-style:solid;border-right-color:var(--global-palette1, #3182CE);border-right-style:solid;border-bottom-color:var(--global-palette1, #3182CE);border-bottom-style:solid;border-left-color:var(--global-palette1, #3182CE);border-left-style:solid;}}@media all and (max-width: 767px){.kb-image834_87c936-f5 img.kb-img, .kb-image834_87c936-f5 .kb-img img{border-top-color:var(--global-palette1, #3182CE);border-top-style:solid;border-right-color:var(--global-palette1, #3182CE);border-right-style:solid;border-bottom-color:var(--global-palette1, #3182CE);border-bottom-style:solid;border-left-color:var(--global-palette1, #3182CE);border-left-style:solid;}}<\/style>\n<div class=\"wp-block-kadence-image kb-image834_87c936-f5\"><figure class=\"aligncenter size-full kb-image-is-ratio-size\"><div class=\"kb-is-ratio-image kb-image-ratio-land31\"><img loading=\"lazy\" decoding=\"async\" width=\"2500\" height=\"1666\" src=\"https:\/\/formagraph-exercice.fr\/grand-mere-rene\/wp-content\/uploads\/2026\/01\/929-3-savons-pierre-eau.jpeg.webp\" alt=\"\" class=\"kb-img wp-image-840\" srcset=\"https:\/\/formagraph-exercice.fr\/grand-mere-rene\/wp-content\/uploads\/2026\/01\/929-3-savons-pierre-eau.jpeg.webp 2500w, https:\/\/formagraph-exercice.fr\/grand-mere-rene\/wp-content\/uploads\/2026\/01\/929-3-savons-pierre-eau.jpeg-300x200.webp 300w, https:\/\/formagraph-exercice.fr\/grand-mere-rene\/wp-content\/uploads\/2026\/01\/929-3-savons-pierre-eau.jpeg-1024x682.webp 1024w, https:\/\/formagraph-exercice.fr\/grand-mere-rene\/wp-content\/uploads\/2026\/01\/929-3-savons-pierre-eau.jpeg-768x512.webp 768w, https:\/\/formagraph-exercice.fr\/grand-mere-rene\/wp-content\/uploads\/2026\/01\/929-3-savons-pierre-eau.jpeg-1536x1024.webp 1536w, https:\/\/formagraph-exercice.fr\/grand-mere-rene\/wp-content\/uploads\/2026\/01\/929-3-savons-pierre-eau.jpeg-2048x1365.webp 2048w, https:\/\/formagraph-exercice.fr\/grand-mere-rene\/wp-content\/uploads\/2026\/01\/929-3-savons-pierre-eau.jpeg-1320x880.webp 1320w, https:\/\/formagraph-exercice.fr\/grand-mere-rene\/wp-content\/uploads\/2026\/01\/929-3-savons-pierre-eau.jpeg-600x400.webp 600w\" sizes=\"auto, (max-width: 2500px) 100vw, 2500px\" \/><\/div><\/figure><\/div>\n<\/div><\/div>\n\n<\/div><\/div>\n\n<style>.kb-row-layout-id834_4525eb-0d > .kt-row-column-wrap{align-content:start;}:where(.kb-row-layout-id834_4525eb-0d > .kt-row-column-wrap) > .wp-block-kadence-column{justify-content:start;}.kb-row-layout-id834_4525eb-0d > .kt-row-column-wrap{column-gap:var(--global-kb-gap-md, 2rem);row-gap:var(--global-kb-gap-md, 2rem);padding-top:var(--global-kb-spacing-sm, 1.5rem);padding-bottom:var(--global-kb-spacing-sm, 1.5rem);grid-template-columns:minmax(0, 1fr);}.kb-row-layout-id834_4525eb-0d > .kt-row-layout-overlay{opacity:0.30;}@media all and (max-width: 1024px){.kb-row-layout-id834_4525eb-0d > .kt-row-column-wrap{grid-template-columns:minmax(0, 1fr);}}@media all and (max-width: 767px){.kb-row-layout-id834_4525eb-0d > .kt-row-column-wrap{grid-template-columns:minmax(0, 1fr);}}<\/style><div class=\"kb-row-layout-wrap kb-row-layout-id834_4525eb-0d alignnone wp-block-kadence-rowlayout\"><div class=\"kt-row-column-wrap kt-has-1-columns kt-row-layout-equal kt-tab-layout-inherit kt-mobile-layout-row kt-row-valign-top\">\n<style>.kadence-column834_28270e-70 > .kt-inside-inner-col,.kadence-column834_28270e-70 > .kt-inside-inner-col:before{border-top-left-radius:0px;border-top-right-radius:0px;border-bottom-right-radius:0px;border-bottom-left-radius:0px;}.kadence-column834_28270e-70 > .kt-inside-inner-col{column-gap:var(--global-kb-gap-sm, 1rem);}.kadence-column834_28270e-70 > .kt-inside-inner-col{flex-direction:column;}.kadence-column834_28270e-70 > .kt-inside-inner-col > .aligncenter{width:100%;}.kadence-column834_28270e-70 > .kt-inside-inner-col:before{opacity:0.3;}.kadence-column834_28270e-70{position:relative;}@media all and (max-width: 1024px){.kadence-column834_28270e-70 > .kt-inside-inner-col{flex-direction:column;justify-content:center;}}@media all and (max-width: 767px){.kadence-column834_28270e-70 > .kt-inside-inner-col{flex-direction:column;justify-content:center;}}<\/style>\n<div class=\"wp-block-kadence-column kadence-column834_28270e-70\"><div class=\"kt-inside-inner-col\"><style>.kb-image834_464c9b-89 .kb-image-has-overlay:after{opacity:0.3;}.kb-image834_464c9b-89 img.kb-img, .kb-image834_464c9b-89 .kb-img img{border-top-color:var(--global-palette2, #2B6CB0);border-top-style:solid;border-right-color:var(--global-palette2, #2B6CB0);border-right-style:solid;border-bottom-color:var(--global-palette2, #2B6CB0);border-bottom-style:solid;border-left-color:var(--global-palette2, #2B6CB0);border-left-style:solid;background-color:var(--global-palette9, #ffffff);}@media all and (max-width: 1024px){.kb-image834_464c9b-89 img.kb-img, .kb-image834_464c9b-89 .kb-img img{border-top-color:var(--global-palette2, #2B6CB0);border-top-style:solid;border-right-color:var(--global-palette2, #2B6CB0);border-right-style:solid;border-bottom-color:var(--global-palette2, #2B6CB0);border-bottom-style:solid;border-left-color:var(--global-palette2, #2B6CB0);border-left-style:solid;}}@media all and (max-width: 767px){.kb-image834_464c9b-89 img.kb-img, .kb-image834_464c9b-89 .kb-img img{border-top-color:var(--global-palette2, #2B6CB0);border-top-style:solid;border-right-color:var(--global-palette2, #2B6CB0);border-right-style:solid;border-bottom-color:var(--global-palette2, #2B6CB0);border-bottom-style:solid;border-left-color:var(--global-palette2, #2B6CB0);border-left-style:solid;}}<\/style>\n<figure class=\"wp-block-kadence-image kb-image834_464c9b-89 size-full\"><img loading=\"lazy\" decoding=\"async\" width=\"2000\" height=\"550\" src=\"https:\/\/formagraph-exercice.fr\/grand-mere-rene\/wp-content\/uploads\/2026\/01\/fabrication-a-froid-savon-saponifie-a-froid-savonnerie-des-eaux-chaudes.png.webp\" alt=\"\" class=\"kb-img wp-image-841\" srcset=\"https:\/\/formagraph-exercice.fr\/grand-mere-rene\/wp-content\/uploads\/2026\/01\/fabrication-a-froid-savon-saponifie-a-froid-savonnerie-des-eaux-chaudes.png.webp 2000w, https:\/\/formagraph-exercice.fr\/grand-mere-rene\/wp-content\/uploads\/2026\/01\/fabrication-a-froid-savon-saponifie-a-froid-savonnerie-des-eaux-chaudes.png-300x83.webp 300w, https:\/\/formagraph-exercice.fr\/grand-mere-rene\/wp-content\/uploads\/2026\/01\/fabrication-a-froid-savon-saponifie-a-froid-savonnerie-des-eaux-chaudes.png-1024x282.webp 1024w, https:\/\/formagraph-exercice.fr\/grand-mere-rene\/wp-content\/uploads\/2026\/01\/fabrication-a-froid-savon-saponifie-a-froid-savonnerie-des-eaux-chaudes.png-768x211.webp 768w, https:\/\/formagraph-exercice.fr\/grand-mere-rene\/wp-content\/uploads\/2026\/01\/fabrication-a-froid-savon-saponifie-a-froid-savonnerie-des-eaux-chaudes.png-1536x422.webp 1536w, https:\/\/formagraph-exercice.fr\/grand-mere-rene\/wp-content\/uploads\/2026\/01\/fabrication-a-froid-savon-saponifie-a-froid-savonnerie-des-eaux-chaudes.png-1320x363.webp 1320w, https:\/\/formagraph-exercice.fr\/grand-mere-rene\/wp-content\/uploads\/2026\/01\/fabrication-a-froid-savon-saponifie-a-froid-savonnerie-des-eaux-chaudes.png-600x165.webp 600w\" sizes=\"auto, (max-width: 2000px) 100vw, 2000px\" \/><\/figure>\n<\/div><\/div>\n\n<\/div><\/div>\n\n\n<p><\/p>\n","protected":false},"excerpt":{"rendered":"<p>C&rsquo;est quoi un savon saponifi\u00e9 \u00e0 froid ?&nbsp; Un savon est le fruit d\u2019une r\u00e9action entre un&nbsp;corps gras&nbsp;(huile d\u2019olive aragonaise et huile de coco bio&nbsp;pour nous) \u00e0 un agent alcalin (soude pour un savon solide, potasse m\u00e9lang\u00e9e \u00e0 un corps aqueux pour un savon liquide).&nbsp;Cette r\u00e9action, appel\u00e9e saponification,&nbsp;produit du savon et de la glyc\u00e9rine&nbsp;!Le savon&#8230;<\/p>\n","protected":false},"author":1,"featured_media":0,"parent":0,"menu_order":0,"comment_status":"closed","ping_status":"closed","template":"","meta":{"om_disable_all_campaigns":false,"_monsterinsights_skip_tracking":false,"_monsterinsights_sitenote_active":false,"_monsterinsights_sitenote_note":"","_monsterinsights_sitenote_category":0,"_kad_post_transparent":"","_kad_post_title":"","_kad_post_layout":"","_kad_post_sidebar_id":"","_kad_post_content_style":"","_kad_post_vertical_padding":"","_kad_post_feature":"","_kad_post_feature_position":"","_kad_post_header":false,"_kad_post_footer":false,"_kad_post_classname":"","footnotes":""},"class_list":["post-834","page","type-page","status-publish","hentry"],"aioseo_notices":[],"_links":{"self":[{"href":"https:\/\/formagraph-exercice.fr\/grand-mere-rene\/wp-json\/wp\/v2\/pages\/834","targetHints":{"allow":["GET"]}}],"collection":[{"href":"https:\/\/formagraph-exercice.fr\/grand-mere-rene\/wp-json\/wp\/v2\/pages"}],"about":[{"href":"https:\/\/formagraph-exercice.fr\/grand-mere-rene\/wp-json\/wp\/v2\/types\/page"}],"author":[{"embeddable":true,"href":"https:\/\/formagraph-exercice.fr\/grand-mere-rene\/wp-json\/wp\/v2\/users\/1"}],"replies":[{"embeddable":true,"href":"https:\/\/formagraph-exercice.fr\/grand-mere-rene\/wp-json\/wp\/v2\/comments?post=834"}],"version-history":[{"count":11,"href":"https:\/\/formagraph-exercice.fr\/grand-mere-rene\/wp-json\/wp\/v2\/pages\/834\/revisions"}],"predecessor-version":[{"id":1131,"href":"https:\/\/formagraph-exercice.fr\/grand-mere-rene\/wp-json\/wp\/v2\/pages\/834\/revisions\/1131"}],"wp:attachment":[{"href":"https:\/\/formagraph-exercice.fr\/grand-mere-rene\/wp-json\/wp\/v2\/media?parent=834"}],"curies":[{"name":"wp","href":"https:\/\/api.w.org\/{rel}","templated":true}]}}