{"id":199,"date":"2025-11-02T11:59:40","date_gmt":"2025-11-02T11:59:40","guid":{"rendered":"http:\/\/ma-boutique.local\/?page_id=199"},"modified":"2026-01-07T09:12:25","modified_gmt":"2026-01-07T09:12:25","slug":"qui-sommes-nous","status":"publish","type":"page","link":"https:\/\/formagraph-exercice.fr\/grand-mere-rene\/qui-sommes-nous\/","title":{"rendered":"Qui sommes nous ?"},"content":{"rendered":"<style>.kb-row-layout-id199_8e52e1-0e > .kt-row-column-wrap{align-content:center;}:where(.kb-row-layout-id199_8e52e1-0e > .kt-row-column-wrap) > .wp-block-kadence-column{justify-content:center;}.kb-row-layout-id199_8e52e1-0e > .kt-row-column-wrap{column-gap:var(--global-kb-gap-md, 2rem);row-gap:var(--global-kb-gap-md, 2rem);max-width:var( --global-content-width, 1290px );padding-left:var(--global-content-edge-padding);padding-right:var(--global-content-edge-padding);padding-top:var(--global-kb-spacing-xxl, 5rem);padding-bottom:var(--global-kb-spacing-xxl, 5rem);min-height:450px;grid-template-columns:minmax(0, 1fr);}.kb-row-layout-id199_8e52e1-0e{background-image:url('https:\/\/formagraph-exercice.fr\/grand-mere-rene\/wp-content\/uploads\/2025\/11\/dessin-fleurs.webp');background-size:auto;background-position:center center;background-attachment:fixed;background-repeat:repeat;}.kb-row-layout-id199_8e52e1-0e > .kt-row-layout-overlay{opacity:0.75;background:linear-gradient(90deg,var(--global-palette1) 0%,var(--global-palette2) 100%);}@media all and (max-width: 1024px), only screen and (min-device-width: 1024px) and (max-device-width: 1366px) and (-webkit-min-device-pixel-ratio: 2) and (hover: none){.kb-row-layout-id199_8e52e1-0e{background-attachment:scroll;}}@media all and (max-width: 1024px){.kb-row-layout-id199_8e52e1-0e > .kt-row-column-wrap{grid-template-columns:minmax(0, 1fr);}}@media all and (max-width: 767px){.kb-row-layout-id199_8e52e1-0e > .kt-row-column-wrap{grid-template-columns:minmax(0, 1fr);}}<\/style><div class=\"kb-row-layout-wrap kb-row-layout-id199_8e52e1-0e alignfull kt-row-has-bg wp-block-kadence-rowlayout\"><div class=\"kt-row-layout-overlay kt-row-overlay-gradient\"><\/div><div class=\"kt-row-column-wrap kt-has-1-columns kt-row-layout-equal kt-tab-layout-inherit kt-mobile-layout-row kt-row-valign-middle kb-theme-content-width\">\n<style>.kadence-column199_92be2e-65 > .kt-inside-inner-col,.kadence-column199_92be2e-65 > .kt-inside-inner-col:before{border-top-left-radius:0px;border-top-right-radius:0px;border-bottom-right-radius:0px;border-bottom-left-radius:0px;}.kadence-column199_92be2e-65 > .kt-inside-inner-col{column-gap:var(--global-kb-gap-sm, 1rem);}.kadence-column199_92be2e-65 > .kt-inside-inner-col{flex-direction:column;}.kadence-column199_92be2e-65 > .kt-inside-inner-col > .aligncenter{width:100%;}.kadence-column199_92be2e-65 > .kt-inside-inner-col:before{opacity:0.3;}.kadence-column199_92be2e-65{position:relative;}@media all and (max-width: 1024px){.kadence-column199_92be2e-65 > .kt-inside-inner-col{flex-direction:column;justify-content:center;}}@media all and (max-width: 767px){.kadence-column199_92be2e-65 > .kt-inside-inner-col{flex-direction:column;justify-content:center;}}<\/style>\n<div class=\"wp-block-kadence-column kadence-column199_92be2e-65\"><div class=\"kt-inside-inner-col\"><style>.kb-image199_ee2510-5d .kb-image-has-overlay:after{opacity:0.3;}<\/style>\n<div class=\"wp-block-kadence-image kb-image199_ee2510-5d\"><figure class=\"aligncenter\"><img loading=\"lazy\" decoding=\"async\" width=\"383\" height=\"399\" src=\"https:\/\/formagraph-exercice.fr\/grand-mere-rene\/wp-content\/uploads\/2025\/11\/logo-pour-site-internet-1.png\" alt=\"\" class=\"kb-img wp-image-122\" srcset=\"https:\/\/formagraph-exercice.fr\/grand-mere-rene\/wp-content\/uploads\/2025\/11\/logo-pour-site-internet-1.png 383w, https:\/\/formagraph-exercice.fr\/grand-mere-rene\/wp-content\/uploads\/2025\/11\/logo-pour-site-internet-1-288x300.png 288w\" sizes=\"auto, (max-width: 383px) 100vw, 383px\" \/><\/figure><\/div>\n<\/div><\/div>\n\n<\/div><\/div>\n\n\n<p class=\"has-text-align-center has-theme-palette-4-color has-theme-palette-9-background-color has-text-color has-background has-link-color has-large-font-size wp-elements-ceaa0e2b71ff2a000337f2c962dcc7b2\">Pr\u00e9sentation de \u00ab\u00a0Grand-M\u00e8re Ren\u00e9e\u00a0\u00bb<\/p>\n\n\n\n<p>\u00a0\u00bb Grand-M\u00e8re Ren\u00e9e\u00a0\u00bb est bien plus qu\u2019une simple boutique de marques de cosm\u00e9tiques naturels. C\u2019est une histoire de transmission, d\u2019authenticit\u00e9 et de respect de la nature, inspir\u00e9e par ma grand-m\u00e8re, Ren\u00e9e, une femme passionn\u00e9e par le pouvoir des plantes.<\/p>\n\n\n\n<p>\u00c0 la ferme, elle cueillait les tr\u00e9sors que la nature lui offrait pour fabriquer ses propres rem\u00e8des et soins pour la peau. Chaque produit qu\u2019elle cr\u00e9ait \u00e9tait le fruit d\u2019un savoir-faire artisanal et d\u2019une profonde connaissance des plantes locales.<\/p>\n\n\n\n<p class=\"has-theme-palette-4-color has-theme-palette-9-background-color has-text-color has-background has-link-color has-medium-font-size wp-elements-41e7c5e8ae21c61df1f04a0dc3a13662\">Aujourd\u2019hui, \u00e0 travers cette boutique, je souhaite rendre hommage \u00e0 cet h\u00e9ritage pr\u00e9cieux en proposant des cosm\u00e9tiques naturels, sains et \u00e9coresponsables. Mes produits allient tradition et modernit\u00e9, en utilisant des formulations respectueuses de la peau et de l\u2019environnement, tout en respectant les r\u00e9glementations actuelles.<\/p>\n\n\n<style>.kb-row-layout-id199_b0f39d-f1 > .kt-row-column-wrap{align-content:start;}:where(.kb-row-layout-id199_b0f39d-f1 > .kt-row-column-wrap) > .wp-block-kadence-column{justify-content:start;}.kb-row-layout-id199_b0f39d-f1 > .kt-row-column-wrap{column-gap:var(--global-kb-gap-md, 2rem);row-gap:var(--global-kb-gap-md, 2rem);padding-top:var(--global-kb-spacing-sm, 1.5rem);padding-bottom:var(--global-kb-spacing-sm, 1.5rem);grid-template-columns:minmax(0, 1fr);}.kb-row-layout-id199_b0f39d-f1 > .kt-row-layout-overlay{opacity:0.30;}@media all and (max-width: 1024px){.kb-row-layout-id199_b0f39d-f1 > .kt-row-column-wrap{grid-template-columns:minmax(0, 1fr);}}@media all and (max-width: 767px){.kb-row-layout-id199_b0f39d-f1 > .kt-row-column-wrap{grid-template-columns:minmax(0, 1fr);}}<\/style><div class=\"kb-row-layout-wrap kb-row-layout-id199_b0f39d-f1 alignnone wp-block-kadence-rowlayout\"><div class=\"kt-row-column-wrap kt-has-1-columns kt-row-layout-equal kt-tab-layout-inherit kt-mobile-layout-row kt-row-valign-top\">\n<style>.kadence-column199_f62a0c-b6 > .kt-inside-inner-col,.kadence-column199_f62a0c-b6 > .kt-inside-inner-col:before{border-top-left-radius:0px;border-top-right-radius:0px;border-bottom-right-radius:0px;border-bottom-left-radius:0px;}.kadence-column199_f62a0c-b6 > .kt-inside-inner-col{column-gap:var(--global-kb-gap-sm, 1rem);}.kadence-column199_f62a0c-b6 > .kt-inside-inner-col{flex-direction:column;}.kadence-column199_f62a0c-b6 > .kt-inside-inner-col > .aligncenter{width:100%;}.kadence-column199_f62a0c-b6 > .kt-inside-inner-col:before{opacity:0.3;}.kadence-column199_f62a0c-b6{position:relative;}@media all and (max-width: 1024px){.kadence-column199_f62a0c-b6 > .kt-inside-inner-col{flex-direction:column;justify-content:center;}}@media all and (max-width: 767px){.kadence-column199_f62a0c-b6 > .kt-inside-inner-col{flex-direction:column;justify-content:center;}}<\/style>\n<div class=\"wp-block-kadence-column kadence-column199_f62a0c-b6\"><div class=\"kt-inside-inner-col\"><style>.kb-image199_7433ab-0e.kb-image-is-ratio-size, .kb-image199_7433ab-0e .kb-image-is-ratio-size{max-width:777px;width:100%;}.wp-block-kadence-column > .kt-inside-inner-col > .kb-image199_7433ab-0e.kb-image-is-ratio-size, .wp-block-kadence-column > .kt-inside-inner-col > .kb-image199_7433ab-0e .kb-image-is-ratio-size{align-self:unset;}.kb-image199_7433ab-0e figure{max-width:777px;}.kb-image199_7433ab-0e .image-is-svg, .kb-image199_7433ab-0e .image-is-svg img{width:100%;}.kb-image199_7433ab-0e .kb-image-has-overlay:after{opacity:0.3;}<\/style>\n<div class=\"wp-block-kadence-image kb-image199_7433ab-0e\"><figure class=\"aligncenter size-full\"><img loading=\"lazy\" decoding=\"async\" width=\"1366\" height=\"768\" src=\"https:\/\/formagraph-exercice.fr\/grand-mere-rene\/wp-content\/uploads\/2026\/01\/Christelle-Ducray.png\" alt=\"\" class=\"kb-img wp-image-868\" srcset=\"https:\/\/formagraph-exercice.fr\/grand-mere-rene\/wp-content\/uploads\/2026\/01\/Christelle-Ducray.png 1366w, https:\/\/formagraph-exercice.fr\/grand-mere-rene\/wp-content\/uploads\/2026\/01\/Christelle-Ducray-300x169.png 300w, https:\/\/formagraph-exercice.fr\/grand-mere-rene\/wp-content\/uploads\/2026\/01\/Christelle-Ducray-1024x576.png 1024w, https:\/\/formagraph-exercice.fr\/grand-mere-rene\/wp-content\/uploads\/2026\/01\/Christelle-Ducray-768x432.png 768w, https:\/\/formagraph-exercice.fr\/grand-mere-rene\/wp-content\/uploads\/2026\/01\/Christelle-Ducray-1320x742.png 1320w, https:\/\/formagraph-exercice.fr\/grand-mere-rene\/wp-content\/uploads\/2026\/01\/Christelle-Ducray-600x337.png 600w, https:\/\/formagraph-exercice.fr\/grand-mere-rene\/wp-content\/uploads\/2026\/01\/Christelle-Ducray-64x36.png 64w\" sizes=\"auto, (max-width: 1366px) 100vw, 1366px\" \/><\/figure><\/div>\n<\/div><\/div>\n\n<\/div><\/div>","protected":false},"excerpt":{"rendered":"<p>Pr\u00e9sentation de \u00ab\u00a0Grand-M\u00e8re Ren\u00e9e\u00a0\u00bb \u00a0\u00bb Grand-M\u00e8re Ren\u00e9e\u00a0\u00bb est bien plus qu\u2019une simple boutique de marques de cosm\u00e9tiques naturels. C\u2019est une histoire de transmission, d\u2019authenticit\u00e9 et de respect de la nature, inspir\u00e9e par ma grand-m\u00e8re, Ren\u00e9e, une femme passionn\u00e9e par le pouvoir des plantes. \u00c0 la ferme, elle cueillait les tr\u00e9sors que la nature lui offrait&#8230;<\/p>\n","protected":false},"author":1,"featured_media":0,"parent":0,"menu_order":0,"comment_status":"closed","ping_status":"closed","template":"","meta":{"om_disable_all_campaigns":false,"_monsterinsights_skip_tracking":false,"_monsterinsights_sitenote_active":false,"_monsterinsights_sitenote_note":"","_monsterinsights_sitenote_category":0,"_kad_post_transparent":"","_kad_post_title":"","_kad_post_layout":"","_kad_post_sidebar_id":"","_kad_post_content_style":"","_kad_post_vertical_padding":"","_kad_post_feature":"","_kad_post_feature_position":"","_kad_post_header":false,"_kad_post_footer":false,"_kad_post_classname":"","footnotes":""},"class_list":["post-199","page","type-page","status-publish","hentry"],"aioseo_notices":[],"_links":{"self":[{"href":"https:\/\/formagraph-exercice.fr\/grand-mere-rene\/wp-json\/wp\/v2\/pages\/199","targetHints":{"allow":["GET"]}}],"collection":[{"href":"https:\/\/formagraph-exercice.fr\/grand-mere-rene\/wp-json\/wp\/v2\/pages"}],"about":[{"href":"https:\/\/formagraph-exercice.fr\/grand-mere-rene\/wp-json\/wp\/v2\/types\/page"}],"author":[{"embeddable":true,"href":"https:\/\/formagraph-exercice.fr\/grand-mere-rene\/wp-json\/wp\/v2\/users\/1"}],"replies":[{"embeddable":true,"href":"https:\/\/formagraph-exercice.fr\/grand-mere-rene\/wp-json\/wp\/v2\/comments?post=199"}],"version-history":[{"count":4,"href":"https:\/\/formagraph-exercice.fr\/grand-mere-rene\/wp-json\/wp\/v2\/pages\/199\/revisions"}],"predecessor-version":[{"id":905,"href":"https:\/\/formagraph-exercice.fr\/grand-mere-rene\/wp-json\/wp\/v2\/pages\/199\/revisions\/905"}],"wp:attachment":[{"href":"https:\/\/formagraph-exercice.fr\/grand-mere-rene\/wp-json\/wp\/v2\/media?parent=199"}],"curies":[{"name":"wp","href":"https:\/\/api.w.org\/{rel}","templated":true}]}}