{"id":1527,"date":"2026-01-14T18:42:43","date_gmt":"2026-01-14T17:42:43","guid":{"rendered":"https:\/\/formagraph-exercice.fr\/comics-corner-box\/?post_type=product&#038;p=1527"},"modified":"2026-01-21T11:47:14","modified_gmt":"2026-01-21T10:47:14","slug":"helen-de-wyndhorn","status":"publish","type":"product","link":"https:\/\/formagraph-exercice.fr\/comics-corner-box\/?product=helen-de-wyndhorn","title":{"rendered":"Helen De Wyndhorn"},"content":{"rendered":"<p>Une histoire fantastique \u00e0 la crois\u00e9e du Magicien d&rsquo;Oz et de Conan le Barbare Apr\u00e8s la mort tragique de son p\u00e8re C.K. Cole, un c\u00e9l\u00e8bre \u00e9crivain de pulps, Helen doit aller vivre dans l&rsquo;immense propri\u00e9t\u00e9 de son grand-p\u00e8re, Wyndhorn House. Marqu\u00e9e par cette disparition, la jeune femme perdue et rebelle est projet\u00e9e dans un monde nouveau. Elle ne le sait pas encore, mais bient\u00f4t son existence tout enti\u00e8re va \u00eatre boulevers\u00e9e&#8230; Un soir, pr\u00e8s du bois, elle est attaqu\u00e9e avec sa gouvernante par une cr\u00e9ature mal\u00e9fique qui semble tout droit sortie d&rsquo;un roman de fantasy ! Brandissant une hache, son grand-p\u00e8re arrive juste \u00e0 temps pour les sauver. Mais cet accident n&rsquo;a rien d&rsquo;anodin. Peu \u00e0 peu Helen, va se rendre compte qu&rsquo;\u00e0 l&rsquo;ext\u00e9rieur des murs vivent des cr\u00e9atures l\u00e9gendaires semblables \u00e0 celles qui peuplaient autrefois les r\u00e9cits de son p\u00e8re. Comment est-ce possible ? Commence alors un fabuleux voyage initiatique en compagnie de son grand-p\u00e8re, qui va lui r\u00e9v\u00e9ler un univers diff\u00e9rent de ce qu&rsquo;elle a connu jusqu&rsquo;ici. Tom King nous plonge dans le secret et le myst\u00e8re en ancrant son r\u00e9cit dans un univers fantastique, auquel Bilquis Evely apporte toute sa fantaisie et son talent gr\u00e2ce \u00e0 son trait onirique, \u00e0 la fois moderne et pr\u00e9cis, qui rappelle la beaut\u00e9 majestueuse des gravures. Une p\u00e9pite graphique qui nous transporte loin pour une aventure pleine de suspense et de rebondissements.<\/p>\n","protected":false},"excerpt":{"rendered":"<div class=\"flex flex-col text-sm pb-25\">\n<article class=\"text-token-text-primary w-full focus:outline-none [--shadow-height:45px] has-data-writing-block:pointer-events-none has-data-writing-block:-mt-(--shadow-height) has-data-writing-block:pt-(--shadow-height) [&amp;:has([data-writing-block])&gt;*]:pointer-events-auto scroll-mt-[calc(var(--header-height)+min(200px,max(70px,20svh)))]\" dir=\"auto\" tabindex=\"-1\" data-turn-id=\"453e4466-2c7a-4ec1-af15-538ecfb2d109\" data-testid=\"conversation-turn-22\" data-scroll-anchor=\"true\" data-turn=\"assistant\">\n<div class=\"text-base my-auto mx-auto pb-10 [--thread-content-margin:--spacing(4)] @w-sm\/main:[--thread-content-margin:--spacing(6)] @w-lg\/main:[--thread-content-margin:--spacing(16)] px-(--thread-content-margin)\">\n<div class=\"[--thread-content-max-width:40rem] @w-lg\/main:[--thread-content-max-width:48rem] mx-auto max-w-(--thread-content-max-width) flex-1 group\/turn-messages focus-visible:outline-hidden relative flex w-full min-w-0 flex-col agent-turn\" tabindex=\"-1\">\n<div class=\"flex max-w-full flex-col grow\">\n<div class=\"min-h-8 text-message relative flex w-full flex-col items-end gap-2 text-start break-words whitespace-normal [.text-message+&amp;]:mt-1\" dir=\"auto\" data-message-author-role=\"assistant\" data-message-id=\"f74454db-4438-4dbe-b8a0-0e925b5ccf21\" data-message-model-slug=\"gpt-5-mini\">\n<div class=\"flex w-full flex-col gap-1 empty:hidden first:pt-[1px]\">\n<div class=\"markdown prose dark:prose-invert w-full break-words dark markdown-new-styling\">\n<p data-start=\"0\" data-end=\"197\" data-is-last-node=\"\" data-is-only-node=\"\">Apr\u00e8s la mort de son p\u00e8re, Helen d\u00e9couvre avec son grand-p\u00e8re un monde fantastique peupl\u00e9 de cr\u00e9atures l\u00e9gendaires, vivant une aventure initiatique pleine de myst\u00e8re.<\/p>\n<\/div>\n<\/div>\n<\/div>\n<\/div>\n<\/div>\n<\/div>\n<\/article>\n<\/div>\n","protected":false},"featured_media":1526,"comment_status":"open","ping_status":"closed","template":"","meta":{"_kad_post_transparent":"default","_kad_post_title":"","_kad_post_layout":"default","_kad_post_sidebar_id":"","_kad_post_content_style":"default","_kad_post_vertical_padding":"default","_kad_post_feature":"","_kad_post_feature_position":"","_kad_post_header":false,"_kad_post_footer":false,"_kad_post_classname":""},"product_brand":[85],"product_cat":[38],"product_tag":[],"class_list":{"0":"post-1527","1":"product","2":"type-product","3":"status-publish","4":"has-post-thumbnail","6":"product_brand-glenat-comics","7":"product_cat-independant","9":"first","10":"instock","11":"taxable","12":"shipping-taxable","13":"purchasable","14":"product-type-simple","15":"entry","16":"content-bg","17":"loop-entry"},"aioseo_notices":[],"_links":{"self":[{"href":"https:\/\/formagraph-exercice.fr\/comics-corner-box\/index.php?rest_route=\/wp\/v2\/product\/1527","targetHints":{"allow":["GET"]}}],"collection":[{"href":"https:\/\/formagraph-exercice.fr\/comics-corner-box\/index.php?rest_route=\/wp\/v2\/product"}],"about":[{"href":"https:\/\/formagraph-exercice.fr\/comics-corner-box\/index.php?rest_route=\/wp\/v2\/types\/product"}],"replies":[{"embeddable":true,"href":"https:\/\/formagraph-exercice.fr\/comics-corner-box\/index.php?rest_route=%2Fwp%2Fv2%2Fcomments&post=1527"}],"wp:featuredmedia":[{"embeddable":true,"href":"https:\/\/formagraph-exercice.fr\/comics-corner-box\/index.php?rest_route=\/wp\/v2\/media\/1526"}],"wp:attachment":[{"href":"https:\/\/formagraph-exercice.fr\/comics-corner-box\/index.php?rest_route=%2Fwp%2Fv2%2Fmedia&parent=1527"}],"wp:term":[{"taxonomy":"product_brand","embeddable":true,"href":"https:\/\/formagraph-exercice.fr\/comics-corner-box\/index.php?rest_route=%2Fwp%2Fv2%2Fproduct_brand&post=1527"},{"taxonomy":"product_cat","embeddable":true,"href":"https:\/\/formagraph-exercice.fr\/comics-corner-box\/index.php?rest_route=%2Fwp%2Fv2%2Fproduct_cat&post=1527"},{"taxonomy":"product_tag","embeddable":true,"href":"https:\/\/formagraph-exercice.fr\/comics-corner-box\/index.php?rest_route=%2Fwp%2Fv2%2Fproduct_tag&post=1527"}],"curies":[{"name":"wp","href":"https:\/\/api.w.org\/{rel}","templated":true}]}}