{"id":1515,"date":"2026-01-14T18:28:49","date_gmt":"2026-01-14T17:28:49","guid":{"rendered":"https:\/\/formagraph-exercice.fr\/comics-corner-box\/?post_type=product&#038;p=1515"},"modified":"2026-01-26T22:28:11","modified_gmt":"2026-01-26T21:28:11","slug":"x-men-t01-pax-krakoa","status":"publish","type":"product","link":"https:\/\/formagraph-exercice.fr\/comics-corner-box\/?product=x-men-t01-pax-krakoa","title":{"rendered":"X-men T01 \u2013 Pax Krakoa"},"content":{"rendered":"<p>Un nouveau monde s&rsquo;est ouvert aux mutants du monde entier, et le futur ne s&rsquo;est jamais annonc\u00e9 si lumineux ! D\u00e9couvrez la face optimiste de ce renouveau gr\u00e2ce \u00e0 la famille Summers, ainsi que les c\u00f4t\u00e9s plus sombres d\u2019un paradis qui repose sur des r\u00e8gles strictes.<\/p>\n","protected":false},"excerpt":{"rendered":"<div class=\"flex flex-col text-sm pb-25\">\n<article class=\"text-token-text-primary w-full focus:outline-none [--shadow-height:45px] has-data-writing-block:pointer-events-none has-data-writing-block:-mt-(--shadow-height) has-data-writing-block:pt-(--shadow-height) [&amp;:has([data-writing-block])&gt;*]:pointer-events-auto scroll-mt-[calc(var(--header-height)+min(200px,max(70px,20svh)))]\" dir=\"auto\" tabindex=\"-1\" data-turn-id=\"request-6967cc88-f784-8329-afd3-20e8c6366e59-2\" data-testid=\"conversation-turn-18\" data-scroll-anchor=\"true\" data-turn=\"assistant\">\n<div class=\"text-base my-auto mx-auto pb-10 [--thread-content-margin:--spacing(4)] @w-sm\/main:[--thread-content-margin:--spacing(6)] @w-lg\/main:[--thread-content-margin:--spacing(16)] px-(--thread-content-margin)\">\n<div class=\"[--thread-content-max-width:40rem] @w-lg\/main:[--thread-content-max-width:48rem] mx-auto max-w-(--thread-content-max-width) flex-1 group\/turn-messages focus-visible:outline-hidden relative flex w-full min-w-0 flex-col agent-turn\" tabindex=\"-1\">\n<div class=\"flex max-w-full flex-col grow\">\n<div class=\"min-h-8 text-message relative flex w-full flex-col items-end gap-2 text-start break-words whitespace-normal [.text-message+&amp;]:mt-1\" dir=\"auto\" data-message-author-role=\"assistant\" data-message-id=\"a1f275b7-a53f-485a-8b72-a2f732321d9f\" data-message-model-slug=\"gpt-5-2\">\n<div class=\"flex w-full flex-col gap-1 empty:hidden first:pt-[1px]\">\n<div class=\"markdown prose dark:prose-invert w-full break-words dark markdown-new-styling\">\n<p data-start=\"0\" data-end=\"190\" data-is-last-node=\"\" data-is-only-node=\"\">Un nouvel \u00e2ge s\u2019ouvre pour les mutants, plein d\u2019espoir, vu \u00e0 travers la famille Summers, mais ce paradis r\u00e9v\u00e8le aussi des zones d\u2019ombre et des r\u00e8gles strictes.<\/p>\n<\/div>\n<\/div>\n<\/div>\n<\/div>\n<\/div>\n<\/div>\n<\/article>\n<\/div>\n","protected":false},"featured_media":1503,"comment_status":"open","ping_status":"closed","template":"","meta":{"_kad_post_transparent":"default","_kad_post_title":"","_kad_post_layout":"default","_kad_post_sidebar_id":"","_kad_post_content_style":"default","_kad_post_vertical_padding":"default","_kad_post_feature":"","_kad_post_feature_position":"","_kad_post_header":false,"_kad_post_footer":false,"_kad_post_classname":""},"product_brand":[84],"product_cat":[39],"product_tag":[],"class_list":{"0":"post-1515","1":"product","2":"type-product","3":"status-publish","4":"has-post-thumbnail","6":"product_brand-panini-comics","7":"product_cat-marvel","8":"pa_heros-x-men","10":"first","11":"instock","12":"taxable","13":"shipping-taxable","14":"purchasable","15":"product-type-simple","16":"entry","17":"content-bg","18":"loop-entry"},"aioseo_notices":[],"_links":{"self":[{"href":"https:\/\/formagraph-exercice.fr\/comics-corner-box\/index.php?rest_route=\/wp\/v2\/product\/1515","targetHints":{"allow":["GET"]}}],"collection":[{"href":"https:\/\/formagraph-exercice.fr\/comics-corner-box\/index.php?rest_route=\/wp\/v2\/product"}],"about":[{"href":"https:\/\/formagraph-exercice.fr\/comics-corner-box\/index.php?rest_route=\/wp\/v2\/types\/product"}],"replies":[{"embeddable":true,"href":"https:\/\/formagraph-exercice.fr\/comics-corner-box\/index.php?rest_route=%2Fwp%2Fv2%2Fcomments&post=1515"}],"wp:featuredmedia":[{"embeddable":true,"href":"https:\/\/formagraph-exercice.fr\/comics-corner-box\/index.php?rest_route=\/wp\/v2\/media\/1503"}],"wp:attachment":[{"href":"https:\/\/formagraph-exercice.fr\/comics-corner-box\/index.php?rest_route=%2Fwp%2Fv2%2Fmedia&parent=1515"}],"wp:term":[{"taxonomy":"product_brand","embeddable":true,"href":"https:\/\/formagraph-exercice.fr\/comics-corner-box\/index.php?rest_route=%2Fwp%2Fv2%2Fproduct_brand&post=1515"},{"taxonomy":"product_cat","embeddable":true,"href":"https:\/\/formagraph-exercice.fr\/comics-corner-box\/index.php?rest_route=%2Fwp%2Fv2%2Fproduct_cat&post=1515"},{"taxonomy":"product_tag","embeddable":true,"href":"https:\/\/formagraph-exercice.fr\/comics-corner-box\/index.php?rest_route=%2Fwp%2Fv2%2Fproduct_tag&post=1515"}],"curies":[{"name":"wp","href":"https:\/\/api.w.org\/{rel}","templated":true}]}}