{"id":1498,"date":"2026-01-14T17:59:53","date_gmt":"2026-01-14T16:59:53","guid":{"rendered":"https:\/\/formagraph-exercice.fr\/comics-corner-box\/?post_type=product&#038;p=1498"},"modified":"2026-01-26T22:12:11","modified_gmt":"2026-01-26T21:12:11","slug":"superman-lost","status":"publish","type":"product","link":"https:\/\/formagraph-exercice.fr\/comics-corner-box\/?product=superman-lost","title":{"rendered":"Superman Lost"},"content":{"rendered":"<p>Lois Lane et Clark Kent filent le parfait amour, dans un appartement normal, avec leurs petites habitudes de couple normal. Clark enfile certes collants et cape de temps \u00e0 autre pour sauver le monde, mais \u00e0 part \u00e7a, tout est des plus ordinaires \u00e0 Metropolis. Jusqu&rsquo;au jour o\u00f9 Superman rentre \u00e0 la maison, apr\u00e8s une mission de routine&#8230; Debout au milieu du salon, il garde son costume, montrant tous les signes ext\u00e9rieurs d&rsquo;un trouble de stress post-traumatique, et d\u00e9clare : \u00ab Je suis parti&#8230; 20 ans. \u00bb<br \/>\nSUPERMAN : LOST, une maxi-s\u00e9rie de dix num\u00e9ros sc\u00e9naris\u00e9e par Christopher PRIEST, \u00e0 qui l&rsquo;on doit un run de Black Panther chez Marvel, mais \u00e9galement des passages sur la JUSTICE LEAGUE et DEATHSTROKE.<\/p>\n","protected":false},"excerpt":{"rendered":"<p>Lois et Clark vivent une vie de couple ordinaire \u00e0 Metropolis jusqu\u2019au retour de Superman, boulevers\u00e9, qui avoue \u00eatre parti vingt ans apr\u00e8s une mission.<\/p>\n","protected":false},"featured_media":1433,"comment_status":"open","ping_status":"closed","template":"","meta":{"_kad_post_transparent":"default","_kad_post_title":"","_kad_post_layout":"default","_kad_post_sidebar_id":"","_kad_post_content_style":"default","_kad_post_vertical_padding":"default","_kad_post_feature":"","_kad_post_feature_position":"","_kad_post_header":false,"_kad_post_footer":false,"_kad_post_classname":""},"product_brand":[83],"product_cat":[26],"product_tag":[],"class_list":{"0":"post-1498","1":"product","2":"type-product","3":"status-publish","4":"has-post-thumbnail","6":"product_brand-urban-comics","7":"product_cat-dc-comics","8":"pa_heros-superman","10":"first","11":"instock","12":"taxable","13":"shipping-taxable","14":"purchasable","15":"product-type-simple","16":"entry","17":"content-bg","18":"loop-entry"},"aioseo_notices":[],"_links":{"self":[{"href":"https:\/\/formagraph-exercice.fr\/comics-corner-box\/index.php?rest_route=\/wp\/v2\/product\/1498","targetHints":{"allow":["GET"]}}],"collection":[{"href":"https:\/\/formagraph-exercice.fr\/comics-corner-box\/index.php?rest_route=\/wp\/v2\/product"}],"about":[{"href":"https:\/\/formagraph-exercice.fr\/comics-corner-box\/index.php?rest_route=\/wp\/v2\/types\/product"}],"replies":[{"embeddable":true,"href":"https:\/\/formagraph-exercice.fr\/comics-corner-box\/index.php?rest_route=%2Fwp%2Fv2%2Fcomments&post=1498"}],"wp:featuredmedia":[{"embeddable":true,"href":"https:\/\/formagraph-exercice.fr\/comics-corner-box\/index.php?rest_route=\/wp\/v2\/media\/1433"}],"wp:attachment":[{"href":"https:\/\/formagraph-exercice.fr\/comics-corner-box\/index.php?rest_route=%2Fwp%2Fv2%2Fmedia&parent=1498"}],"wp:term":[{"taxonomy":"product_brand","embeddable":true,"href":"https:\/\/formagraph-exercice.fr\/comics-corner-box\/index.php?rest_route=%2Fwp%2Fv2%2Fproduct_brand&post=1498"},{"taxonomy":"product_cat","embeddable":true,"href":"https:\/\/formagraph-exercice.fr\/comics-corner-box\/index.php?rest_route=%2Fwp%2Fv2%2Fproduct_cat&post=1498"},{"taxonomy":"product_tag","embeddable":true,"href":"https:\/\/formagraph-exercice.fr\/comics-corner-box\/index.php?rest_route=%2Fwp%2Fv2%2Fproduct_tag&post=1498"}],"curies":[{"name":"wp","href":"https:\/\/api.w.org\/{rel}","templated":true}]}}