{"id":1493,"date":"2026-01-14T17:40:26","date_gmt":"2026-01-14T16:40:26","guid":{"rendered":"https:\/\/formagraph-exercice.fr\/comics-corner-box\/?post_type=product&#038;p=1493"},"modified":"2026-01-26T22:11:13","modified_gmt":"2026-01-26T21:11:13","slug":"absolute-wonder-woman-tome-1","status":"publish","type":"product","link":"https:\/\/formagraph-exercice.fr\/comics-corner-box\/?product=absolute-wonder-woman-tome-1","title":{"rendered":"Absolute Wonder Woman Tome 1"},"content":{"rendered":"<p>Depuis des mill\u00e9naires, les Amazones ont prot\u00e9g\u00e9 l&rsquo;humanit\u00e9 dans l&rsquo;ombre au fil de son d\u00e9veloppement, emp\u00eachant les incursions de monstres venus d&rsquo;ailleurs. Mais quand les dieux leur tournent le dos, la Princesse des Amazones, Diana, est exil\u00e9e aux Enfers et le nom m\u00eame des Amazones est ray\u00e9 de l&rsquo;histoire&#8230; Sans \u00eele du Paradis, sans la sororit\u00e9 qui l&rsquo;a forg\u00e9e en tant qu&rsquo;h\u00e9ro\u00efne, et sans m\u00eame son r\u00f4le d&rsquo;\u00e9missaire de paix&#8230; Diana reste Wonder Woman !<\/p>\n","protected":false},"excerpt":{"rendered":"<p>Les Amazones ont prot\u00e9g\u00e9 l\u2019humanit\u00e9 des monstres pendant des mill\u00e9naires, jusqu\u2019\u00e0 ce que les dieux les renient et exilent Diana aux Enfers.<\/p>\n","protected":false},"featured_media":1442,"comment_status":"open","ping_status":"closed","template":"","meta":{"_kad_post_transparent":"default","_kad_post_title":"","_kad_post_layout":"default","_kad_post_sidebar_id":"","_kad_post_content_style":"default","_kad_post_vertical_padding":"default","_kad_post_feature":"","_kad_post_feature_position":"","_kad_post_header":false,"_kad_post_footer":false,"_kad_post_classname":""},"product_brand":[83],"product_cat":[26],"product_tag":[86],"class_list":{"0":"post-1493","1":"product","2":"type-product","3":"status-publish","4":"has-post-thumbnail","6":"product_brand-urban-comics","7":"product_cat-dc-comics","8":"product_tag-dc-absolute","9":"pa_heros-wonder-woman","11":"first","12":"instock","13":"taxable","14":"shipping-taxable","15":"purchasable","16":"product-type-simple","17":"entry","18":"content-bg","19":"loop-entry"},"aioseo_notices":[],"_links":{"self":[{"href":"https:\/\/formagraph-exercice.fr\/comics-corner-box\/index.php?rest_route=\/wp\/v2\/product\/1493","targetHints":{"allow":["GET"]}}],"collection":[{"href":"https:\/\/formagraph-exercice.fr\/comics-corner-box\/index.php?rest_route=\/wp\/v2\/product"}],"about":[{"href":"https:\/\/formagraph-exercice.fr\/comics-corner-box\/index.php?rest_route=\/wp\/v2\/types\/product"}],"replies":[{"embeddable":true,"href":"https:\/\/formagraph-exercice.fr\/comics-corner-box\/index.php?rest_route=%2Fwp%2Fv2%2Fcomments&post=1493"}],"wp:featuredmedia":[{"embeddable":true,"href":"https:\/\/formagraph-exercice.fr\/comics-corner-box\/index.php?rest_route=\/wp\/v2\/media\/1442"}],"wp:attachment":[{"href":"https:\/\/formagraph-exercice.fr\/comics-corner-box\/index.php?rest_route=%2Fwp%2Fv2%2Fmedia&parent=1493"}],"wp:term":[{"taxonomy":"product_brand","embeddable":true,"href":"https:\/\/formagraph-exercice.fr\/comics-corner-box\/index.php?rest_route=%2Fwp%2Fv2%2Fproduct_brand&post=1493"},{"taxonomy":"product_cat","embeddable":true,"href":"https:\/\/formagraph-exercice.fr\/comics-corner-box\/index.php?rest_route=%2Fwp%2Fv2%2Fproduct_cat&post=1493"},{"taxonomy":"product_tag","embeddable":true,"href":"https:\/\/formagraph-exercice.fr\/comics-corner-box\/index.php?rest_route=%2Fwp%2Fv2%2Fproduct_tag&post=1493"}],"curies":[{"name":"wp","href":"https:\/\/api.w.org\/{rel}","templated":true}]}}