{"id":1492,"date":"2026-01-14T17:37:51","date_gmt":"2026-01-14T16:37:51","guid":{"rendered":"https:\/\/formagraph-exercice.fr\/comics-corner-box\/?post_type=product&#038;p=1492"},"modified":"2026-01-26T22:11:03","modified_gmt":"2026-01-26T21:11:03","slug":"absolute-superman-tome-1","status":"publish","type":"product","link":"https:\/\/formagraph-exercice.fr\/comics-corner-box\/?product=absolute-superman-tome-1","title":{"rendered":"Absolute Superman Tome 1"},"content":{"rendered":"<p>Que serait devenu Superman s&rsquo;il avait \u00e9t\u00e9 \u00e9lev\u00e9 sur Krypton ? S&rsquo;il avait d\u00fb fuir sa famille pour \u00e9chapper au destin tragique de sa civilisation ? S&rsquo;il n&rsquo;avait pas re\u00e7u le code moral de la famille humaine des Kent ? C&rsquo;est ce que propose de d\u00e9couvrir ce r\u00e9cit mettant en sc\u00e8ne l&rsquo;histoire \u00e9pique et tragique du dernier fils de Krypton dans un univers plus sombre et r\u00e9aliste !<\/p>\n","protected":false},"excerpt":{"rendered":"<p>Et si Superman avait grandi sur Krypton, sans les Kent, fuyant sa famille pour \u00e9chapper au destin de son peuple, dans une version plus sombre et tragique ?<\/p>\n","protected":false},"featured_media":1441,"comment_status":"open","ping_status":"closed","template":"","meta":{"_kad_post_transparent":"default","_kad_post_title":"","_kad_post_layout":"default","_kad_post_sidebar_id":"","_kad_post_content_style":"default","_kad_post_vertical_padding":"default","_kad_post_feature":"","_kad_post_feature_position":"","_kad_post_header":false,"_kad_post_footer":false,"_kad_post_classname":""},"product_brand":[83],"product_cat":[26],"product_tag":[86],"class_list":{"0":"post-1492","1":"product","2":"type-product","3":"status-publish","4":"has-post-thumbnail","6":"product_brand-urban-comics","7":"product_cat-dc-comics","8":"product_tag-dc-absolute","9":"pa_heros-superman","11":"first","12":"instock","13":"taxable","14":"shipping-taxable","15":"purchasable","16":"product-type-simple","17":"entry","18":"content-bg","19":"loop-entry"},"aioseo_notices":[],"_links":{"self":[{"href":"https:\/\/formagraph-exercice.fr\/comics-corner-box\/index.php?rest_route=\/wp\/v2\/product\/1492","targetHints":{"allow":["GET"]}}],"collection":[{"href":"https:\/\/formagraph-exercice.fr\/comics-corner-box\/index.php?rest_route=\/wp\/v2\/product"}],"about":[{"href":"https:\/\/formagraph-exercice.fr\/comics-corner-box\/index.php?rest_route=\/wp\/v2\/types\/product"}],"replies":[{"embeddable":true,"href":"https:\/\/formagraph-exercice.fr\/comics-corner-box\/index.php?rest_route=%2Fwp%2Fv2%2Fcomments&post=1492"}],"wp:featuredmedia":[{"embeddable":true,"href":"https:\/\/formagraph-exercice.fr\/comics-corner-box\/index.php?rest_route=\/wp\/v2\/media\/1441"}],"wp:attachment":[{"href":"https:\/\/formagraph-exercice.fr\/comics-corner-box\/index.php?rest_route=%2Fwp%2Fv2%2Fmedia&parent=1492"}],"wp:term":[{"taxonomy":"product_brand","embeddable":true,"href":"https:\/\/formagraph-exercice.fr\/comics-corner-box\/index.php?rest_route=%2Fwp%2Fv2%2Fproduct_brand&post=1492"},{"taxonomy":"product_cat","embeddable":true,"href":"https:\/\/formagraph-exercice.fr\/comics-corner-box\/index.php?rest_route=%2Fwp%2Fv2%2Fproduct_cat&post=1492"},{"taxonomy":"product_tag","embeddable":true,"href":"https:\/\/formagraph-exercice.fr\/comics-corner-box\/index.php?rest_route=%2Fwp%2Fv2%2Fproduct_tag&post=1492"}],"curies":[{"name":"wp","href":"https:\/\/api.w.org\/{rel}","templated":true}]}}