{"id":1491,"date":"2026-01-14T17:32:23","date_gmt":"2026-01-14T16:32:23","guid":{"rendered":"https:\/\/formagraph-exercice.fr\/comics-corner-box\/?post_type=product&#038;p=1491"},"modified":"2026-01-26T22:10:51","modified_gmt":"2026-01-26T21:10:51","slug":"absolute-batman-tome-1","status":"publish","type":"product","link":"https:\/\/formagraph-exercice.fr\/comics-corner-box\/?product=absolute-batman-tome-1","title":{"rendered":"Absolute Batman Tome 1"},"content":{"rendered":"<p>Bruce Wayne ne part de rien. Il n&rsquo;est pas le descendant d&rsquo;un riche empire de Gotham City, il est le fils d&rsquo;un professeur d&rsquo;\u00e9cole publique qui, enfant, a v\u00e9cu l&rsquo;horreur inimaginable d&rsquo;une fusillade, changeant \u00e0 jamais la trajectoire de sa vie. Sans ressources illimit\u00e9es pour le financer, sans manoir ni majordome pour s&rsquo;occuper de lui, Bruce est devenu un Batman d&rsquo;un genre tout \u00e0 fait diff\u00e9rent, \u00e0 la fois c\u00e9r\u00e9bral et ultra muscl\u00e9, vivant dans les quartiers les plus difficiles et les plus d\u00e9favoris\u00e9s de Gotham, loin de la haute soci\u00e9t\u00e9. Et alors que le gang de Black Mask s\u00e8me la terreur dans la ville, il n&rsquo;h\u00e9sitera pas \u00e0 d\u00e9chainer un torrent de violence contre ses adversaires pour que le message soit clair : il y a un nouveau Batman en ville.<\/p>\n","protected":false},"excerpt":{"rendered":"<p>Bruce Wayne, fils d\u2019un professeur d\u2019\u00e9cole publique, survit enfant \u00e0 une fusillade qui change \u00e0 jamais sa vie et le pousse \u00e0 combattre le crime.<\/p>\n","protected":false},"featured_media":1440,"comment_status":"open","ping_status":"closed","template":"","meta":{"_kad_post_transparent":"default","_kad_post_title":"","_kad_post_layout":"default","_kad_post_sidebar_id":"","_kad_post_content_style":"default","_kad_post_vertical_padding":"default","_kad_post_feature":"","_kad_post_feature_position":"","_kad_post_header":false,"_kad_post_footer":false,"_kad_post_classname":""},"product_brand":[83],"product_cat":[26],"product_tag":[86],"class_list":{"0":"post-1491","1":"product","2":"type-product","3":"status-publish","4":"has-post-thumbnail","6":"product_brand-urban-comics","7":"product_cat-dc-comics","8":"product_tag-dc-absolute","9":"pa_heros-batman","11":"first","12":"instock","13":"taxable","14":"shipping-taxable","15":"purchasable","16":"product-type-simple","17":"entry","18":"content-bg","19":"loop-entry"},"aioseo_notices":[],"_links":{"self":[{"href":"https:\/\/formagraph-exercice.fr\/comics-corner-box\/index.php?rest_route=\/wp\/v2\/product\/1491","targetHints":{"allow":["GET"]}}],"collection":[{"href":"https:\/\/formagraph-exercice.fr\/comics-corner-box\/index.php?rest_route=\/wp\/v2\/product"}],"about":[{"href":"https:\/\/formagraph-exercice.fr\/comics-corner-box\/index.php?rest_route=\/wp\/v2\/types\/product"}],"replies":[{"embeddable":true,"href":"https:\/\/formagraph-exercice.fr\/comics-corner-box\/index.php?rest_route=%2Fwp%2Fv2%2Fcomments&post=1491"}],"wp:featuredmedia":[{"embeddable":true,"href":"https:\/\/formagraph-exercice.fr\/comics-corner-box\/index.php?rest_route=\/wp\/v2\/media\/1440"}],"wp:attachment":[{"href":"https:\/\/formagraph-exercice.fr\/comics-corner-box\/index.php?rest_route=%2Fwp%2Fv2%2Fmedia&parent=1491"}],"wp:term":[{"taxonomy":"product_brand","embeddable":true,"href":"https:\/\/formagraph-exercice.fr\/comics-corner-box\/index.php?rest_route=%2Fwp%2Fv2%2Fproduct_brand&post=1491"},{"taxonomy":"product_cat","embeddable":true,"href":"https:\/\/formagraph-exercice.fr\/comics-corner-box\/index.php?rest_route=%2Fwp%2Fv2%2Fproduct_cat&post=1491"},{"taxonomy":"product_tag","embeddable":true,"href":"https:\/\/formagraph-exercice.fr\/comics-corner-box\/index.php?rest_route=%2Fwp%2Fv2%2Fproduct_tag&post=1491"}],"curies":[{"name":"wp","href":"https:\/\/api.w.org\/{rel}","templated":true}]}}