{"id":1488,"date":"2026-01-14T16:44:34","date_gmt":"2026-01-14T15:44:34","guid":{"rendered":"https:\/\/formagraph-exercice.fr\/comics-corner-box\/?post_type=product&#038;p=1488"},"modified":"2026-01-26T22:18:27","modified_gmt":"2026-01-26T21:18:27","slug":"wonder-woman-hors-la-loi-tome-3","status":"publish","type":"product","link":"https:\/\/formagraph-exercice.fr\/comics-corner-box\/?product=wonder-woman-hors-la-loi-tome-3","title":{"rendered":"Wonder Woman: Hors-la-loi tome 3"},"content":{"rendered":"<p>Emprisonn\u00e9e et tortur\u00e9e pendant de longs mois, Wonder Woman est enfin lib\u00e9r\u00e9e avec un objectif pr\u00e9cis : mettre fin \u00e0 son duel contre le Souverain. Alors que leur guerre prend une tournure dangereuse, ses proches sont plus que jamais au coeur du danger, \u00e0 commencer par Steve Trevor&#8230; Dans un futur proche, la naissance de Trinity se profile, et le destin de Diana en sera \u00e0 jamais chang\u00e9 : comment s&rsquo;adapter \u00e0 son nouveau r\u00f4le de m\u00e8re apr\u00e8s tant de trag\u00e9dies et d&rsquo;effusions de sang ?<\/p>\n","protected":false},"excerpt":{"rendered":"<p>Emprisonn\u00e9e et tortur\u00e9e pendant de longs mois, Wonder Woman est enfin lib\u00e9r\u00e9e avec un objectif pr\u00e9cis : mettre fin \u00e0 son duel contre le Souverain.<\/p>\n","protected":false},"featured_media":1444,"comment_status":"open","ping_status":"closed","template":"","meta":{"_kad_post_transparent":"default","_kad_post_title":"","_kad_post_layout":"default","_kad_post_sidebar_id":"","_kad_post_content_style":"default","_kad_post_vertical_padding":"default","_kad_post_feature":"","_kad_post_feature_position":"","_kad_post_header":false,"_kad_post_footer":false,"_kad_post_classname":""},"product_brand":[83],"product_cat":[26],"product_tag":[87],"class_list":{"0":"post-1488","1":"product","2":"type-product","3":"status-publish","4":"has-post-thumbnail","6":"product_brand-urban-comics","7":"product_cat-dc-comics","8":"product_tag-dc-infinite","9":"pa_heros-wonder-woman","11":"first","12":"instock","13":"taxable","14":"shipping-taxable","15":"purchasable","16":"product-type-simple","17":"entry","18":"content-bg","19":"loop-entry"},"aioseo_notices":[],"_links":{"self":[{"href":"https:\/\/formagraph-exercice.fr\/comics-corner-box\/index.php?rest_route=\/wp\/v2\/product\/1488","targetHints":{"allow":["GET"]}}],"collection":[{"href":"https:\/\/formagraph-exercice.fr\/comics-corner-box\/index.php?rest_route=\/wp\/v2\/product"}],"about":[{"href":"https:\/\/formagraph-exercice.fr\/comics-corner-box\/index.php?rest_route=\/wp\/v2\/types\/product"}],"replies":[{"embeddable":true,"href":"https:\/\/formagraph-exercice.fr\/comics-corner-box\/index.php?rest_route=%2Fwp%2Fv2%2Fcomments&post=1488"}],"wp:featuredmedia":[{"embeddable":true,"href":"https:\/\/formagraph-exercice.fr\/comics-corner-box\/index.php?rest_route=\/wp\/v2\/media\/1444"}],"wp:attachment":[{"href":"https:\/\/formagraph-exercice.fr\/comics-corner-box\/index.php?rest_route=%2Fwp%2Fv2%2Fmedia&parent=1488"}],"wp:term":[{"taxonomy":"product_brand","embeddable":true,"href":"https:\/\/formagraph-exercice.fr\/comics-corner-box\/index.php?rest_route=%2Fwp%2Fv2%2Fproduct_brand&post=1488"},{"taxonomy":"product_cat","embeddable":true,"href":"https:\/\/formagraph-exercice.fr\/comics-corner-box\/index.php?rest_route=%2Fwp%2Fv2%2Fproduct_cat&post=1488"},{"taxonomy":"product_tag","embeddable":true,"href":"https:\/\/formagraph-exercice.fr\/comics-corner-box\/index.php?rest_route=%2Fwp%2Fv2%2Fproduct_tag&post=1488"}],"curies":[{"name":"wp","href":"https:\/\/api.w.org\/{rel}","templated":true}]}}