{"id":1487,"date":"2026-01-14T16:42:08","date_gmt":"2026-01-14T15:42:08","guid":{"rendered":"https:\/\/formagraph-exercice.fr\/comics-corner-box\/?post_type=product&#038;p=1487"},"modified":"2026-01-26T22:18:52","modified_gmt":"2026-01-26T21:18:52","slug":"wonder-woman-hors-la-loi-tome-2","status":"publish","type":"product","link":"https:\/\/formagraph-exercice.fr\/comics-corner-box\/?product=wonder-woman-hors-la-loi-tome-2","title":{"rendered":"Wonder Woman: Hors-la-loi tome 2"},"content":{"rendered":"<p>Face \u00e0 la pers\u00e9cution soudaine et violente des Amazones dans tous les Etats-Unis, Wonder Woman d\u00e9cide de mener l&rsquo;enqu\u00eate. Ses pistes lui r\u00e9v\u00e8lent l&rsquo;existence du Souverain, myst\u00e9rieux roi qui dirigerait le pays dans l&rsquo;ombre depuis des si\u00e8cles, et pr\u00eat \u00e0 tout pour garder sa place sur le tr\u00f4ne. Quand la libert\u00e9 et la v\u00e9rit\u00e9 sont menac\u00e9es, la Princesse Amazone se dresse en dernier rempart, au p\u00e9ril de sa propre vie&#8230;<\/p>\n","protected":false},"excerpt":{"rendered":"<p>Face \u00e0 la pers\u00e9cution soudaine et violente des Amazones dans tous les Etats-Unis, Wonder Woman d\u00e9cide de mener l&rsquo;enqu\u00eate.<\/p>\n","protected":false},"featured_media":1435,"comment_status":"open","ping_status":"closed","template":"","meta":{"_kad_post_transparent":"default","_kad_post_title":"","_kad_post_layout":"default","_kad_post_sidebar_id":"","_kad_post_content_style":"default","_kad_post_vertical_padding":"default","_kad_post_feature":"","_kad_post_feature_position":"","_kad_post_header":false,"_kad_post_footer":false,"_kad_post_classname":""},"product_brand":[83],"product_cat":[26],"product_tag":[87],"class_list":{"0":"post-1487","1":"product","2":"type-product","3":"status-publish","4":"has-post-thumbnail","6":"product_brand-urban-comics","7":"product_cat-dc-comics","8":"product_tag-dc-infinite","9":"pa_heros-wonder-woman","11":"first","12":"instock","13":"taxable","14":"shipping-taxable","15":"purchasable","16":"product-type-simple","17":"entry","18":"content-bg","19":"loop-entry"},"aioseo_notices":[],"_links":{"self":[{"href":"https:\/\/formagraph-exercice.fr\/comics-corner-box\/index.php?rest_route=\/wp\/v2\/product\/1487","targetHints":{"allow":["GET"]}}],"collection":[{"href":"https:\/\/formagraph-exercice.fr\/comics-corner-box\/index.php?rest_route=\/wp\/v2\/product"}],"about":[{"href":"https:\/\/formagraph-exercice.fr\/comics-corner-box\/index.php?rest_route=\/wp\/v2\/types\/product"}],"replies":[{"embeddable":true,"href":"https:\/\/formagraph-exercice.fr\/comics-corner-box\/index.php?rest_route=%2Fwp%2Fv2%2Fcomments&post=1487"}],"wp:featuredmedia":[{"embeddable":true,"href":"https:\/\/formagraph-exercice.fr\/comics-corner-box\/index.php?rest_route=\/wp\/v2\/media\/1435"}],"wp:attachment":[{"href":"https:\/\/formagraph-exercice.fr\/comics-corner-box\/index.php?rest_route=%2Fwp%2Fv2%2Fmedia&parent=1487"}],"wp:term":[{"taxonomy":"product_brand","embeddable":true,"href":"https:\/\/formagraph-exercice.fr\/comics-corner-box\/index.php?rest_route=%2Fwp%2Fv2%2Fproduct_brand&post=1487"},{"taxonomy":"product_cat","embeddable":true,"href":"https:\/\/formagraph-exercice.fr\/comics-corner-box\/index.php?rest_route=%2Fwp%2Fv2%2Fproduct_cat&post=1487"},{"taxonomy":"product_tag","embeddable":true,"href":"https:\/\/formagraph-exercice.fr\/comics-corner-box\/index.php?rest_route=%2Fwp%2Fv2%2Fproduct_tag&post=1487"}],"curies":[{"name":"wp","href":"https:\/\/api.w.org\/{rel}","templated":true}]}}