{"id":1486,"date":"2026-01-14T16:38:00","date_gmt":"2026-01-14T15:38:00","guid":{"rendered":"https:\/\/formagraph-exercice.fr\/comics-corner-box\/?post_type=product&#038;p=1486"},"modified":"2026-01-26T22:19:06","modified_gmt":"2026-01-26T21:19:06","slug":"wonder-woman-hors-la-loi-tome-1","status":"publish","type":"product","link":"https:\/\/formagraph-exercice.fr\/comics-corner-box\/?product=wonder-woman-hors-la-loi-tome-1","title":{"rendered":"Wonder Woman: Hors-la-loi Tome 1"},"content":{"rendered":"<p>Un massacre vient d&rsquo;avoir lieu. La coupable serait une myst\u00e9rieuse Amazone. Devant une telle atrocit\u00e9, le Congr\u00e8s n&rsquo;a d&rsquo;autre choix que de promulguer l&rsquo;Amazon Safety Act, d\u00e9fendant le sol am\u00e9ricain \u00e0 toute citoyenne de Themyscira. Pour que cette loi soit appliqu\u00e9e au plus vite, le gouvernement met au point une \u00e9quipe sp\u00e9ciale, dont le but est de bannir celles qui refusent d&rsquo;obtemp\u00e9rer, et ce, par tous les moyens n\u00e9cessaires. C&rsquo;est donc une Wonder Woman hors-la-loi qui va devoir d\u00e9m\u00ealer le vrai du faux dans cette affaire. Et la v\u00e9rit\u00e9 risque de la surprendre&#8230;<\/p>\n","protected":false},"excerpt":{"rendered":"<p>Accus\u00e9e d\u2019un massacre, Wonder Woman devient hors-la-loi. Traqu\u00e9e par l\u2019Am\u00e9rique, elle doit prouver son innocence avant qu\u2019il ne soit trop tard.<\/p>\n","protected":false},"featured_media":1434,"comment_status":"open","ping_status":"closed","template":"","meta":{"_kad_post_transparent":"default","_kad_post_title":"","_kad_post_layout":"default","_kad_post_sidebar_id":"","_kad_post_content_style":"default","_kad_post_vertical_padding":"default","_kad_post_feature":"","_kad_post_feature_position":"","_kad_post_header":false,"_kad_post_footer":false,"_kad_post_classname":""},"product_brand":[83],"product_cat":[26],"product_tag":[87],"class_list":{"0":"post-1486","1":"product","2":"type-product","3":"status-publish","4":"has-post-thumbnail","6":"product_brand-urban-comics","7":"product_cat-dc-comics","8":"product_tag-dc-infinite","9":"pa_heros-wonder-woman","11":"first","12":"instock","13":"taxable","14":"shipping-taxable","15":"purchasable","16":"product-type-simple","17":"entry","18":"content-bg","19":"loop-entry"},"aioseo_notices":[],"_links":{"self":[{"href":"https:\/\/formagraph-exercice.fr\/comics-corner-box\/index.php?rest_route=\/wp\/v2\/product\/1486","targetHints":{"allow":["GET"]}}],"collection":[{"href":"https:\/\/formagraph-exercice.fr\/comics-corner-box\/index.php?rest_route=\/wp\/v2\/product"}],"about":[{"href":"https:\/\/formagraph-exercice.fr\/comics-corner-box\/index.php?rest_route=\/wp\/v2\/types\/product"}],"replies":[{"embeddable":true,"href":"https:\/\/formagraph-exercice.fr\/comics-corner-box\/index.php?rest_route=%2Fwp%2Fv2%2Fcomments&post=1486"}],"wp:featuredmedia":[{"embeddable":true,"href":"https:\/\/formagraph-exercice.fr\/comics-corner-box\/index.php?rest_route=\/wp\/v2\/media\/1434"}],"wp:attachment":[{"href":"https:\/\/formagraph-exercice.fr\/comics-corner-box\/index.php?rest_route=%2Fwp%2Fv2%2Fmedia&parent=1486"}],"wp:term":[{"taxonomy":"product_brand","embeddable":true,"href":"https:\/\/formagraph-exercice.fr\/comics-corner-box\/index.php?rest_route=%2Fwp%2Fv2%2Fproduct_brand&post=1486"},{"taxonomy":"product_cat","embeddable":true,"href":"https:\/\/formagraph-exercice.fr\/comics-corner-box\/index.php?rest_route=%2Fwp%2Fv2%2Fproduct_cat&post=1486"},{"taxonomy":"product_tag","embeddable":true,"href":"https:\/\/formagraph-exercice.fr\/comics-corner-box\/index.php?rest_route=%2Fwp%2Fv2%2Fproduct_tag&post=1486"}],"curies":[{"name":"wp","href":"https:\/\/api.w.org\/{rel}","templated":true}]}}