{"id":1484,"date":"2026-01-14T16:08:56","date_gmt":"2026-01-14T15:08:56","guid":{"rendered":"https:\/\/formagraph-exercice.fr\/comics-corner-box\/?post_type=product&#038;p=1484"},"modified":"2026-01-26T22:19:28","modified_gmt":"2026-01-26T21:19:28","slug":"absolute-power-tome-2","status":"publish","type":"product","link":"https:\/\/formagraph-exercice.fr\/comics-corner-box\/?product=absolute-power-tome-2","title":{"rendered":"Absolute Power tome 2"},"content":{"rendered":"<p>Apr\u00e8s l\u2018attaque d\u00e9vastatrice d&rsquo;Amanda Waller et de ses sbires sur la forteresse de Solitude, les plus grands super-h\u00e9ros de l&rsquo;histoire sont dos au mur, et contraints de prendre la fuite&#8230; Sans pouvoir, et priv\u00e9 d&rsquo;un Jonathan Kent plus dangereux que jamais qui a rejoint les lignes ennemies, les derniers espoirs de la Terre se sont exil\u00e9s \u00e0 Themyscira, bastion de la R\u00e9sistance. Mais s&rsquo;ils ont r\u00e9ussi \u00e0 \u00e9viter de succomber aux assauts de la Trinit\u00e9 du Mal jusqu&rsquo;ici, ils sont loin d&rsquo;avoir gagn\u00e9 la guerre&#8230;<\/p>\n","protected":false},"excerpt":{"rendered":"<p><span style=\"font-weight: 400;\">Apr\u00e8s une attaque d\u00e9vastatrice sur la forteresse de Solitude, les plus grands super-h\u00e9ros de l&rsquo;histoire sont dos au mur, et contraints de prendre la fuite&#8230;\u00a0<\/span><\/p>\n","protected":false},"featured_media":1438,"comment_status":"open","ping_status":"closed","template":"","meta":{"_kad_post_transparent":"default","_kad_post_title":"","_kad_post_layout":"default","_kad_post_sidebar_id":"","_kad_post_content_style":"default","_kad_post_vertical_padding":"default","_kad_post_feature":"","_kad_post_feature_position":"","_kad_post_header":false,"_kad_post_footer":false,"_kad_post_classname":""},"product_brand":[83],"product_cat":[26],"product_tag":[87],"class_list":{"0":"post-1484","1":"product","2":"type-product","3":"status-publish","4":"has-post-thumbnail","6":"product_brand-urban-comics","7":"product_cat-dc-comics","8":"product_tag-dc-infinite","9":"pa_heros-justice-league","11":"first","12":"instock","13":"taxable","14":"shipping-taxable","15":"purchasable","16":"product-type-simple","17":"entry","18":"content-bg","19":"loop-entry"},"aioseo_notices":[],"_links":{"self":[{"href":"https:\/\/formagraph-exercice.fr\/comics-corner-box\/index.php?rest_route=\/wp\/v2\/product\/1484","targetHints":{"allow":["GET"]}}],"collection":[{"href":"https:\/\/formagraph-exercice.fr\/comics-corner-box\/index.php?rest_route=\/wp\/v2\/product"}],"about":[{"href":"https:\/\/formagraph-exercice.fr\/comics-corner-box\/index.php?rest_route=\/wp\/v2\/types\/product"}],"replies":[{"embeddable":true,"href":"https:\/\/formagraph-exercice.fr\/comics-corner-box\/index.php?rest_route=%2Fwp%2Fv2%2Fcomments&post=1484"}],"wp:featuredmedia":[{"embeddable":true,"href":"https:\/\/formagraph-exercice.fr\/comics-corner-box\/index.php?rest_route=\/wp\/v2\/media\/1438"}],"wp:attachment":[{"href":"https:\/\/formagraph-exercice.fr\/comics-corner-box\/index.php?rest_route=%2Fwp%2Fv2%2Fmedia&parent=1484"}],"wp:term":[{"taxonomy":"product_brand","embeddable":true,"href":"https:\/\/formagraph-exercice.fr\/comics-corner-box\/index.php?rest_route=%2Fwp%2Fv2%2Fproduct_brand&post=1484"},{"taxonomy":"product_cat","embeddable":true,"href":"https:\/\/formagraph-exercice.fr\/comics-corner-box\/index.php?rest_route=%2Fwp%2Fv2%2Fproduct_cat&post=1484"},{"taxonomy":"product_tag","embeddable":true,"href":"https:\/\/formagraph-exercice.fr\/comics-corner-box\/index.php?rest_route=%2Fwp%2Fv2%2Fproduct_tag&post=1484"}],"curies":[{"name":"wp","href":"https:\/\/api.w.org\/{rel}","templated":true}]}}