{"id":1332,"date":"2026-01-06T21:59:09","date_gmt":"2026-01-06T20:59:09","guid":{"rendered":"https:\/\/formagraph-exercice.fr\/comics-corner-box\/?post_type=product&#038;p=1332"},"modified":"2026-01-26T22:14:57","modified_gmt":"2026-01-26T21:14:57","slug":"green-lantern-renaissance","status":"publish","type":"product","link":"https:\/\/formagraph-exercice.fr\/comics-corner-box\/?product=green-lantern-renaissance","title":{"rendered":"Green lantern renaissance"},"content":{"rendered":"<p>Apr\u00e8s des ann\u00e9es d&rsquo;errance, le capitaine de l&rsquo;US Air Force, Hal Jordan, reprend son r\u00f4le de Green Lantern, justicier intergalactique. Il est temps pour lui de renouer avec son entourage. Et si certains h\u00e9ros, comme Green Arrow, appr\u00e9cient de le retrouver, d&rsquo;autres, comme Batman, restent m\u00e9fiants vis-\u00e0-vis de cette forte t\u00eate, d&rsquo;autant qu&rsquo;entre-temps, les pires ennemis de Green Lantern sortent de l&rsquo;ombre : les Traqueurs, Hector Hammond, le Requin, ou l&rsquo;effroyable Black Hand.<\/p>\n<p>Contenu VO:<br \/>\nGreen Lantern Rebirth #1-6, Green Lantern #1-13, Green Lantern Secret Files Origins 2005, soit l\u2019\u00e9quivalent de la premi\u00e8re int\u00e9grale GEOFF JOHNS PR\u00c9SENTE GREEN LANTERN publi\u00e9e en 2016<\/p>\n","protected":false},"excerpt":{"rendered":"<p><span style=\"font-weight: 400;\">Apr\u00e8s des ann\u00e9es d&rsquo;errance, le capitaine de l&rsquo;US Air Force, Hal Jordan, reprend son r\u00f4le de Green Lantern, justicier intergalactique.\u00a0<\/span><\/p>\n","protected":false},"featured_media":1443,"comment_status":"open","ping_status":"closed","template":"","meta":{"_kad_post_transparent":"default","_kad_post_title":"","_kad_post_layout":"default","_kad_post_sidebar_id":"","_kad_post_content_style":"default","_kad_post_vertical_padding":"default","_kad_post_feature":"","_kad_post_feature_position":"","_kad_post_header":false,"_kad_post_footer":false,"_kad_post_classname":""},"product_brand":[83],"product_cat":[26],"product_tag":[],"class_list":{"0":"post-1332","1":"product","2":"type-product","3":"status-publish","4":"has-post-thumbnail","6":"product_brand-urban-comics","7":"product_cat-dc-comics","8":"pa_heros-green-lantern","10":"first","11":"instock","12":"taxable","13":"shipping-taxable","14":"purchasable","15":"product-type-simple","16":"entry","17":"content-bg","18":"loop-entry"},"aioseo_notices":[],"_links":{"self":[{"href":"https:\/\/formagraph-exercice.fr\/comics-corner-box\/index.php?rest_route=\/wp\/v2\/product\/1332","targetHints":{"allow":["GET"]}}],"collection":[{"href":"https:\/\/formagraph-exercice.fr\/comics-corner-box\/index.php?rest_route=\/wp\/v2\/product"}],"about":[{"href":"https:\/\/formagraph-exercice.fr\/comics-corner-box\/index.php?rest_route=\/wp\/v2\/types\/product"}],"replies":[{"embeddable":true,"href":"https:\/\/formagraph-exercice.fr\/comics-corner-box\/index.php?rest_route=%2Fwp%2Fv2%2Fcomments&post=1332"}],"wp:featuredmedia":[{"embeddable":true,"href":"https:\/\/formagraph-exercice.fr\/comics-corner-box\/index.php?rest_route=\/wp\/v2\/media\/1443"}],"wp:attachment":[{"href":"https:\/\/formagraph-exercice.fr\/comics-corner-box\/index.php?rest_route=%2Fwp%2Fv2%2Fmedia&parent=1332"}],"wp:term":[{"taxonomy":"product_brand","embeddable":true,"href":"https:\/\/formagraph-exercice.fr\/comics-corner-box\/index.php?rest_route=%2Fwp%2Fv2%2Fproduct_brand&post=1332"},{"taxonomy":"product_cat","embeddable":true,"href":"https:\/\/formagraph-exercice.fr\/comics-corner-box\/index.php?rest_route=%2Fwp%2Fv2%2Fproduct_cat&post=1332"},{"taxonomy":"product_tag","embeddable":true,"href":"https:\/\/formagraph-exercice.fr\/comics-corner-box\/index.php?rest_route=%2Fwp%2Fv2%2Fproduct_tag&post=1332"}],"curies":[{"name":"wp","href":"https:\/\/api.w.org\/{rel}","templated":true}]}}