{"id":99,"date":"2025-06-25T12:12:04","date_gmt":"2025-06-25T10:12:04","guid":{"rendered":"https:\/\/formagraph-exercice.fr\/coffe-art\/?post_type=product&#038;p=99"},"modified":"2025-06-25T12:43:26","modified_gmt":"2025-06-25T10:43:26","slug":"atelier-fabrication-de-papier-recycle-au-marc-de-cafe","status":"publish","type":"product","link":"https:\/\/formagraph-exercice.fr\/coffe-art\/produit\/atelier-fabrication-de-papier-recycle-au-marc-de-cafe\/","title":{"rendered":"Atelier fabrication de papier recycl\u00e9 au marc de caf\u00e9"},"content":{"rendered":"<p>Apprenez \u00e0 transformer du marc de caf\u00e9 en fibres v\u00e9g\u00e9tales pour cr\u00e9er un papier artisanal textur\u00e9 et marbr\u00e9, id\u00e9al pour vos cartes, carnets et \u0153uvres graphiques.<\/p>\n<p>Les \u00e9corces, les feuilles et le marc de caf\u00e9 laiss\u00e9s lors de la transformation industrielle sont les principaux \u00e9l\u00e9ments utilis\u00e9s pour fabriquer du papier caf\u00e9. Comme les fibres de caf\u00e9 sont courtes, nous ajoutons des chiffons de coton ou de lin aux d\u00e9chets de caf\u00e9 (30 % environ) pour cr\u00e9er un papier solide et durable. Le papier tire sa couleur de chiffons en coton ou en lin et il est donc possible de d\u00e9velopper un papier de n&rsquo;importe quelle couleur.<\/p>\n","protected":false},"excerpt":{"rendered":"<p>Apprenez \u00e0 m\u00e9langer marc et pulpe pour mouler, presser et s\u00e9cher vos propres feuilles marbr\u00e9es.<\/p>\n","protected":false},"featured_media":100,"comment_status":"open","ping_status":"closed","template":"","meta":{"_coblocks_attr":"","_coblocks_dimensions":"","_coblocks_responsive_height":"","_coblocks_accordion_ie_support":"","om_disable_all_campaigns":false,"_monsterinsights_skip_tracking":false,"_monsterinsights_sitenote_active":false,"_monsterinsights_sitenote_note":"","_monsterinsights_sitenote_category":0,"_kad_post_transparent":"default","_kad_post_title":"","_kad_post_layout":"default","_kad_post_sidebar_id":"","_kad_post_content_style":"default","_kad_post_vertical_padding":"default","_kad_post_feature":"","_kad_post_feature_position":"","_kad_post_header":false,"_kad_post_footer":false},"product_brand":[],"product_cat":[51],"product_tag":[],"class_list":{"0":"post-99","1":"product","2":"type-product","3":"status-publish","4":"has-post-thumbnail","6":"product_cat-papier-papeterie","8":"first","9":"instock","10":"virtual","11":"purchasable","12":"product-type-simple","13":"entry","14":"content-bg","15":"loop-entry"},"aioseo_notices":[],"_links":{"self":[{"href":"https:\/\/formagraph-exercice.fr\/coffe-art\/wp-json\/wp\/v2\/product\/99","targetHints":{"allow":["GET"]}}],"collection":[{"href":"https:\/\/formagraph-exercice.fr\/coffe-art\/wp-json\/wp\/v2\/product"}],"about":[{"href":"https:\/\/formagraph-exercice.fr\/coffe-art\/wp-json\/wp\/v2\/types\/product"}],"replies":[{"embeddable":true,"href":"https:\/\/formagraph-exercice.fr\/coffe-art\/wp-json\/wp\/v2\/comments?post=99"}],"wp:featuredmedia":[{"embeddable":true,"href":"https:\/\/formagraph-exercice.fr\/coffe-art\/wp-json\/wp\/v2\/media\/100"}],"wp:attachment":[{"href":"https:\/\/formagraph-exercice.fr\/coffe-art\/wp-json\/wp\/v2\/media?parent=99"}],"wp:term":[{"taxonomy":"product_brand","embeddable":true,"href":"https:\/\/formagraph-exercice.fr\/coffe-art\/wp-json\/wp\/v2\/product_brand?post=99"},{"taxonomy":"product_cat","embeddable":true,"href":"https:\/\/formagraph-exercice.fr\/coffe-art\/wp-json\/wp\/v2\/product_cat?post=99"},{"taxonomy":"product_tag","embeddable":true,"href":"https:\/\/formagraph-exercice.fr\/coffe-art\/wp-json\/wp\/v2\/product_tag?post=99"}],"curies":[{"name":"wp","href":"https:\/\/api.w.org\/{rel}","templated":true}]}}