{"id":603,"date":"2025-06-30T22:03:12","date_gmt":"2025-06-30T20:03:12","guid":{"rendered":"https:\/\/formagraph-exercice.fr\/coffe-art\/?post_type=product&#038;p=603"},"modified":"2025-06-30T22:03:12","modified_gmt":"2025-06-30T20:03:12","slug":"atelier-masques-savons-exfoliants-au-marc-de-cafe","status":"publish","type":"product","link":"https:\/\/formagraph-exercice.fr\/coffe-art\/produit\/atelier-masques-savons-exfoliants-au-marc-de-cafe\/","title":{"rendered":"Atelier masques &#038; savons exfoliants au marc de caf\u00e9"},"content":{"rendered":"<p>Formulez vos cosm\u00e9tiques naturels : gommage visage, masque tonique et savon exfoliant. Le marc de caf\u00e9 apporte caf\u00e9ine et texture, pour une peau nettoy\u00e9e, drain\u00e9e et revitalis\u00e9e.<\/p>\n","protected":false},"excerpt":{"rendered":"<p>DIY masques &amp; savons caf\u00e9.<\/p>\n","protected":false},"featured_media":604,"comment_status":"open","ping_status":"closed","template":"","meta":{"_coblocks_attr":"","_coblocks_dimensions":"","_coblocks_responsive_height":"","_coblocks_accordion_ie_support":"","om_disable_all_campaigns":false,"_monsterinsights_skip_tracking":false,"_monsterinsights_sitenote_active":false,"_monsterinsights_sitenote_note":"","_monsterinsights_sitenote_category":0,"_kad_post_transparent":"default","_kad_post_title":"","_kad_post_layout":"default","_kad_post_sidebar_id":"","_kad_post_content_style":"default","_kad_post_vertical_padding":"default","_kad_post_feature":"","_kad_post_feature_position":"","_kad_post_header":false,"_kad_post_footer":false},"product_brand":[],"product_cat":[54],"product_tag":[],"class_list":{"0":"post-603","1":"product","2":"type-product","3":"status-publish","4":"has-post-thumbnail","6":"product_cat-bougies-bien-etre","8":"first","9":"instock","10":"shipping-taxable","11":"purchasable","12":"product-type-simple","13":"entry","14":"content-bg","15":"loop-entry"},"aioseo_notices":[],"_links":{"self":[{"href":"https:\/\/formagraph-exercice.fr\/coffe-art\/wp-json\/wp\/v2\/product\/603","targetHints":{"allow":["GET"]}}],"collection":[{"href":"https:\/\/formagraph-exercice.fr\/coffe-art\/wp-json\/wp\/v2\/product"}],"about":[{"href":"https:\/\/formagraph-exercice.fr\/coffe-art\/wp-json\/wp\/v2\/types\/product"}],"replies":[{"embeddable":true,"href":"https:\/\/formagraph-exercice.fr\/coffe-art\/wp-json\/wp\/v2\/comments?post=603"}],"wp:featuredmedia":[{"embeddable":true,"href":"https:\/\/formagraph-exercice.fr\/coffe-art\/wp-json\/wp\/v2\/media\/604"}],"wp:attachment":[{"href":"https:\/\/formagraph-exercice.fr\/coffe-art\/wp-json\/wp\/v2\/media?parent=603"}],"wp:term":[{"taxonomy":"product_brand","embeddable":true,"href":"https:\/\/formagraph-exercice.fr\/coffe-art\/wp-json\/wp\/v2\/product_brand?post=603"},{"taxonomy":"product_cat","embeddable":true,"href":"https:\/\/formagraph-exercice.fr\/coffe-art\/wp-json\/wp\/v2\/product_cat?post=603"},{"taxonomy":"product_tag","embeddable":true,"href":"https:\/\/formagraph-exercice.fr\/coffe-art\/wp-json\/wp\/v2\/product_tag?post=603"}],"curies":[{"name":"wp","href":"https:\/\/api.w.org\/{rel}","templated":true}]}}