{"id":599,"date":"2025-06-30T21:51:10","date_gmt":"2025-06-30T19:51:10","guid":{"rendered":"https:\/\/formagraph-exercice.fr\/coffe-art\/?post_type=product&#038;p=599"},"modified":"2025-06-30T22:06:10","modified_gmt":"2025-06-30T20:06:10","slug":"creation-de-bougies-parfumees-au-cafe","status":"publish","type":"product","link":"https:\/\/formagraph-exercice.fr\/coffe-art\/produit\/creation-de-bougies-parfumees-au-cafe\/","title":{"rendered":"Atelier cr\u00e9ation de bougies parfum\u00e9es au caf\u00e9"},"content":{"rendered":"<p>Transformez le marc de caf\u00e9 en bougies luxueuses. Sous la conduite d\u2019une designer olfactive, vous r\u00e9aliserez des chandelles artisanales m\u00ealant cire naturelle et fragrances caf\u00e9in\u00e9es, pour prolonger l\u2019ambiance Coffeart \u00e0 la maison.<\/p>\n","protected":false},"excerpt":{"rendered":"<p>Bougies artisanales parfum caf\u00e9.<\/p>\n","protected":false},"featured_media":600,"comment_status":"open","ping_status":"closed","template":"","meta":{"_coblocks_attr":"","_coblocks_dimensions":"","_coblocks_responsive_height":"","_coblocks_accordion_ie_support":"","om_disable_all_campaigns":false,"_monsterinsights_skip_tracking":false,"_monsterinsights_sitenote_active":false,"_monsterinsights_sitenote_note":"","_monsterinsights_sitenote_category":0,"_kad_post_transparent":"default","_kad_post_title":"","_kad_post_layout":"default","_kad_post_sidebar_id":"","_kad_post_content_style":"default","_kad_post_vertical_padding":"default","_kad_post_feature":"","_kad_post_feature_position":"","_kad_post_header":false,"_kad_post_footer":false},"product_brand":[],"product_cat":[54],"product_tag":[],"class_list":{"0":"post-599","1":"product","2":"type-product","3":"status-publish","4":"has-post-thumbnail","6":"product_cat-bougies-bien-etre","8":"first","9":"instock","10":"shipping-taxable","11":"purchasable","12":"product-type-simple","13":"entry","14":"content-bg","15":"loop-entry"},"aioseo_notices":[],"_links":{"self":[{"href":"https:\/\/formagraph-exercice.fr\/coffe-art\/wp-json\/wp\/v2\/product\/599","targetHints":{"allow":["GET"]}}],"collection":[{"href":"https:\/\/formagraph-exercice.fr\/coffe-art\/wp-json\/wp\/v2\/product"}],"about":[{"href":"https:\/\/formagraph-exercice.fr\/coffe-art\/wp-json\/wp\/v2\/types\/product"}],"replies":[{"embeddable":true,"href":"https:\/\/formagraph-exercice.fr\/coffe-art\/wp-json\/wp\/v2\/comments?post=599"}],"wp:featuredmedia":[{"embeddable":true,"href":"https:\/\/formagraph-exercice.fr\/coffe-art\/wp-json\/wp\/v2\/media\/600"}],"wp:attachment":[{"href":"https:\/\/formagraph-exercice.fr\/coffe-art\/wp-json\/wp\/v2\/media?parent=599"}],"wp:term":[{"taxonomy":"product_brand","embeddable":true,"href":"https:\/\/formagraph-exercice.fr\/coffe-art\/wp-json\/wp\/v2\/product_brand?post=599"},{"taxonomy":"product_cat","embeddable":true,"href":"https:\/\/formagraph-exercice.fr\/coffe-art\/wp-json\/wp\/v2\/product_cat?post=599"},{"taxonomy":"product_tag","embeddable":true,"href":"https:\/\/formagraph-exercice.fr\/coffe-art\/wp-json\/wp\/v2\/product_tag?post=599"}],"curies":[{"name":"wp","href":"https:\/\/api.w.org\/{rel}","templated":true}]}}