{"id":594,"date":"2025-06-30T21:46:40","date_gmt":"2025-06-30T19:46:40","guid":{"rendered":"https:\/\/formagraph-exercice.fr\/coffe-art\/?post_type=product&#038;p=594"},"modified":"2025-06-30T21:46:41","modified_gmt":"2025-06-30T19:46:41","slug":"atelier-cupping-latte-art","status":"publish","type":"product","link":"https:\/\/formagraph-exercice.fr\/coffe-art\/produit\/atelier-cupping-latte-art\/","title":{"rendered":"Atelier Cupping &#038; Latte Art"},"content":{"rendered":"<p>Plongez au c\u0153ur de l\u2019univers du caf\u00e9 de sp\u00e9cialit\u00e9. Vous apprendrez d\u2019abord les techniques de cupping : mouture, infusion, cro\u00fbte aromatique, avant de ma\u00eetriser les gestes du latte art (c\u0153ur, rosetta, tulipe). Un duo sensoriel et graphique anim\u00e9 par un barista multi-couronn\u00e9.<\/p>\n","protected":false},"excerpt":{"rendered":"<p>D\u00e9gustation pro et motifs mousse de lait.<\/p>\n","protected":false},"featured_media":595,"comment_status":"open","ping_status":"closed","template":"","meta":{"_coblocks_attr":"","_coblocks_dimensions":"","_coblocks_responsive_height":"","_coblocks_accordion_ie_support":"","om_disable_all_campaigns":false,"_monsterinsights_skip_tracking":false,"_monsterinsights_sitenote_active":false,"_monsterinsights_sitenote_note":"","_monsterinsights_sitenote_category":0,"_kad_post_transparent":"default","_kad_post_title":"","_kad_post_layout":"default","_kad_post_sidebar_id":"","_kad_post_content_style":"default","_kad_post_vertical_padding":"default","_kad_post_feature":"","_kad_post_feature_position":"","_kad_post_header":false,"_kad_post_footer":false},"product_brand":[],"product_cat":[57],"product_tag":[],"class_list":{"0":"post-594","1":"product","2":"type-product","3":"status-publish","4":"has-post-thumbnail","6":"product_cat-cuisine-gourmandises","8":"first","9":"instock","10":"shipping-taxable","11":"purchasable","12":"product-type-simple","13":"entry","14":"content-bg","15":"loop-entry"},"aioseo_notices":[],"_links":{"self":[{"href":"https:\/\/formagraph-exercice.fr\/coffe-art\/wp-json\/wp\/v2\/product\/594","targetHints":{"allow":["GET"]}}],"collection":[{"href":"https:\/\/formagraph-exercice.fr\/coffe-art\/wp-json\/wp\/v2\/product"}],"about":[{"href":"https:\/\/formagraph-exercice.fr\/coffe-art\/wp-json\/wp\/v2\/types\/product"}],"replies":[{"embeddable":true,"href":"https:\/\/formagraph-exercice.fr\/coffe-art\/wp-json\/wp\/v2\/comments?post=594"}],"wp:featuredmedia":[{"embeddable":true,"href":"https:\/\/formagraph-exercice.fr\/coffe-art\/wp-json\/wp\/v2\/media\/595"}],"wp:attachment":[{"href":"https:\/\/formagraph-exercice.fr\/coffe-art\/wp-json\/wp\/v2\/media?parent=594"}],"wp:term":[{"taxonomy":"product_brand","embeddable":true,"href":"https:\/\/formagraph-exercice.fr\/coffe-art\/wp-json\/wp\/v2\/product_brand?post=594"},{"taxonomy":"product_cat","embeddable":true,"href":"https:\/\/formagraph-exercice.fr\/coffe-art\/wp-json\/wp\/v2\/product_cat?post=594"},{"taxonomy":"product_tag","embeddable":true,"href":"https:\/\/formagraph-exercice.fr\/coffe-art\/wp-json\/wp\/v2\/product_tag?post=594"}],"curies":[{"name":"wp","href":"https:\/\/api.w.org\/{rel}","templated":true}]}}