{"id":102,"date":"2025-06-25T13:36:43","date_gmt":"2025-06-25T11:36:43","guid":{"rendered":"https:\/\/formagraph-exercice.fr\/coffe-art\/?post_type=product&#038;p=102"},"modified":"2025-06-25T13:36:43","modified_gmt":"2025-06-25T11:36:43","slug":"atelier-impression-artistique-avec-des-filtres-a-cafe","status":"publish","type":"product","link":"https:\/\/formagraph-exercice.fr\/coffe-art\/produit\/atelier-impression-artistique-avec-des-filtres-a-cafe\/","title":{"rendered":"Atelier impression artistique avec des filtres \u00e0 caf\u00e9"},"content":{"rendered":"<p>Exp\u00e9rimentez la cr\u00e9ation d\u2019\u0153uvres abstraites en trempant et tamponnant des filtres \u00e0 caf\u00e9, pour r\u00e9v\u00e9ler des nuances et formes in\u00e9dites.<\/p>\n","protected":false},"excerpt":{"rendered":"<p>Exp\u00e9rimentez la cr\u00e9ation d\u2019\u0153uvres abstraites en trempant et tamponnant des filtres \u00e0 caf\u00e9, pour r\u00e9v\u00e9ler des nuances et formes in\u00e9dites.<\/p>\n","protected":false},"featured_media":106,"comment_status":"open","ping_status":"closed","template":"","meta":{"_coblocks_attr":"","_coblocks_dimensions":"","_coblocks_responsive_height":"","_coblocks_accordion_ie_support":"","om_disable_all_campaigns":false,"_monsterinsights_skip_tracking":false,"_monsterinsights_sitenote_active":false,"_monsterinsights_sitenote_note":"","_monsterinsights_sitenote_category":0,"_kad_post_transparent":"default","_kad_post_title":"","_kad_post_layout":"default","_kad_post_sidebar_id":"","_kad_post_content_style":"default","_kad_post_vertical_padding":"default","_kad_post_feature":"","_kad_post_feature_position":"","_kad_post_header":false,"_kad_post_footer":false},"product_brand":[],"product_cat":[51],"product_tag":[],"class_list":{"0":"post-102","1":"product","2":"type-product","3":"status-publish","4":"has-post-thumbnail","6":"product_cat-papier-papeterie","8":"first","9":"instock","10":"shipping-taxable","11":"purchasable","12":"product-type-simple","13":"entry","14":"content-bg","15":"loop-entry"},"aioseo_notices":[],"_links":{"self":[{"href":"https:\/\/formagraph-exercice.fr\/coffe-art\/wp-json\/wp\/v2\/product\/102","targetHints":{"allow":["GET"]}}],"collection":[{"href":"https:\/\/formagraph-exercice.fr\/coffe-art\/wp-json\/wp\/v2\/product"}],"about":[{"href":"https:\/\/formagraph-exercice.fr\/coffe-art\/wp-json\/wp\/v2\/types\/product"}],"replies":[{"embeddable":true,"href":"https:\/\/formagraph-exercice.fr\/coffe-art\/wp-json\/wp\/v2\/comments?post=102"}],"wp:featuredmedia":[{"embeddable":true,"href":"https:\/\/formagraph-exercice.fr\/coffe-art\/wp-json\/wp\/v2\/media\/106"}],"wp:attachment":[{"href":"https:\/\/formagraph-exercice.fr\/coffe-art\/wp-json\/wp\/v2\/media?parent=102"}],"wp:term":[{"taxonomy":"product_brand","embeddable":true,"href":"https:\/\/formagraph-exercice.fr\/coffe-art\/wp-json\/wp\/v2\/product_brand?post=102"},{"taxonomy":"product_cat","embeddable":true,"href":"https:\/\/formagraph-exercice.fr\/coffe-art\/wp-json\/wp\/v2\/product_cat?post=102"},{"taxonomy":"product_tag","embeddable":true,"href":"https:\/\/formagraph-exercice.fr\/coffe-art\/wp-json\/wp\/v2\/product_tag?post=102"}],"curies":[{"name":"wp","href":"https:\/\/api.w.org\/{rel}","templated":true}]}}