{"id":3,"date":"2025-06-24T12:01:01","date_gmt":"2025-06-24T10:01:01","guid":{"rendered":"https:\/\/formagraph-exercice.fr\/coffe-art\/?page_id=3"},"modified":"2025-06-26T10:04:37","modified_gmt":"2025-06-26T08:04:37","slug":"politique-de-confidentialite","status":"publish","type":"page","link":"https:\/\/formagraph-exercice.fr\/coffe-art\/politique-de-confidentialite\/","title":{"rendered":"COOKIES ET POLITIQUE DE PROTECTION DES DONNEES PERSONNELLES\u00a0SITE INTERNET COFFEART"},"content":{"rendered":"\n<p>Mise \u00e0 jour en juin 2025&nbsp;<\/p>\n\n\n\n<p>Cette politique de protection des donn\u00e9es \u00e0 caract\u00e8re personnel fixe la mani\u00e8re dont les donn\u00e9es des utilisateurs sont trait\u00e9es dans le cadre de ce site.&nbsp;<br>Les donn\u00e9es pourront faire l&rsquo;objet de traitements, automatis\u00e9s ou non, conform\u00e9ment au r\u00e8glement g\u00e9n\u00e9ral sur la protection des donn\u00e9es \u00ab RGPD \u00bb du 27 avril 2016.&nbsp;<\/p>\n\n\n\n<p>Vous pouvez acc\u00e9der \u00e0 une information d\u00e9taill\u00e9e sur les traitements r\u00e9alis\u00e9s par Coffeart sur vos donn\u00e9es personnelles, notamment concernant les finalit\u00e9s des traitements, les bases l\u00e9gales permettant \u00e0 Coffeart de traiter vos donn\u00e9es, leurs dur\u00e9es de conservation, leurs destinataires et, le cas \u00e9ch\u00e9ant, les transferts de celles-ci vers un pays non membre de l\u2019Union europ\u00e9enne ainsi que les garanties mises en \u0153uvre, en consultant la <mark style=\"background-color:rgba(0, 0, 0, 0)\" class=\"has-inline-color has-theme-palette-1-color\"><a href=\"https:\/\/formagraph-exercice.fr\/coffe-art\/politique-de-protection-des-donnees-personnelles\/\" target=\"_blank\" rel=\"noopener nofollow\" title=\"Politique de protection des donn\u00e9es personnelles.&nbsp;\">Politique de protection des donn\u00e9es personnelles.&nbsp;<\/a><\/mark><\/p>\n\n\n\n<h2 class=\"wp-block-heading\"><strong>Responsable du traitement et finalit\u00e9s<\/strong><\/h2>\n\n\n\n<p>Les donn\u00e9es \u00e0 caract\u00e8re personnel collect\u00e9es via les formulaires ou cookies figurant sur le pr\u00e9sent site le sont par Coffeart, \u00e9diteur du site et agissant en qualit\u00e9 de responsable du traitement au sens du RGPD dont l&rsquo;identit\u00e9 et les coordonn\u00e9es sont indiqu\u00e9es dans les mentions l\u00e9gales accessibles en bas de page.&nbsp;<\/p>\n\n\n\n<p>Une description compl\u00e8te de la gestion des cookies est disponible en cliquant sur le lien \u00ab\u00a0Cookies\u00a0\u00bb pr\u00e9sent dans le pied de chaque page du site ou sous le lien ci-dessous :&nbsp;<\/p>\n\n\n\n<p><mark style=\"background-color:rgba(0, 0, 0, 0)\" class=\"has-inline-color has-theme-palette-1-color\"><strong>Param\u00e9trer les cookies<\/strong><\/mark>&nbsp;<\/p>\n\n\n\n<p>Les donn\u00e9es collect\u00e9es par les cookies ont pour finalit\u00e9 de permettre le bon fonctionnement du site et d\u2019identifier des tentatives de connexions frauduleuses ou r\u00e9p\u00e9t\u00e9es dans le but de prot\u00e9ger le syst\u00e8me de connexion contre les utilisations abusives.&nbsp;<br>Sous r\u00e9serve de votre accord, les donn\u00e9es collect\u00e9es par les cookies peuvent \u00e9galement servir \u00e0 mesurer l\u2019audience du site et \u00e0 personnaliser votre parcours, \u00e0 vous adresser des publicit\u00e9s cibl\u00e9es ou des communications personnalis\u00e9es li\u00e9es \u00e0 vos centres d\u2019int\u00e9r\u00eats ou \u00e0 vos besoins, et \u00e0 vous adresser des messages de prospection commerciale.&nbsp;<br>Dans le cadre de l\u2019utilisation du site et de ses services, les donn\u00e9es \u00e0 caract\u00e8re personnel que vous communiquez via les formulaires mis \u00e0 votre disposition sont collect\u00e9es et trait\u00e9es par Coffeart aux fins de traitement des demandes exprim\u00e9es.&nbsp;<br>Par ailleurs, l\u2019ensemble des donn\u00e9es collect\u00e9es sont susceptibles d\u2019\u00eatre \u00e9galement trait\u00e9es \u00e0 des fins de prospection commerciale, sous r\u00e9serve du respect de la r\u00e8glementation applicable en la mati\u00e8re (droit d\u2019opposition pour la prospection par voie postale et t\u00e9l\u00e9phonique \u2013 consentement pr\u00e9alable pour la prospection r\u00e9alis\u00e9e par voie \u00e9lectronique et pour la d\u00e9pose de cookies).&nbsp;<\/p>\n\n\n\n<h2 class=\"wp-block-heading\"><strong>Caract\u00e9ristiques sur l&rsquo;usage et la collecte de donn\u00e9es<\/strong><\/h2>\n\n\n\n<p>Vous n&rsquo;\u00eates pas oblig\u00e9 de r\u00e9pondre \u00e0 toutes les questions qui vous sont pos\u00e9es.&nbsp;<br>Le caract\u00e8re obligatoire de la communication des informations est indiqu\u00e9 par la pr\u00e9sence d&rsquo;un ast\u00e9risque. Le d\u00e9faut de communication de ces donn\u00e9es aura pour cons\u00e9quence l&rsquo;impossibilit\u00e9 pour Coffeart de traiter votre demande.&nbsp;<\/p>\n\n\n\n<h2 class=\"wp-block-heading\"><strong>Modalit\u00e9s d&rsquo;exercice de vos droits<\/strong><\/h2>\n\n\n\n<p>Vous disposez de droits sur les donn\u00e9es personnelles vous concernant que nous collectons et traitons dans le cadre de votre utilisation du site, de ses services et de vos demandes. Ces droits sont les suivants :&nbsp;<\/p>\n\n\n\n<ul class=\"wp-block-list\">\n<li>d\u2019un droit d&rsquo;acc\u00e8s, de rectification et d\u2019effacement des donn\u00e9es (inexactes, incompl\u00e8tes, \u00e9quivoques, ou p\u00e9rim\u00e9es);&nbsp;<\/li>\n<\/ul>\n\n\n\n<ul class=\"wp-block-list\">\n<li>d&rsquo;un droit d\u2019opposition au traitement de vos donn\u00e9es \u00e0 tout moment dans le cadre de la prospection commerciale ;&nbsp;<\/li>\n<\/ul>\n\n\n\n<ul class=\"wp-block-list\">\n<li>du droit \u00e0 la limitation du traitement de vos donn\u00e9es dans les conditions pr\u00e9vues par la r\u00e8glementation ;&nbsp;<\/li>\n<\/ul>\n\n\n\n<ul class=\"wp-block-list\">\n<li>du droit \u00e0 la portabilit\u00e9 des donn\u00e9es ;&nbsp;<\/li>\n<\/ul>\n\n\n\n<ul class=\"wp-block-list\">\n<li>du droit de retirer votre consentement \u00e0 tout moment ;&nbsp;<\/li>\n<\/ul>\n\n\n\n<ul class=\"wp-block-list\">\n<li>du droit d&rsquo;introduire une r\u00e9clamation aupr\u00e8s d&rsquo;une autorit\u00e9 de contr\u00f4le.&nbsp;<\/li>\n<\/ul>\n\n\n\n<p>Vous pouvez exercer ces droits en \u00e9crivant \u00e0 Coffeart, \u00e9diteur du site, dont l&rsquo;adresse est la suivante : 12 avenue Arthur Gaulard, 25000 Besan\u00e7on ou par mail \u00e0 l\u2019adresse suivante\u202f: <a href=\"mailto:dpo.coffeart25@gmail.com\" target=\"_blank\" rel=\"noreferrer noopener\">dpo.coffeart25@gmail.com<\/a>&nbsp;&nbsp;<\/p>\n\n\n\n<h2 class=\"wp-block-heading\"><strong>\u00c9diteur du site<\/strong>&nbsp;<\/h2>\n\n\n\n<p>Le pr\u00e9sent site Internet est \u00e9dit\u00e9 par Coffeart., Soci\u00e9t\u00e9 SAS au capital 10 000\u20ac &#8211; Si\u00e8ge social : <a href=\"https:\/\/maps.app.goo.gl\/eBF4VeFEtDKZb5m46\" target=\"_blank\" rel=\"noopener\" title=\"12 avenue Arthur Gaulard, 25000 Besan\u00e7on\">12 avenue Arthur Gaulard, 25000 Besan\u00e7on<\/a>.\u00a0<\/p>\n\n\n\n<p>Immatricul\u00e9e au R.C.S de Besan\u00e7on sous le num\u00e9ro SIREN : 884262585 &#8211; Num\u00e9ro individuel d\u2019identification d\u2019assujetti \u00e0 la TVA : FR 77 789 101 112&nbsp;<\/p>\n\n\n\n<h2 class=\"wp-block-heading\"><strong>Destinataires des donn\u00e9es<\/strong><\/h2>\n\n\n\n<p>Vos donn\u00e9es \u00e0 caract\u00e8re personnel (nom, adresse, num\u00e9ro de t\u00e9l\u00e9phone) sont susceptibles d&rsquo;\u00eatre communiqu\u00e9es \u00e0 :&nbsp;<\/p>\n\n\n\n<ul class=\"wp-block-list\">\n<li>Nos partenaires \u00e0 des fins de prospection commerciale ou en cas de mise en commun de moyens ou de regroupement de soci\u00e9t\u00e9s;&nbsp;<\/li>\n<\/ul>\n\n\n\n<ul class=\"wp-block-list\">\n<li>nos sous-traitants pour les seuls besoins de la sous-traitance;&nbsp;<\/li>\n<\/ul>\n\n\n\n<p>\u00e0 des instituts d&rsquo;enqu\u00eates ou de sondages, agissant pour le compte de Coffeart, \u00e0 des fins statistiques, sachant que vous n&rsquo;\u00eates pas tenu de r\u00e9pondre \u00e0 leurs sollicitations et que vos donn\u00e9es seront d\u00e9truites apr\u00e8s traitement.&nbsp;<\/p>\n\n\n\n<h2 class=\"wp-block-heading\"><strong>Utilisation de vos donn\u00e9es \u00e0 des fins de prospection<\/strong>&nbsp;<\/h2>\n\n\n\n<p>Conform\u00e9ment \u00e0 la r\u00e9glementation applicable, toute prospection par automate d&rsquo;appel, courrier \u00e9lectronique, sms\/mms ou fax ne seront r\u00e9alis\u00e9es qu&rsquo;avec le consentement pr\u00e9alable de l&rsquo;utilisateur concern\u00e9.\u00a0<br>Si vous acceptez de recevoir de tels messages de prospection de Coffeart en cochant les cases d&rsquo;acceptation pr\u00e9vues \u00e0 cet effet sur les formulaires pr\u00e9sents sur le site notamment, il vous sera possible \u00e0 tout moment de revenir sur ce consentement, et chacun des courriers \u00e9lectroniques de prospection vous offrira la possibilit\u00e9 de vous opposer pour le futur \u00e0 l&rsquo;envoi de nouveaux courriers \u00e9lectroniques de prospection par Coffeart \u00e9diteur du site.\u00a0<br>Par ailleurs, si vous ne souhaitez pas faire l&rsquo;objet de prospection commerciale par t\u00e9l\u00e9phone, vous pouvez vous inscrire sur la liste d&rsquo;opposition Bloctel. (plus d&rsquo;informations sur le site internet <a href=\"https:\/\/www.bloctel.gouv.fr\/\" target=\"_blank\" rel=\"noopener\" title=\"bloctel.gouv.fr\">bloctel.gouv.fr<\/a>.)\u00a0<br>A tout moment et sans frais, vous pouvez vous opposer \u00e0 toute prospection par d&rsquo;autres moyens en \u00e9crivant aux contacts mentionn\u00e9s au paragraphe \u00ab Modalit\u00e9s d&rsquo;exercice de vos droits \u00bb.\u00a0<\/p>\n\n\n\n<h2 class=\"wp-block-heading\"><strong>S\u00e9curit\u00e9<\/strong><\/h2>\n\n\n\n<p>Notre pr\u00e9occupation est de pr\u00e9server la qualit\u00e9 et l&rsquo;int\u00e9grit\u00e9 de vos donn\u00e9es \u00e0 caract\u00e8re personnel. Les technologies et les politiques de s\u00e9curit\u00e9 appliqu\u00e9es permettent de prot\u00e9ger vos donn\u00e9es \u00e0 caract\u00e8re personnel contre tout acc\u00e8s non autoris\u00e9, toute utilisation impropre. Les diff\u00e9rentes personnes qui ont acc\u00e8s aux donn\u00e9es sont tenues de respecter la vie priv\u00e9e des utilisateurs du pr\u00e9sent site et la confidentialit\u00e9 de leurs donn\u00e9es. Nous ne vous demanderons jamais par email de nous fournir des donn\u00e9es \u00e0 caract\u00e8res confidentielles (num\u00e9ro de carte bancaire, code&#8230;).&nbsp;<\/p>\n\n\n\n<p><\/p>\n","protected":false},"excerpt":{"rendered":"<p>Mise \u00e0 jour en juin 2025&nbsp; Cette politique de protection des donn\u00e9es \u00e0 caract\u00e8re personnel fixe la mani\u00e8re dont les donn\u00e9es des utilisateurs sont trait\u00e9es dans le cadre de ce site.&nbsp;Les donn\u00e9es pourront faire l&rsquo;objet de traitements, automatis\u00e9s ou non, conform\u00e9ment au r\u00e8glement g\u00e9n\u00e9ral sur la protection des donn\u00e9es \u00ab RGPD \u00bb du 27 avril&#8230;<\/p>\n","protected":false},"author":1,"featured_media":0,"parent":0,"menu_order":0,"comment_status":"closed","ping_status":"open","template":"","meta":{"_coblocks_attr":"","_coblocks_dimensions":"","_coblocks_responsive_height":"","_coblocks_accordion_ie_support":"","om_disable_all_campaigns":false,"_monsterinsights_skip_tracking":false,"_monsterinsights_sitenote_active":false,"_monsterinsights_sitenote_note":"","_monsterinsights_sitenote_category":0,"_kad_post_transparent":"","_kad_post_title":"show","_kad_post_layout":"","_kad_post_sidebar_id":"","_kad_post_content_style":"","_kad_post_vertical_padding":"","_kad_post_feature":"","_kad_post_feature_position":"","_kad_post_header":false,"_kad_post_footer":false,"footnotes":""},"class_list":["post-3","page","type-page","status-publish","hentry"],"aioseo_notices":[],"_links":{"self":[{"href":"https:\/\/formagraph-exercice.fr\/coffe-art\/wp-json\/wp\/v2\/pages\/3","targetHints":{"allow":["GET"]}}],"collection":[{"href":"https:\/\/formagraph-exercice.fr\/coffe-art\/wp-json\/wp\/v2\/pages"}],"about":[{"href":"https:\/\/formagraph-exercice.fr\/coffe-art\/wp-json\/wp\/v2\/types\/page"}],"author":[{"embeddable":true,"href":"https:\/\/formagraph-exercice.fr\/coffe-art\/wp-json\/wp\/v2\/users\/1"}],"replies":[{"embeddable":true,"href":"https:\/\/formagraph-exercice.fr\/coffe-art\/wp-json\/wp\/v2\/comments?post=3"}],"version-history":[{"count":5,"href":"https:\/\/formagraph-exercice.fr\/coffe-art\/wp-json\/wp\/v2\/pages\/3\/revisions"}],"predecessor-version":[{"id":226,"href":"https:\/\/formagraph-exercice.fr\/coffe-art\/wp-json\/wp\/v2\/pages\/3\/revisions\/226"}],"wp:attachment":[{"href":"https:\/\/formagraph-exercice.fr\/coffe-art\/wp-json\/wp\/v2\/media?parent=3"}],"curies":[{"name":"wp","href":"https:\/\/api.w.org\/{rel}","templated":true}]}}