{"id":256,"date":"2025-06-26T13:02:33","date_gmt":"2025-06-26T11:02:33","guid":{"rendered":"https:\/\/formagraph-exercice.fr\/coffe-art\/?page_id=256"},"modified":"2025-06-30T23:46:27","modified_gmt":"2025-06-30T21:46:27","slug":"nous-contacter","status":"publish","type":"page","link":"https:\/\/formagraph-exercice.fr\/coffe-art\/nous-contacter\/","title":{"rendered":"Nous contacter"},"content":{"rendered":"<style>.kb-row-layout-id256_a23691-25 > .kt-row-column-wrap{align-content:start;}:where(.kb-row-layout-id256_a23691-25 > .kt-row-column-wrap) > .wp-block-kadence-column{justify-content:start;}.kb-row-layout-id256_a23691-25 > .kt-row-column-wrap{column-gap:var(--global-kb-gap-md, 2rem);row-gap:var(--global-kb-gap-md, 2rem);padding-top:var(--global-kb-spacing-sm, 1.5rem);padding-bottom:var(--global-kb-spacing-sm, 1.5rem);grid-template-columns:repeat(2, minmax(0, 1fr));}.kb-row-layout-id256_a23691-25 > .kt-row-layout-overlay{opacity:0.30;}@media all and (max-width: 1024px){.kb-row-layout-id256_a23691-25 > .kt-row-column-wrap{grid-template-columns:repeat(2, minmax(0, 1fr));}}@media all and (max-width: 767px){.kb-row-layout-id256_a23691-25 > .kt-row-column-wrap{grid-template-columns:minmax(0, 1fr);}}<\/style><div class=\"kb-row-layout-wrap kb-row-layout-id256_a23691-25 alignnone wp-block-kadence-rowlayout\"><div class=\"kt-row-column-wrap kt-has-2-columns kt-row-layout-equal kt-tab-layout-inherit kt-mobile-layout-row kt-row-valign-top\">\n<style>.kadence-column256_97cefa-36 > .kt-inside-inner-col{border-top:50px solid transparent;border-right:50px solid transparent;border-bottom:50px solid transparent;border-left:50px solid transparent;}.kadence-column256_97cefa-36 > .kt-inside-inner-col,.kadence-column256_97cefa-36 > .kt-inside-inner-col:before{border-top-left-radius:50px;border-top-right-radius:50px;border-bottom-right-radius:50px;border-bottom-left-radius:50px;}.kadence-column256_97cefa-36 > .kt-inside-inner-col{column-gap:var(--global-kb-gap-sm, 1rem);}.kadence-column256_97cefa-36 > .kt-inside-inner-col{flex-direction:column;}.kadence-column256_97cefa-36 > .kt-inside-inner-col > .aligncenter{width:100%;}.kadence-column256_97cefa-36 > .kt-inside-inner-col{background-color:var(--global-palette1, #3182CE);}.kadence-column256_97cefa-36 > .kt-inside-inner-col:before{opacity:0.3;}.kadence-column256_97cefa-36{position:relative;}@media all and (max-width: 1024px){.kadence-column256_97cefa-36 > .kt-inside-inner-col{border-top:50px solid transparent;border-right:50px solid transparent;border-bottom:50px solid transparent;border-left:50px solid transparent;flex-direction:column;justify-content:center;}}@media all and (max-width: 767px){.kadence-column256_97cefa-36 > .kt-inside-inner-col{border-top:50px solid transparent;border-right:50px solid transparent;border-bottom:50px solid transparent;border-left:50px solid transparent;flex-direction:column;justify-content:center;}}<\/style>\n<div class=\"wp-block-kadence-column kadence-column256_97cefa-36\"><div class=\"kt-inside-inner-col\">\n<p class=\"has-theme-palette-9-color has-text-color has-link-color wp-elements-b51c098ae95a2204a98d996b191322dd\">Vous avez une question et la r\u00e9ponse n\u2019\u00e9tait pas dans notre<a href=\"https:\/\/formagraph-exercice.fr\/coffe-art\/faq\/\" target=\"_blank\" rel=\"noopener\" title=\"\u00a0FAQ\">\u00a0<strong>FAQ<\/strong><\/a>\u00a0? Remplissez le formulaire ci-dessous ou contactez-nous directement par nos r\u00e9seaux sociaux ou t\u00e9l\u00e9phone !<\/p>\n\n\n<style>.kt-svg-icons256_6fc583-d8 .kt-svg-item-0 .kb-svg-icon-wrap{color:var(--global-palette4, #2D3748);font-size:50px;}.wp-block-kadence-icon.kt-svg-icons256_6fc583-d8{justify-content:center;gap:var(--global-kb-gap-xs, 0.5rem );}<\/style>\n<div class=\"wp-block-kadence-icon kt-svg-icons kt-svg-icons256_6fc583-d8 alignnone\"><style>.kt-svg-item-256_f01df4-8a .kb-svg-icon-wrap, .kt-svg-style-stacked.kt-svg-item-256_f01df4-8a .kb-svg-icon-wrap{color:var(--global-palette9, #ffffff);font-size:50px;margin-top:var(--global-kb-spacing-xs, 1rem);margin-right:var(--global-kb-spacing-xs, 1rem);margin-bottom:var(--global-kb-spacing-xs, 1rem);margin-left:var(--global-kb-spacing-xs, 1rem);}<\/style>\n<div class=\"wp-block-kadence-single-icon kt-svg-style-default kt-svg-icon-wrap kt-svg-item-256_f01df4-8a\"><a href=\"https:\/\/www.instagram.com\/\" class=\"kt-svg-icon-link\" aria-label=\"Instagram\"><span class=\"kb-svg-icon-wrap kb-svg-icon-fa_instagram\"><svg viewBox=\"0 0 448 512\"  fill=\"currentColor\" xmlns=\"http:\/\/www.w3.org\/2000\/svg\"  aria-hidden=\"true\"><path d=\"M224.1 141c-63.6 0-114.9 51.3-114.9 114.9s51.3 114.9 114.9 114.9S339 319.5 339 255.9 287.7 141 224.1 141zm0 189.6c-41.1 0-74.7-33.5-74.7-74.7s33.5-74.7 74.7-74.7 74.7 33.5 74.7 74.7-33.6 74.7-74.7 74.7zm146.4-194.3c0 14.9-12 26.8-26.8 26.8-14.9 0-26.8-12-26.8-26.8s12-26.8 26.8-26.8 26.8 12 26.8 26.8zm76.1 27.2c-1.7-35.9-9.9-67.7-36.2-93.9-26.2-26.2-58-34.4-93.9-36.2-37-2.1-147.9-2.1-184.9 0-35.8 1.7-67.6 9.9-93.9 36.1s-34.4 58-36.2 93.9c-2.1 37-2.1 147.9 0 184.9 1.7 35.9 9.9 67.7 36.2 93.9s58 34.4 93.9 36.2c37 2.1 147.9 2.1 184.9 0 35.9-1.7 67.7-9.9 93.9-36.2 26.2-26.2 34.4-58 36.2-93.9 2.1-37 2.1-147.8 0-184.8zM398.8 388c-7.8 19.6-22.9 34.7-42.6 42.6-29.5 11.7-99.5 9-132.1 9s-102.7 2.6-132.1-9c-19.6-7.8-34.7-22.9-42.6-42.6-11.7-29.5-9-99.5-9-132.1s-2.6-102.7 9-132.1c7.8-19.6 22.9-34.7 42.6-42.6 29.5-11.7 99.5-9 132.1-9s102.7-2.6 132.1 9c19.6 7.8 34.7 22.9 42.6 42.6 11.7 29.5 9 99.5 9 132.1s2.7 102.7-9 132.1z\"\/><\/svg><\/span><\/a><\/div>\n\n\n<style>.kt-svg-item-256_e7e337-f7 .kb-svg-icon-wrap, .kt-svg-style-stacked.kt-svg-item-256_e7e337-f7 .kb-svg-icon-wrap{color:var(--global-palette9, #ffffff);font-size:45px;margin-top:var(--global-kb-spacing-xs, 1rem);margin-right:var(--global-kb-spacing-xs, 1rem);margin-bottom:var(--global-kb-spacing-xs, 1rem);margin-left:var(--global-kb-spacing-xs, 1rem);}<\/style>\n<div class=\"wp-block-kadence-single-icon kt-svg-style-default kt-svg-icon-wrap kt-svg-item-256_e7e337-f7\"><a href=\"https:\/\/www.facebook.com\" class=\"kt-svg-icon-link\" aria-label=\"facebook\"><span class=\"kb-svg-icon-wrap kb-svg-icon-fa_facebook-f\"><svg viewBox=\"0 0 320 512\"  fill=\"currentColor\" xmlns=\"http:\/\/www.w3.org\/2000\/svg\"  aria-hidden=\"true\"><path d=\"M279.14 288l14.22-92.66h-88.91v-60.13c0-25.35 12.42-50.06 52.24-50.06h40.42V6.26S260.43 0 225.36 0c-73.22 0-121.08 44.38-121.08 124.72v70.62H22.89V288h81.39v224h100.17V288z\"\/><\/svg><\/span><\/a><\/div>\n\n\n<style>.kt-svg-item-256_687da6-8b .kb-svg-icon-wrap, .kt-svg-style-stacked.kt-svg-item-256_687da6-8b .kb-svg-icon-wrap{color:var(--global-palette9, #ffffff);font-size:44px;margin-top:var(--global-kb-spacing-xs, 1rem);margin-right:var(--global-kb-spacing-xs, 1rem);margin-bottom:var(--global-kb-spacing-xs, 1rem);margin-left:var(--global-kb-spacing-xs, 1rem);}<\/style>\n<div class=\"wp-block-kadence-single-icon kt-svg-style-default kt-svg-icon-wrap kt-svg-item-256_687da6-8b\"><a href=\"https:\/\/www.tiktok.com\/\" class=\"kt-svg-icon-link\" aria-label=\"TikTok\"><span class=\"kb-svg-icon-wrap kb-svg-icon-fas_tiktok\"><svg viewBox=\"0 0 448 512\"  fill=\"currentColor\" xmlns=\"http:\/\/www.w3.org\/2000\/svg\"  aria-hidden=\"true\"><path d=\"M448,209.91a210.06,210.06,0,0,1-122.77-39.25V349.38A162.55,162.55,0,1,1,185,188.31V278.2a74.62,74.62,0,1,0,52.23,71.18V0l88,0a121.18,121.18,0,0,0,1.86,22.17h0A122.18,122.18,0,0,0,381,102.39a121.43,121.43,0,0,0,67,20.14Z\"\/><\/svg><\/span><\/a><\/div>\n\n\n<style>.kt-svg-item-256_15b0bd-ef .kb-svg-icon-wrap, .kt-svg-style-stacked.kt-svg-item-256_15b0bd-ef .kb-svg-icon-wrap{color:var(--global-palette9, #ffffff);font-size:45px;margin-top:var(--global-kb-spacing-xxs, 0.5rem);margin-right:var(--global-kb-spacing-xxs, 0.5rem);margin-bottom:var(--global-kb-spacing-xxs, 0.5rem);margin-left:var(--global-kb-spacing-xxs, 0.5rem);}<\/style>\n<div class=\"wp-block-kadence-single-icon kt-svg-style-default kt-svg-icon-wrap kt-svg-item-256_15b0bd-ef\"><a href=\"https:\/\/www.linkedin.com\/\" class=\"kt-svg-icon-link\" aria-label=\"LinkedIn\"><span class=\"kb-svg-icon-wrap kb-svg-icon-fa_linkedin-in\"><svg viewBox=\"0 0 448 512\"  fill=\"currentColor\" xmlns=\"http:\/\/www.w3.org\/2000\/svg\"  aria-hidden=\"true\"><path d=\"M100.3 480H7.4V180.9h92.9V480zM53.8 140.1C24.1 140.1 0 115.5 0 85.8 0 56.1 24.1 32 53.8 32c29.7 0 53.8 24.1 53.8 53.8 0 29.7-24.1 54.3-53.8 54.3zM448 480h-92.7V334.4c0-34.7-.7-79.2-48.3-79.2-48.3 0-55.7 37.7-55.7 76.7V480h-92.8V180.9h89.1v40.8h1.3c12.4-23.5 42.7-48.3 87.9-48.3 94 0 111.3 61.9 111.3 142.3V480z\"\/><\/svg><\/span><\/a><\/div>\n<\/div>\n\n\n\n<hr class=\"wp-block-separator has-text-color has-theme-palette-1-color has-alpha-channel-opacity has-theme-palette-1-background-color has-background\" style=\"margin-top:var(--wp--preset--spacing--40);margin-bottom:var(--wp--preset--spacing--40)\"\/>\n\n\n\n<p class=\"has-text-align-center has-theme-palette-9-color has-text-color has-link-color wp-elements-11cfb337621f1cc03c794216092b21d7\"><strong> \ud83d\udcde 03 51 85 35 72<\/strong><\/p>\n<\/div><\/div>\n\n\n<style>.kadence-column256_2a068b-d9 > .kt-inside-inner-col,.kadence-column256_2a068b-d9 > .kt-inside-inner-col:before{border-top-left-radius:0px;border-top-right-radius:0px;border-bottom-right-radius:0px;border-bottom-left-radius:0px;}.kadence-column256_2a068b-d9 > .kt-inside-inner-col{column-gap:var(--global-kb-gap-sm, 1rem);}.kadence-column256_2a068b-d9 > .kt-inside-inner-col{flex-direction:column;}.kadence-column256_2a068b-d9 > .kt-inside-inner-col > .aligncenter{width:100%;}.kadence-column256_2a068b-d9 > .kt-inside-inner-col:before{opacity:0.3;}.kadence-column256_2a068b-d9{position:relative;}@media all and (max-width: 1024px){.kadence-column256_2a068b-d9 > .kt-inside-inner-col{flex-direction:column;justify-content:center;}}@media all and (max-width: 767px){.kadence-column256_2a068b-d9 > .kt-inside-inner-col{flex-direction:column;justify-content:center;}}<\/style>\n<div class=\"wp-block-kadence-column kadence-column256_2a068b-d9\"><div class=\"kt-inside-inner-col\"><div class=\"wp-block-kadence-advanced-form wp-block-kadence-advanced-form626-cpt-id kb-adv-form-label-style-normal kb-adv-form-input-size-standard kb-form-basic-style wp-block-kadence-advanced-form\"><form id=\"kb-adv-form-626-cpt-id\" class=\"kb-advanced-form\" method=\"post\">\n<style>.kb-row-layout-id256_4523e1-18 > .kt-row-column-wrap{align-content:start;}:where(.kb-row-layout-id256_4523e1-18 > .kt-row-column-wrap) > .wp-block-kadence-column{justify-content:start;}.kb-row-layout-id256_4523e1-18 > .kt-row-column-wrap{column-gap:var(--global-kb-gap-md, 2rem);row-gap:var(--global-kb-gap-md, 2rem);padding-top:0px;padding-right:0px;padding-bottom:0px;padding-left:0px;grid-template-columns:repeat(2, minmax(0, 1fr));}.kb-row-layout-id256_4523e1-18 > .kt-row-layout-overlay{opacity:0.30;}@media all and (max-width: 1024px){.kb-row-layout-id256_4523e1-18 > .kt-row-column-wrap{grid-template-columns:repeat(2, minmax(0, 1fr));}}@media all and (max-width: 767px){.kb-row-layout-id256_4523e1-18 > .kt-row-column-wrap{grid-template-columns:minmax(0, 1fr);}}<\/style><div class=\"kb-row-layout-wrap kb-row-layout-id256_4523e1-18 alignnone wp-block-kadence-rowlayout\"><div class=\"kt-row-column-wrap kt-has-2-columns kt-row-layout-equal kt-tab-layout-inherit kt-mobile-layout-row kt-row-valign-top\">\n<style>.kadence-column256_736f05-cc > .kt-inside-inner-col,.kadence-column256_736f05-cc > .kt-inside-inner-col:before{border-top-left-radius:0px;border-top-right-radius:0px;border-bottom-right-radius:0px;border-bottom-left-radius:0px;}.kadence-column256_736f05-cc > .kt-inside-inner-col{column-gap:var(--global-kb-gap-sm, 1rem);}.kadence-column256_736f05-cc > .kt-inside-inner-col{flex-direction:column;}.kadence-column256_736f05-cc > .kt-inside-inner-col > .aligncenter{width:100%;}.kadence-column256_736f05-cc > .kt-inside-inner-col:before{opacity:0.3;}.kadence-column256_736f05-cc{position:relative;}@media all and (max-width: 1024px){.kadence-column256_736f05-cc > .kt-inside-inner-col{flex-direction:column;justify-content:center;}}@media all and (max-width: 767px){.kadence-column256_736f05-cc > .kt-inside-inner-col{flex-direction:column;justify-content:center;}}<\/style>\n<div class=\"wp-block-kadence-column kadence-column256_736f05-cc\"><div class=\"kt-inside-inner-col\"><div class=\"kb-adv-form-field kb-adv-form-text-type-input kb-adv-form-infield-type-input kb-field62603be81-90 wp-block-kadence-advanced-form-text\"><label class=\"kb-adv-form-label\" for=\"field62603be81-90\">Nom<span class=\"kb-adv-form-required\">*<\/span><\/label><input name=\"field03be81-90\" id=\"field62603be81-90\" data-label=\"Nom\" type=\"text\" placeholder=\"\" value=\"\" data-type=\"text\" class=\"kb-field kb-text-field\" data-required=\"yes\" required aria-required=\"true\"\/><\/div><\/div><\/div>\n\n\n<style>.kadence-column256_bf24bb-b4 > .kt-inside-inner-col,.kadence-column256_bf24bb-b4 > .kt-inside-inner-col:before{border-top-left-radius:0px;border-top-right-radius:0px;border-bottom-right-radius:0px;border-bottom-left-radius:0px;}.kadence-column256_bf24bb-b4 > .kt-inside-inner-col{column-gap:var(--global-kb-gap-sm, 1rem);}.kadence-column256_bf24bb-b4 > .kt-inside-inner-col{flex-direction:column;}.kadence-column256_bf24bb-b4 > .kt-inside-inner-col > .aligncenter{width:100%;}.kadence-column256_bf24bb-b4 > .kt-inside-inner-col:before{opacity:0.3;}.kadence-column256_bf24bb-b4{position:relative;}@media all and (max-width: 1024px){.kadence-column256_bf24bb-b4 > .kt-inside-inner-col{flex-direction:column;justify-content:center;}}@media all and (max-width: 767px){.kadence-column256_bf24bb-b4 > .kt-inside-inner-col{flex-direction:column;justify-content:center;}}<\/style>\n<div class=\"wp-block-kadence-column kadence-column256_bf24bb-b4\"><div class=\"kt-inside-inner-col\"><div class=\"kb-adv-form-field kb-adv-form-text-type-input kb-adv-form-infield-type-input kb-field626b421e1-5b wp-block-kadence-advanced-form-email\"><label class=\"kb-adv-form-label\" for=\"field626b421e1-5b\">Email<span class=\"kb-adv-form-required\">*<\/span><\/label><input name=\"fieldb421e1-5b\" id=\"field626b421e1-5b\" data-label=\"Email\" type=\"email\" placeholder=\"\" value=\"\" data-type=\"email\" class=\"kb-field kb-email-field\" data-required=\"yes\" required aria-required=\"true\"\/><\/div><\/div><\/div>\n\n<\/div><\/div>\n\n<style>.kb-row-layout-id256_f52466-7f > .kt-row-column-wrap{align-content:start;}:where(.kb-row-layout-id256_f52466-7f > .kt-row-column-wrap) > .wp-block-kadence-column{justify-content:start;}.kb-row-layout-id256_f52466-7f > .kt-row-column-wrap{column-gap:var(--global-kb-gap-md, 2rem);row-gap:var(--global-kb-gap-md, 2rem);padding-top:0px;padding-right:0px;padding-bottom:0px;padding-left:0px;grid-template-columns:repeat(2, minmax(0, 1fr));}.kb-row-layout-id256_f52466-7f > .kt-row-layout-overlay{opacity:0.30;}@media all and (max-width: 1024px){.kb-row-layout-id256_f52466-7f > .kt-row-column-wrap{grid-template-columns:repeat(2, minmax(0, 1fr));}}@media all and (max-width: 767px){.kb-row-layout-id256_f52466-7f > .kt-row-column-wrap{grid-template-columns:minmax(0, 1fr);}}<\/style><div class=\"kb-row-layout-wrap kb-row-layout-id256_f52466-7f alignnone wp-block-kadence-rowlayout\"><div class=\"kt-row-column-wrap kt-has-2-columns kt-row-layout-equal kt-tab-layout-inherit kt-mobile-layout-row kt-row-valign-top\">\n<style>.kadence-column256_6db07e-07 > .kt-inside-inner-col,.kadence-column256_6db07e-07 > .kt-inside-inner-col:before{border-top-left-radius:0px;border-top-right-radius:0px;border-bottom-right-radius:0px;border-bottom-left-radius:0px;}.kadence-column256_6db07e-07 > .kt-inside-inner-col{column-gap:var(--global-kb-gap-sm, 1rem);}.kadence-column256_6db07e-07 > .kt-inside-inner-col{flex-direction:column;}.kadence-column256_6db07e-07 > .kt-inside-inner-col > .aligncenter{width:100%;}.kadence-column256_6db07e-07 > .kt-inside-inner-col:before{opacity:0.3;}.kadence-column256_6db07e-07{position:relative;}@media all and (max-width: 1024px){.kadence-column256_6db07e-07 > .kt-inside-inner-col{flex-direction:column;justify-content:center;}}@media all and (max-width: 767px){.kadence-column256_6db07e-07 > .kt-inside-inner-col{flex-direction:column;justify-content:center;}}<\/style>\n<div class=\"wp-block-kadence-column kadence-column256_6db07e-07\"><div class=\"kt-inside-inner-col\"><div class=\"kb-adv-form-field kb-adv-form-infield-type-input kb-field626885f11-38 wp-block-kadence-advanced-form-select\"><label class=\"kb-adv-form-label\" for=\"field626885f11-38\">Pr\u00e9nom<span class=\"kb-adv-form-required\">*<\/span><\/label><select  name=\"field885f11-38\" id=\"field626885f11-38\" required aria-required=\"true\"><option value=\"\"><\/option><\/select><\/div><\/div><\/div>\n\n\n<style>.kadence-column256_2a0673-98 > .kt-inside-inner-col,.kadence-column256_2a0673-98 > .kt-inside-inner-col:before{border-top-left-radius:0px;border-top-right-radius:0px;border-bottom-right-radius:0px;border-bottom-left-radius:0px;}.kadence-column256_2a0673-98 > .kt-inside-inner-col{column-gap:var(--global-kb-gap-sm, 1rem);}.kadence-column256_2a0673-98 > .kt-inside-inner-col{flex-direction:column;}.kadence-column256_2a0673-98 > .kt-inside-inner-col > .aligncenter{width:100%;}.kadence-column256_2a0673-98 > .kt-inside-inner-col:before{opacity:0.3;}.kadence-column256_2a0673-98{position:relative;}@media all and (max-width: 1024px){.kadence-column256_2a0673-98 > .kt-inside-inner-col{flex-direction:column;justify-content:center;}}@media all and (max-width: 767px){.kadence-column256_2a0673-98 > .kt-inside-inner-col{flex-direction:column;justify-content:center;}}<\/style>\n<div class=\"wp-block-kadence-column kadence-column256_2a0673-98\"><div class=\"kt-inside-inner-col\"><div class=\"kb-adv-form-field kb-adv-form-infield-type-input kb-field62644d99f-6a wp-block-kadence-advanced-form-select\"><label class=\"kb-adv-form-label\" for=\"field62644d99f-6a\">Sujet<\/label><select  name=\"field44d99f-6a\" id=\"field62644d99f-6a\" ><option value=\"\"><\/option><\/select><\/div><\/div><\/div>\n\n<\/div><\/div>\n\n<div class=\"kb-adv-form-field kb-adv-form-text-type-input kb-adv-form-infield-type-input kb-field626423ff9-15 wp-block-kadence-advanced-form-textarea\"><label class=\"kb-adv-form-label\" for=\"field626423ff9-15\">Message<span class=\"kb-adv-form-required\">*<\/span><\/label><textarea name=\"field423ff9-15\" id=\"field626423ff9-15\" rows=\"3\"  data-label=\"Message\" placeholder=\"\" data-type=\"textarea\" class=\"kb-field kb-textarea-field\" data-required=\"yes\" required aria-required=\"true\"><\/textarea><\/div>\n\n<style>ul.menu .kb-submit-field .kb-btna06ea0-ce.kb-button{width:initial;}.kb-submit-field.kb-fielda06ea0-ce{justify-content:flex-start;}<\/style><div class=\"kb-adv-form-field kb-submit-field kb-fielda06ea0-ce wp-block-kadence-advanced-form-submit\"><button class=\"kb-button kt-button button kb-adv-form-submit-button kb-btna06ea0-ce kt-btn-size-standard kt-btn-width-type-auto kb-btn-global-fill kt-btn-has-text-true kt-btn-has-svg-false\" type=\"submit\"><span class=\"kt-btn-inner-text\">Envoyer<\/span><\/button><\/div>\n<input type=\"hidden\" name=\"_kb_adv_form_post_id\" value=\"626\"><input type=\"hidden\" name=\"action\" value=\"kb_process_advanced_form_submit\"><input type=\"hidden\" name=\"_kb_adv_form_id\" value=\"626-cpt-id\"><\/form><\/div><\/div><\/div>\n\n<\/div><\/div>\n\n\n<p class=\"has-text-align-right\">* Mentions obligatoires<\/p>\n\n\n\n<p class=\"has-text-align-right\">Retrouvez les informations sur le traitement de vos donn\u00e9es personnelles <a href=\"https:\/\/formagraph-exercice.fr\/coffe-art\/politique-de-confidentialite\/\" target=\"_blank\" rel=\"noopener\" title=\"ici\"><strong>ici<\/strong><\/a> <\/p>\n\n\n\n<p><\/p>\n","protected":false},"excerpt":{"rendered":"<p>Vous avez une question et la r\u00e9ponse n\u2019\u00e9tait pas dans notre\u00a0FAQ\u00a0? Remplissez le formulaire ci-dessous ou contactez-nous directement par nos r\u00e9seaux sociaux ou t\u00e9l\u00e9phone ! \ud83d\udcde 03 51 85 35 72 * Mentions obligatoires Retrouvez les informations sur le traitement de vos donn\u00e9es personnelles ici<\/p>\n","protected":false},"author":1,"featured_media":0,"parent":0,"menu_order":0,"comment_status":"closed","ping_status":"closed","template":"","meta":{"_coblocks_attr":"","_coblocks_dimensions":"","_coblocks_responsive_height":"","_coblocks_accordion_ie_support":"","om_disable_all_campaigns":false,"_monsterinsights_skip_tracking":false,"_monsterinsights_sitenote_active":false,"_monsterinsights_sitenote_note":"","_monsterinsights_sitenote_category":0,"_kad_post_transparent":"","_kad_post_title":"show","_kad_post_layout":"","_kad_post_sidebar_id":"","_kad_post_content_style":"","_kad_post_vertical_padding":"","_kad_post_feature":"","_kad_post_feature_position":"","_kad_post_header":false,"_kad_post_footer":false,"footnotes":""},"class_list":["post-256","page","type-page","status-publish","hentry"],"aioseo_notices":[],"_links":{"self":[{"href":"https:\/\/formagraph-exercice.fr\/coffe-art\/wp-json\/wp\/v2\/pages\/256","targetHints":{"allow":["GET"]}}],"collection":[{"href":"https:\/\/formagraph-exercice.fr\/coffe-art\/wp-json\/wp\/v2\/pages"}],"about":[{"href":"https:\/\/formagraph-exercice.fr\/coffe-art\/wp-json\/wp\/v2\/types\/page"}],"author":[{"embeddable":true,"href":"https:\/\/formagraph-exercice.fr\/coffe-art\/wp-json\/wp\/v2\/users\/1"}],"replies":[{"embeddable":true,"href":"https:\/\/formagraph-exercice.fr\/coffe-art\/wp-json\/wp\/v2\/comments?post=256"}],"version-history":[{"count":3,"href":"https:\/\/formagraph-exercice.fr\/coffe-art\/wp-json\/wp\/v2\/pages\/256\/revisions"}],"predecessor-version":[{"id":633,"href":"https:\/\/formagraph-exercice.fr\/coffe-art\/wp-json\/wp\/v2\/pages\/256\/revisions\/633"}],"wp:attachment":[{"href":"https:\/\/formagraph-exercice.fr\/coffe-art\/wp-json\/wp\/v2\/media?parent=256"}],"curies":[{"name":"wp","href":"https:\/\/api.w.org\/{rel}","templated":true}]}}