{"id":2093,"date":"2025-11-04T09:34:34","date_gmt":"2025-11-04T09:34:34","guid":{"rendered":"https:\/\/formagraph-exercice.fr\/chamart\/?post_type=product&#038;p=2093"},"modified":"2025-11-05T13:23:32","modified_gmt":"2025-11-05T13:23:32","slug":"hoodie-personnalise","status":"publish","type":"product","link":"https:\/\/formagraph-exercice.fr\/chamart\/produit\/hoodie-personnalise\/","title":{"rendered":"Hoodie personnalis\u00e9"},"content":{"rendered":"<p>Affiche ton style avec un hoodie unique\u202f! Fais imprimer ton illustration pr\u00e9f\u00e9r\u00e9e ou une cr\u00e9ation sur-mesure pour un v\u00eatement confortable, original et 100\u202f% \u00e0 ton image. Id\u00e9al \u00e0 offrir, \u00e0 collectionner ou juste pour affirmer ta cr\u00e9ativit\u00e9 au quotidien.<\/p>\n","protected":false},"excerpt":{"rendered":"<p>Affiche ton style avec un hoodie unique\u202f! Fais imprimer ton illustration pr\u00e9f\u00e9r\u00e9e ou une cr\u00e9ation sur-mesure pour un v\u00eatement confortable, original et 100\u202f% \u00e0 ton image. Id\u00e9al \u00e0 offrir, \u00e0 collectionner ou juste pour affirmer ta cr\u00e9ativit\u00e9 au quotidien.<\/p>\n","protected":false},"featured_media":2094,"comment_status":"open","ping_status":"closed","template":"","meta":{"_kad_post_transparent":"default","_kad_post_title":"","_kad_post_layout":"default","_kad_post_sidebar_id":"","_kad_post_content_style":"default","_kad_post_vertical_padding":"default","_kad_post_feature":"","_kad_post_feature_position":"","_kad_post_header":false,"_kad_post_footer":false,"_kad_post_classname":""},"product_brand":[],"product_cat":[16],"product_tag":[],"class_list":{"0":"post-2093","1":"product","2":"type-product","3":"status-publish","4":"has-post-thumbnail","6":"product_cat-non-classe","8":"first","9":"instock","10":"taxable","11":"shipping-taxable","12":"purchasable","13":"product-type-simple","14":"entry","15":"content-bg","16":"loop-entry"},"aioseo_notices":[],"_links":{"self":[{"href":"https:\/\/formagraph-exercice.fr\/chamart\/wp-json\/wp\/v2\/product\/2093","targetHints":{"allow":["GET"]}}],"collection":[{"href":"https:\/\/formagraph-exercice.fr\/chamart\/wp-json\/wp\/v2\/product"}],"about":[{"href":"https:\/\/formagraph-exercice.fr\/chamart\/wp-json\/wp\/v2\/types\/product"}],"replies":[{"embeddable":true,"href":"https:\/\/formagraph-exercice.fr\/chamart\/wp-json\/wp\/v2\/comments?post=2093"}],"wp:featuredmedia":[{"embeddable":true,"href":"https:\/\/formagraph-exercice.fr\/chamart\/wp-json\/wp\/v2\/media\/2094"}],"wp:attachment":[{"href":"https:\/\/formagraph-exercice.fr\/chamart\/wp-json\/wp\/v2\/media?parent=2093"}],"wp:term":[{"taxonomy":"product_brand","embeddable":true,"href":"https:\/\/formagraph-exercice.fr\/chamart\/wp-json\/wp\/v2\/product_brand?post=2093"},{"taxonomy":"product_cat","embeddable":true,"href":"https:\/\/formagraph-exercice.fr\/chamart\/wp-json\/wp\/v2\/product_cat?post=2093"},{"taxonomy":"product_tag","embeddable":true,"href":"https:\/\/formagraph-exercice.fr\/chamart\/wp-json\/wp\/v2\/product_tag?post=2093"}],"curies":[{"name":"wp","href":"https:\/\/api.w.org\/{rel}","templated":true}]}}