{"id":2091,"date":"2025-11-04T08:29:27","date_gmt":"2025-11-04T08:29:27","guid":{"rendered":"https:\/\/formagraph-exercice.fr\/chamart\/?post_type=product&#038;p=2091"},"modified":"2025-11-04T09:19:00","modified_gmt":"2025-11-04T09:19:00","slug":"mug-personnalise","status":"publish","type":"product","link":"https:\/\/formagraph-exercice.fr\/chamart\/produit\/mug-personnalise\/","title":{"rendered":"Mug personnalis\u00e9"},"content":{"rendered":"<p>Offrez du caract\u00e8re \u00e0 votre pause caf\u00e9 ou th\u00e9 avec nos mugs personnalis\u00e9s Cham\u2019Art\u202f! Imprimez toutes vos cr\u00e9ations, illustrations originales ou messages personnels sur un support de qualit\u00e9, pens\u00e9 pour durer et vibrer \u00e0 votre image. Cadeau unique, objet d\u00e9co ou clin d\u2019\u0153il au quotidien\u202f: chaque mug devient le reflet de votre univers cr\u00e9atif.<br \/>\nEnvie d\u2019une commande pour vous ou \u00e0 offrir\u202f? Laissez parler votre inspiration\u202f\u2014 tout est possible, sur simple demande, made in local et sur-mesure.<\/p>\n","protected":false},"excerpt":{"rendered":"<p>Personnalisez votre mug avec vos cr\u00e9ations\u202f! Un cadeau unique, fun et 100\u202f% \u00e0 votre image, imprim\u00e9 localement \u2014 id\u00e9al pour offrir ou se faire plaisir au quotidien.<\/p>\n","protected":false},"featured_media":2092,"comment_status":"open","ping_status":"closed","template":"","meta":{"_kad_post_transparent":"default","_kad_post_title":"","_kad_post_layout":"default","_kad_post_sidebar_id":"","_kad_post_content_style":"default","_kad_post_vertical_padding":"default","_kad_post_feature":"","_kad_post_feature_position":"","_kad_post_header":false,"_kad_post_footer":false,"_kad_post_classname":""},"product_brand":[],"product_cat":[16],"product_tag":[],"class_list":{"0":"post-2091","1":"product","2":"type-product","3":"status-publish","4":"has-post-thumbnail","6":"product_cat-non-classe","8":"first","9":"instock","10":"taxable","11":"shipping-taxable","12":"purchasable","13":"product-type-simple","14":"entry","15":"content-bg","16":"loop-entry"},"aioseo_notices":[],"_links":{"self":[{"href":"https:\/\/formagraph-exercice.fr\/chamart\/wp-json\/wp\/v2\/product\/2091","targetHints":{"allow":["GET"]}}],"collection":[{"href":"https:\/\/formagraph-exercice.fr\/chamart\/wp-json\/wp\/v2\/product"}],"about":[{"href":"https:\/\/formagraph-exercice.fr\/chamart\/wp-json\/wp\/v2\/types\/product"}],"replies":[{"embeddable":true,"href":"https:\/\/formagraph-exercice.fr\/chamart\/wp-json\/wp\/v2\/comments?post=2091"}],"wp:featuredmedia":[{"embeddable":true,"href":"https:\/\/formagraph-exercice.fr\/chamart\/wp-json\/wp\/v2\/media\/2092"}],"wp:attachment":[{"href":"https:\/\/formagraph-exercice.fr\/chamart\/wp-json\/wp\/v2\/media?parent=2091"}],"wp:term":[{"taxonomy":"product_brand","embeddable":true,"href":"https:\/\/formagraph-exercice.fr\/chamart\/wp-json\/wp\/v2\/product_brand?post=2091"},{"taxonomy":"product_cat","embeddable":true,"href":"https:\/\/formagraph-exercice.fr\/chamart\/wp-json\/wp\/v2\/product_cat?post=2091"},{"taxonomy":"product_tag","embeddable":true,"href":"https:\/\/formagraph-exercice.fr\/chamart\/wp-json\/wp\/v2\/product_tag?post=2091"}],"curies":[{"name":"wp","href":"https:\/\/api.w.org\/{rel}","templated":true}]}}