{"id":1282,"date":"2025-10-08T12:09:29","date_gmt":"2025-10-08T12:09:29","guid":{"rendered":"http:\/\/chamart2.local\/?post_type=product&#038;p=1282"},"modified":"2025-10-08T12:09:29","modified_gmt":"2025-10-08T12:09:29","slug":"t-shirt-personnalise","status":"publish","type":"product","link":"https:\/\/formagraph-exercice.fr\/chamart\/produit\/t-shirt-personnalise\/","title":{"rendered":"T-Shirt Personnalis\u00e9"},"content":{"rendered":"<p class=\"my-2 [&amp;+p]:mt-4 [&amp;_strong:has(+br)]:inline-block [&amp;_strong:has(+br)]:pb-2\">Affirmez votre style avec un T-shirt personnalis\u00e9 issu de mon univers artistique. Chaque motif est dessin\u00e9 avec soin, puis imprim\u00e9 sur des textiles de qualit\u00e9, doux et durables, id\u00e9al pour affirmer votre personnalit\u00e9 au quotidien.<\/p>\n<p class=\"my-2 [&amp;+p]:mt-4 [&amp;_strong:has(+br)]:inline-block [&amp;_strong:has(+br)]:pb-2\">Choisissez votre cr\u00e9ation pr\u00e9f\u00e9r\u00e9e ou participez au processus sur-mesure\u202f: votre T-shirt devient alors bien plus qu\u2019un v\u00eatement, c\u2019est une pi\u00e8ce unique, un cadeau id\u00e9al, ou une fa\u00e7on originale de marquer un \u00e9v\u00e9nement.<\/p>\n<p class=\"my-2 [&amp;+p]:mt-4 [&amp;_strong:has(+br)]:inline-block [&amp;_strong:has(+br)]:pb-2\">Exprimez vos envies, vos couleurs, vos inspirations\u2026 et portez fi\u00e8rement un art authentique, con\u00e7u sp\u00e9cialement pour vous.<\/p>\n","protected":false},"excerpt":{"rendered":"<p>Affirmez votre style avec un T-shirt personnalis\u00e9, illustr\u00e9 et imprim\u00e9 selon vos envies. Chaque pi\u00e8ce est unique et cr\u00e9\u00e9e artisanalement pour vous offrir un v\u00eatement original, confortable et r\u00e9sistant. Id\u00e9al \u00e0 porter ou \u00e0 offrir !<\/p>\n","protected":false},"featured_media":1283,"comment_status":"open","ping_status":"closed","template":"","meta":{"_kad_post_transparent":"default","_kad_post_title":"","_kad_post_layout":"default","_kad_post_sidebar_id":"","_kad_post_content_style":"default","_kad_post_vertical_padding":"default","_kad_post_feature":"","_kad_post_feature_position":"","_kad_post_header":false,"_kad_post_footer":false,"_kad_post_classname":""},"product_brand":[],"product_cat":[16],"product_tag":[],"class_list":{"0":"post-1282","1":"product","2":"type-product","3":"status-publish","4":"has-post-thumbnail","6":"product_cat-non-classe","8":"first","9":"instock","10":"taxable","11":"shipping-taxable","12":"purchasable","13":"product-type-simple","14":"entry","15":"content-bg","16":"loop-entry"},"aioseo_notices":[],"_links":{"self":[{"href":"https:\/\/formagraph-exercice.fr\/chamart\/wp-json\/wp\/v2\/product\/1282","targetHints":{"allow":["GET"]}}],"collection":[{"href":"https:\/\/formagraph-exercice.fr\/chamart\/wp-json\/wp\/v2\/product"}],"about":[{"href":"https:\/\/formagraph-exercice.fr\/chamart\/wp-json\/wp\/v2\/types\/product"}],"replies":[{"embeddable":true,"href":"https:\/\/formagraph-exercice.fr\/chamart\/wp-json\/wp\/v2\/comments?post=1282"}],"wp:featuredmedia":[{"embeddable":true,"href":"https:\/\/formagraph-exercice.fr\/chamart\/wp-json\/wp\/v2\/media\/1283"}],"wp:attachment":[{"href":"https:\/\/formagraph-exercice.fr\/chamart\/wp-json\/wp\/v2\/media?parent=1282"}],"wp:term":[{"taxonomy":"product_brand","embeddable":true,"href":"https:\/\/formagraph-exercice.fr\/chamart\/wp-json\/wp\/v2\/product_brand?post=1282"},{"taxonomy":"product_cat","embeddable":true,"href":"https:\/\/formagraph-exercice.fr\/chamart\/wp-json\/wp\/v2\/product_cat?post=1282"},{"taxonomy":"product_tag","embeddable":true,"href":"https:\/\/formagraph-exercice.fr\/chamart\/wp-json\/wp\/v2\/product_tag?post=1282"}],"curies":[{"name":"wp","href":"https:\/\/api.w.org\/{rel}","templated":true}]}}