{"id":1543,"date":"2025-10-08T09:44:00","date_gmt":"2025-10-08T09:44:00","guid":{"rendered":"http:\/\/tape.local\/?post_type=product&#038;p=1543"},"modified":"2025-10-16T07:42:28","modified_gmt":"2025-10-16T07:42:28","slug":"t-shirt-voler","status":"publish","type":"product","link":"https:\/\/formagraph-exercice.fr\/TAPE\/produit\/t-shirt-voler\/","title":{"rendered":"T-shirt Voler"},"content":{"rendered":"<div class=\"erp-sidecar:h-fit erp-sidecar:pb-0 mx-auto h-full\">\n<div class=\"relative border-subtlest ring-subtlest divide-subtlest bg-base\">\n<div class=\"erp-sidecar:min-h-[var(--sidecar-content-height)] min-h-[var(--page-content-height)] md:min-h-[var(--page-content-height-without-header)] border-subtlest ring-subtlest divide-subtlest bg-transparent\">\n<div class=\"isolate mx-auto px-md\">\n<div class=\"pb-md mx-auto pt-5 md:pb-12 max-w-threadContentWidth\">\n<div class=\"relative\">\n<div class=\"gap-y-sm flex flex-col\">\n<div class=\"gap-y-lg mt-3 flex flex-col first:mt-0\">\n<div class=\"border-subtlest ring-subtlest divide-subtlest bg-transparent\">\n<div class=\"gap-y-sm md:gap-y-md flex flex-col\">\n<div class=\"relative font-sans text-base text-foreground selection:bg-super\/50 selection:text-foreground dark:selection:bg-super\/10 dark:selection:text-super\">\n<div class=\"min-w-0 break-words [word-break:break-word]\">\n<div id=\"markdown-content-5\" class=\"gap-y-md after:clear-both after:block after:content-['']\" dir=\"auto\">\n<div class=\"my-2 first:mt-0 [&amp;:has([data-inline-type=image])+&amp;:has([data-inline-type=image])_[data-inline-type=image]]:hidden [&amp;:has(table)_[data-inline-type=image]]:hidden\">\n<div class=\"relative\">\n<div class=\"prose text-pretty dark:prose-invert inline leading-relaxed break-words min-w-0 [word-break:break-word] prose-strong:font-medium\">\n<p class=\"my-2 [&amp;+p]:mt-4 [&amp;_strong:has(+br)]:inline-block [&amp;_strong:has(+br)]:pb-2\">Affiche ta philosophie sans d\u00e9tour avec ce t-shirt Tape, d\u00e9clin\u00e9 en version noire ou blanche. Son slogan direct et teint\u00e9 d\u2019ironie, \u00ab\u00a0Voler un t-shirt&#8230; Jamais.\u00a0\u00bb, donne le ton avec une typographie marqu\u00e9e fa\u00e7on pochoir urbain. Imagin\u00e9 pour ceux qui s\u2019expriment avec style et humour, ce classique streetwear se porte seul ou sous une veste pour rappeler que l\u2019attitude est aussi une question de principes. Parfait pour affirmer ses valeurs avec une touche d\u2019autod\u00e9rision typique de la marque Tape.<\/p>\n<\/div>\n<\/div>\n<\/div>\n<\/div>\n<\/div>\n<\/div>\n<\/div>\n<\/div>\n<\/div>\n<\/div>\n<\/div>\n<\/div>\n<\/div>\n<\/div>\n<\/div>\n<\/div>\n","protected":false},"excerpt":{"rendered":"<p class=\"my-2 [&amp;+p]:mt-4 [&amp;_strong:has(+br)]:inline-block [&amp;_strong:has(+br)]:pb-2\">T-shirt Tape au message frontal : \u00ab\u00a0Voler un t-shirt&#8230; Jamais.\u00a0\u00bb Disponible en noir ou blanc, pour un statement urbain et sans compromis.<\/p>\n","protected":false},"featured_media":1778,"comment_status":"open","ping_status":"closed","template":"","meta":{"om_disable_all_campaigns":false,"_monsterinsights_skip_tracking":false,"_monsterinsights_sitenote_active":false,"_monsterinsights_sitenote_note":"","_monsterinsights_sitenote_category":0,"_kad_post_transparent":"default","_kad_post_title":"","_kad_post_layout":"default","_kad_post_sidebar_id":"","_kad_post_content_style":"default","_kad_post_vertical_padding":"default","_kad_post_feature":"","_kad_post_feature_position":"","_kad_post_header":false,"_kad_post_footer":false,"_kad_post_classname":""},"product_brand":[20],"product_cat":[19],"product_tag":[32,30],"class_list":{"0":"post-1543","1":"product","2":"type-product","3":"status-publish","4":"has-post-thumbnail","6":"product_brand-tape","7":"product_cat-t-shirt","8":"product_tag-blanc","9":"product_tag-noir","11":"first","12":"instock","13":"taxable","14":"shipping-taxable","15":"purchasable","16":"product-type-variable","17":"entry","18":"content-bg","19":"loop-entry"},"aioseo_notices":[],"_links":{"self":[{"href":"https:\/\/formagraph-exercice.fr\/TAPE\/wp-json\/wp\/v2\/product\/1543","targetHints":{"allow":["GET"]}}],"collection":[{"href":"https:\/\/formagraph-exercice.fr\/TAPE\/wp-json\/wp\/v2\/product"}],"about":[{"href":"https:\/\/formagraph-exercice.fr\/TAPE\/wp-json\/wp\/v2\/types\/product"}],"replies":[{"embeddable":true,"href":"https:\/\/formagraph-exercice.fr\/TAPE\/wp-json\/wp\/v2\/comments?post=1543"}],"wp:featuredmedia":[{"embeddable":true,"href":"https:\/\/formagraph-exercice.fr\/TAPE\/wp-json\/wp\/v2\/media\/1778"}],"wp:attachment":[{"href":"https:\/\/formagraph-exercice.fr\/TAPE\/wp-json\/wp\/v2\/media?parent=1543"}],"wp:term":[{"taxonomy":"product_brand","embeddable":true,"href":"https:\/\/formagraph-exercice.fr\/TAPE\/wp-json\/wp\/v2\/product_brand?post=1543"},{"taxonomy":"product_cat","embeddable":true,"href":"https:\/\/formagraph-exercice.fr\/TAPE\/wp-json\/wp\/v2\/product_cat?post=1543"},{"taxonomy":"product_tag","embeddable":true,"href":"https:\/\/formagraph-exercice.fr\/TAPE\/wp-json\/wp\/v2\/product_tag?post=1543"}],"curies":[{"name":"wp","href":"https:\/\/api.w.org\/{rel}","templated":true}]}}