{"id":1251,"date":"2025-10-07T07:54:47","date_gmt":"2025-10-07T07:54:47","guid":{"rendered":"http:\/\/tape.local\/?post_type=product&#038;p=1251"},"modified":"2025-10-16T07:28:14","modified_gmt":"2025-10-16T07:28:14","slug":"t-shirt-y2k","status":"publish","type":"product","link":"https:\/\/formagraph-exercice.fr\/TAPE\/produit\/t-shirt-y2k\/","title":{"rendered":"T-shirt Y2k"},"content":{"rendered":"<p>Affirme ton style avec ce t-shirt Tape, qui m\u00e9lange l\u2019h\u00e9ritage des ann\u00e9es 80\/90 \u00e0 l\u2019\u00e9nergie actuelle du streetwear. \u00c0 l\u2019avant, la typographie glitch \u00ab\u00a0TAPE\u00a0\u00bb attire le regard, tandis qu&rsquo;au dos, le motif ondul\u00e9 et les illustrations r\u00e9tro revisitent l&rsquo;univers de la cassette audio avec une touche moderne. Mati\u00e8re confortable, coupe droite, impression recto-verso : ce t-shirt est con\u00e7u pour les amateurs d\u2019authenticit\u00e9 et de nostalgie. Porte-le en ville ou en soir\u00e9e, il s\u2019adapte \u00e0 toutes les tenues et affirme ta diff\u00e9rence, fid\u00e8le \u00e0 l\u2019esprit Tape.<\/p>\n","protected":false},"excerpt":{"rendered":"<p>T-shirt Y2k \u2014 visuel glitch r\u00e9tro inspir\u00e9 des ann\u00e9es 80\/90, coupe droite streetwear. Design avant-arri\u00e8re unique, parfait pour casser les codes.<\/p>\n","protected":false},"featured_media":1762,"comment_status":"open","ping_status":"closed","template":"","meta":{"om_disable_all_campaigns":false,"_monsterinsights_skip_tracking":false,"_monsterinsights_sitenote_active":false,"_monsterinsights_sitenote_note":"","_monsterinsights_sitenote_category":0,"_kad_post_transparent":"default","_kad_post_title":"","_kad_post_layout":"default","_kad_post_sidebar_id":"","_kad_post_content_style":"default","_kad_post_vertical_padding":"default","_kad_post_feature":"","_kad_post_feature_position":"","_kad_post_header":false,"_kad_post_footer":false,"_kad_post_classname":""},"product_brand":[20],"product_cat":[19],"product_tag":[30,31],"class_list":{"0":"post-1251","1":"product","2":"type-product","3":"status-publish","4":"has-post-thumbnail","6":"product_brand-tape","7":"product_cat-t-shirt","8":"product_tag-noir","9":"product_tag-recto-verso","11":"first","12":"instock","13":"featured","14":"taxable","15":"shipping-taxable","16":"purchasable","17":"product-type-variable","18":"entry","19":"content-bg","20":"loop-entry"},"aioseo_notices":[],"_links":{"self":[{"href":"https:\/\/formagraph-exercice.fr\/TAPE\/wp-json\/wp\/v2\/product\/1251","targetHints":{"allow":["GET"]}}],"collection":[{"href":"https:\/\/formagraph-exercice.fr\/TAPE\/wp-json\/wp\/v2\/product"}],"about":[{"href":"https:\/\/formagraph-exercice.fr\/TAPE\/wp-json\/wp\/v2\/types\/product"}],"replies":[{"embeddable":true,"href":"https:\/\/formagraph-exercice.fr\/TAPE\/wp-json\/wp\/v2\/comments?post=1251"}],"wp:featuredmedia":[{"embeddable":true,"href":"https:\/\/formagraph-exercice.fr\/TAPE\/wp-json\/wp\/v2\/media\/1762"}],"wp:attachment":[{"href":"https:\/\/formagraph-exercice.fr\/TAPE\/wp-json\/wp\/v2\/media?parent=1251"}],"wp:term":[{"taxonomy":"product_brand","embeddable":true,"href":"https:\/\/formagraph-exercice.fr\/TAPE\/wp-json\/wp\/v2\/product_brand?post=1251"},{"taxonomy":"product_cat","embeddable":true,"href":"https:\/\/formagraph-exercice.fr\/TAPE\/wp-json\/wp\/v2\/product_cat?post=1251"},{"taxonomy":"product_tag","embeddable":true,"href":"https:\/\/formagraph-exercice.fr\/TAPE\/wp-json\/wp\/v2\/product_tag?post=1251"}],"curies":[{"name":"wp","href":"https:\/\/api.w.org\/{rel}","templated":true}]}}