{"id":265,"date":"2024-05-03T07:53:15","date_gmt":"2024-05-03T07:53:15","guid":{"rendered":"http:\/\/bb.local\/?page_id=265"},"modified":"2024-10-01T16:47:33","modified_gmt":"2024-10-01T16:47:33","slug":"contact","status":"publish","type":"page","link":"https:\/\/formagraph-exercice.fr\/B&B\/contact\/","title":{"rendered":"Contact"},"content":{"rendered":"<style>.kb-row-layout-id265_f5462b-46 > .kt-row-column-wrap{align-content:center;}:where(.kb-row-layout-id265_f5462b-46 > .kt-row-column-wrap) > .wp-block-kadence-column{justify-content:center;}.kb-row-layout-id265_f5462b-46 > .kt-row-column-wrap{column-gap:var(--global-kb-gap-md, 2rem);row-gap:var(--global-kb-gap-md, 2rem);padding-top:var(--global-kb-spacing-sm, 1.5rem);padding-bottom:var(--global-kb-spacing-sm, 1.5rem);min-height:350px;grid-template-columns:minmax(0, 1fr);}.kb-row-layout-id265_f5462b-46{background-image:url('https:\/\/formagraph-exercice.fr\/B&B\/wp-content\/uploads\/2024\/05\/IMG5-scaled.jpg');background-size:cover;background-position:center center;background-attachment:scroll;background-repeat:no-repeat;}.kb-row-layout-id265_f5462b-46 > .kt-row-layout-overlay{opacity:0.50;background-color:var(--global-palette3, #1A202C);}@media all and (max-width: 1024px){.kb-row-layout-id265_f5462b-46 > .kt-row-column-wrap{grid-template-columns:minmax(0, 1fr);}}@media all and (max-width: 767px){.kb-row-layout-id265_f5462b-46 > .kt-row-column-wrap{grid-template-columns:minmax(0, 1fr);}}<\/style><div class=\"kb-row-layout-wrap kb-row-layout-id265_f5462b-46 alignfull kt-row-has-bg wp-block-kadence-rowlayout\"><div class=\"kt-row-layout-overlay kt-row-overlay-normal\"><\/div><div class=\"kt-row-column-wrap kt-has-1-columns kt-row-layout-equal kt-tab-layout-inherit kt-mobile-layout-row kt-row-valign-middle\">\n<style>.kadence-column265_d5cdf2-11 > .kt-inside-inner-col,.kadence-column265_d5cdf2-11 > .kt-inside-inner-col:before{border-top-left-radius:0px;border-top-right-radius:0px;border-bottom-right-radius:0px;border-bottom-left-radius:0px;}.kadence-column265_d5cdf2-11 > .kt-inside-inner-col{column-gap:var(--global-kb-gap-sm, 1rem);}.kadence-column265_d5cdf2-11 > .kt-inside-inner-col{flex-direction:column;}.kadence-column265_d5cdf2-11 > .kt-inside-inner-col > .aligncenter{width:100%;}.kadence-column265_d5cdf2-11 > .kt-inside-inner-col:before{opacity:0.3;}.kadence-column265_d5cdf2-11{position:relative;}@media all and (max-width: 1024px){.kadence-column265_d5cdf2-11 > .kt-inside-inner-col{flex-direction:column;justify-content:center;}}@media all and (max-width: 767px){.kadence-column265_d5cdf2-11 > .kt-inside-inner-col{flex-direction:column;justify-content:center;}}<\/style>\n<div class=\"wp-block-kadence-column kadence-column265_d5cdf2-11\"><div class=\"kt-inside-inner-col\"><style>.wp-block-kadence-advancedheading.kt-adv-heading265_96f6a9-f5, .wp-block-kadence-advancedheading.kt-adv-heading265_96f6a9-f5[data-kb-block=\"kb-adv-heading265_96f6a9-f5\"]{text-align:center;font-size:var(--global-kb-font-size-xxl, 4rem);font-style:normal;}.wp-block-kadence-advancedheading.kt-adv-heading265_96f6a9-f5 mark.kt-highlight, .wp-block-kadence-advancedheading.kt-adv-heading265_96f6a9-f5[data-kb-block=\"kb-adv-heading265_96f6a9-f5\"] mark.kt-highlight{font-style:normal;color:#f76a0c;-webkit-box-decoration-break:clone;box-decoration-break:clone;padding-top:0px;padding-right:0px;padding-bottom:0px;padding-left:0px;}.wp-block-kadence-advancedheading.kt-adv-heading265_96f6a9-f5 img.kb-inline-image, .wp-block-kadence-advancedheading.kt-adv-heading265_96f6a9-f5[data-kb-block=\"kb-adv-heading265_96f6a9-f5\"] img.kb-inline-image{width:150px;vertical-align:baseline;}<\/style>\n<h2 class=\"kt-adv-heading265_96f6a9-f5 wp-block-kadence-advancedheading has-theme-palette-9-color has-text-color\" data-kb-block=\"kb-adv-heading265_96f6a9-f5\">Contactez-nous<\/h2><\/div><\/div>\n<\/div><\/div><style>.kb-row-layout-id265_a15bad-51 > .kt-row-column-wrap{align-content:start;}:where(.kb-row-layout-id265_a15bad-51 > .kt-row-column-wrap) > .wp-block-kadence-column{justify-content:start;}.kb-row-layout-id265_a15bad-51 > .kt-row-column-wrap{column-gap:var(--global-kb-gap-md, 2rem);row-gap:var(--global-kb-gap-md, 2rem);padding-top:var(--global-kb-spacing-sm, 1.5rem);padding-bottom:var(--global-kb-spacing-sm, 1.5rem);grid-template-columns:repeat(2, minmax(0, 1fr));}.kb-row-layout-id265_a15bad-51 > .kt-row-layout-overlay{opacity:0.30;}@media all and (max-width: 1024px){.kb-row-layout-id265_a15bad-51 > .kt-row-column-wrap{grid-template-columns:repeat(2, minmax(0, 1fr));}}@media all and (max-width: 767px){.kb-row-layout-id265_a15bad-51 > .kt-row-column-wrap{grid-template-columns:minmax(0, 1fr);}}<\/style><div class=\"kb-row-layout-wrap kb-row-layout-id265_a15bad-51 alignnone wp-block-kadence-rowlayout\"><div class=\"kt-row-column-wrap kt-has-2-columns kt-row-layout-equal kt-tab-layout-inherit kt-mobile-layout-row kt-row-valign-top\">\n<style>.kadence-column265_bad2b9-5d > .kt-inside-inner-col,.kadence-column265_bad2b9-5d > .kt-inside-inner-col:before{border-top-left-radius:0px;border-top-right-radius:0px;border-bottom-right-radius:0px;border-bottom-left-radius:0px;}.kadence-column265_bad2b9-5d > .kt-inside-inner-col{column-gap:var(--global-kb-gap-sm, 1rem);}.kadence-column265_bad2b9-5d > .kt-inside-inner-col{flex-direction:column;}.kadence-column265_bad2b9-5d > .kt-inside-inner-col > .aligncenter{width:100%;}.kadence-column265_bad2b9-5d > .kt-inside-inner-col:before{opacity:0.3;}.kadence-column265_bad2b9-5d{position:relative;}@media all and (max-width: 1024px){.kt-row-column-wrap.kt-tab-layout-three-grid > .kadence-column265_bad2b9-5d, .kt-row-column-wrap.kt-tab-layout-two-grid > .kadence-column265_bad2b9-5d, .kt-row-column-wrap.kt-tab-layout-row > .kadence-column265_bad2b9-5d{order:1;}}@media all and (max-width: 1024px){.kadence-column265_bad2b9-5d > .kt-inside-inner-col{flex-direction:column;justify-content:center;}}@media all and (max-width: 767px){.kt-row-column-wrap.kt-mobile-layout-three-grid > .kadence-column265_bad2b9-5d, .kt-row-column-wrap.kt-mobile-layout-two-grid > .kadence-column265_bad2b9-5d, .kt-row-column-wrap.kt-mobile-layout-row > .kadence-column265_bad2b9-5d{order:1 !important;}.kadence-column265_bad2b9-5d > .kt-inside-inner-col{flex-direction:column;justify-content:center;}}<\/style>\n<div class=\"wp-block-kadence-column kadence-column265_bad2b9-5d\"><div class=\"kt-inside-inner-col\"><style>.kb-google-maps-container265_83e786-cd{height:620px;}<\/style><div class=\"kb-google-maps-container kb-google-maps-container265_83e786-cd  wp-block-kadence-googlemaps\" data-mapid=\"265_83e786cd\"><iframe width=\"100%\" height=\"100%\"\n\t\t\t\t\t\t\tstyle=\"border:0\" loading=\"lazy\"\n\t\t\t\t\t\t\tsrc=\"https:\/\/www.google.com\/maps\/embed\/v1\/place?key=AIzaSyBAM2o7PiQqwk15LC1XRH2e_KJ-jUa7KYk&#038;zoom=17&#038;maptype=roadmap&#038;q=9+rue+H%C3%A9rold+75001+Paris\"\n\t\t\t\t\t\t\ttitle=\"Carte Google de 9 rue H\u00e9rold 75001 Paris\"><\/iframe><\/div><script>function kb_google_map265_83e786cd() { let center = { lat: 37.8201, lng: -122.4781}; let map = new google.maps.Map(document.getElementById(\"kb-google-map265_83e786cd\"), {\n\t\t\t\t\t    zoom: 17,\n\t\t\t\t\t    center: center,});let marker = new google.maps.Marker({   position: { lat: 37.8201, lng: -122.4781},    map: map,  });}<\/script><\/div><\/div>\n\n<style>.kadence-column265_c973c3-c9 > .kt-inside-inner-col,.kadence-column265_c973c3-c9 > .kt-inside-inner-col:before{border-top-left-radius:0px;border-top-right-radius:0px;border-bottom-right-radius:0px;border-bottom-left-radius:0px;}.kadence-column265_c973c3-c9 > .kt-inside-inner-col{column-gap:var(--global-kb-gap-sm, 1rem);}.kadence-column265_c973c3-c9 > .kt-inside-inner-col{flex-direction:column;}.kadence-column265_c973c3-c9 > .kt-inside-inner-col > .aligncenter{width:100%;}.kadence-column265_c973c3-c9 > .kt-inside-inner-col:before{opacity:0.3;}.kadence-column265_c973c3-c9{position:relative;}@media all and (max-width: 1024px){.kadence-column265_c973c3-c9 > .kt-inside-inner-col{flex-direction:column;justify-content:center;}}@media all and (max-width: 767px){.kadence-column265_c973c3-c9 > .kt-inside-inner-col{flex-direction:column;justify-content:center;}}<\/style>\n<div class=\"wp-block-kadence-column kadence-column265_c973c3-c9\"><div class=\"kt-inside-inner-col\"><style>.wp-block-kadence-advancedheading.kt-adv-heading265_6a649f-6e, .wp-block-kadence-advancedheading.kt-adv-heading265_6a649f-6e[data-kb-block=\"kb-adv-heading265_6a649f-6e\"]{font-style:normal;}.wp-block-kadence-advancedheading.kt-adv-heading265_6a649f-6e mark.kt-highlight, .wp-block-kadence-advancedheading.kt-adv-heading265_6a649f-6e[data-kb-block=\"kb-adv-heading265_6a649f-6e\"] mark.kt-highlight{font-style:normal;color:#f76a0c;-webkit-box-decoration-break:clone;box-decoration-break:clone;padding-top:0px;padding-right:0px;padding-bottom:0px;padding-left:0px;}.wp-block-kadence-advancedheading.kt-adv-heading265_6a649f-6e img.kb-inline-image, .wp-block-kadence-advancedheading.kt-adv-heading265_6a649f-6e[data-kb-block=\"kb-adv-heading265_6a649f-6e\"] img.kb-inline-image{width:150px;vertical-align:baseline;}<\/style>\n<p class=\"kt-adv-heading265_6a649f-6e wp-block-kadence-advancedheading\" data-kb-block=\"kb-adv-heading265_6a649f-6e\">Si vous avez un projet de r\u00e9novation \u00e0 nous soumettre et si vous \u00eates int\u00e9ress\u00e9s par une mission de conseil \u00e0 domicile, merci de remplir le formulaire ci dessous.<\/p>\n\n<style>.kadence-form-265_c41d46-06 .kadence-blocks-form-success{color:var(--global-palette1, #3182CE);border-color:var(--global-palette1, #3182CE);background:rgba(36, 62, 54, 0);}.kb-form input.kadence-blocks-field.verify{opacity:0.0;position:absolute;top:0.0;left:0.0;width:0.0;height:0.0;z-index:-1;}<\/style>\n<div class=\"wp-block-kadence-form kadence-form-265_c41d46-06 kb-form-wrap\"><form class=\"kb-form\" action=\"\" method=\"post\" data-error-message=\"Merci de corriger les erreurs indiqu\u00e9es\"><div class=\"kadence-blocks-form-field kb-field-desk-width-100 kb-input-size-standard\"><label for=\"kb_field_265_c41d46-06_0\">Nom<\/label><input name=\"kb_field_0\" id=\"kb_field_265_c41d46-06_0\" data-label=\"Nom\" type=\"text\" placeholder=\"\" value=\"\" data-type=\"text\" class=\"kb-field kb-text-style-field kb-text-field kb-field-0\"\/><\/div><div class=\"kadence-blocks-form-field kb-form-field-1 kb-field-desk-width-100 kb-input-size-standard\"><label for=\"kb_field_265_c41d46-06_1\">Pr\u00e9nom<\/label><input name=\"kb_field_1\" id=\"kb_field_265_c41d46-06_1\" data-label=\"Pr\u00e9nom\" type=\"text\" placeholder=\"\" value=\"\" data-type=\"text\" class=\"kb-field kb-text-style-field kb-text-field kb-field-1\"\/><\/div><div class=\"kadence-blocks-form-field kb-form-field-2 kb-field-desk-width-100 kb-input-size-standard\"><label for=\"kb_field_265_c41d46-06_2\">Email<span class=\"required\">*<\/span><\/label><input name=\"kb_field_2\" id=\"kb_field_265_c41d46-06_2\" data-label=\"Email\" type=\"email\" placeholder=\"\" value=\"\" data-type=\"email\" class=\"kb-field kb-text-style-field kb-email-field kb-field-2\" data-required=\"yes\" data-required-message=\"L'email est obligatoire\" data-validation-message=\"L'email est invalide\"\/><\/div><div class=\"kadence-blocks-form-field kb-form-field-3 kb-field-desk-width-100 kb-input-size-standard\"><label for=\"kb_field_265_c41d46-06_3\">Message<span class=\"required\">*<\/span><\/label><textarea name=\"kb_field_3\" id=\"kb_field_265_c41d46-06_3\" data-label=\"Message\" type=\"textarea\" placeholder=\"\" data-type=\"textarea\" class=\"kb-field kb-text-style-field kb-textarea-field kb-field-3\" rows=\"4\" data-required=\"yes\" data-required-message=\"Le message est obligatoire\"><\/textarea><\/div><input type=\"hidden\" name=\"_kb_form_id\" value=\"265_c41d46-06\"\/><input type=\"hidden\" name=\"_kb_form_post_id\" value=\"265\"\/><input type=\"hidden\" name=\"action\" value=\"kb_process_ajax_submit\"\/><label class=\"kadence-verify-label\">Email<input class=\"kadence-blocks-field verify\" type=\"text\" name=\"_kb_verify_email\" autocomplete=\"new-password\" aria-hidden=\"true\" placeholder=\"Email\" tabindex=\"-1\" data-1p-ignore=\"true\" data-lpignore=\"true\" \/><\/label><div class=\"kadence-blocks-form-field kb-submit-field kb-field-desk-width-100\"><button class=\"kb-forms-submit button kb-button-size-standard kb-button-width-auto\">Envoyer<\/button><\/div><\/form><\/div>\n<noscript><div class=\"kadence-blocks-form-message kadence-blocks-form-warning\">Veuillez activer JavaScript dans votre navigateur pour envoyer le formulaire.<\/div><style>.kadence-form-265_c41d46-06 .kadence-blocks-form-field.kb-submit-field { display: none; }<\/style><\/noscript><\/div><\/div>\n<\/div><\/div>","protected":false},"excerpt":{"rendered":"<p>Contactez-nous Si vous avez un projet de r\u00e9novation \u00e0 nous soumettre et si vous \u00eates int\u00e9ress\u00e9s par une mission de conseil \u00e0 domicile, merci de remplir le formulaire ci dessous.<\/p>\n","protected":false},"author":1,"featured_media":0,"parent":0,"menu_order":0,"comment_status":"closed","ping_status":"closed","template":"","meta":{"_kad_post_transparent":"","_kad_post_title":"","_kad_post_layout":"","_kad_post_sidebar_id":"","_kad_post_content_style":"","_kad_post_vertical_padding":"hide","_kad_post_feature":"","_kad_post_feature_position":"","_kad_post_header":false,"_kad_post_footer":false,"footnotes":""},"class_list":["post-265","page","type-page","status-publish","hentry"],"_links":{"self":[{"href":"https:\/\/formagraph-exercice.fr\/B&B\/wp-json\/wp\/v2\/pages\/265","targetHints":{"allow":["GET"]}}],"collection":[{"href":"https:\/\/formagraph-exercice.fr\/B&B\/wp-json\/wp\/v2\/pages"}],"about":[{"href":"https:\/\/formagraph-exercice.fr\/B&B\/wp-json\/wp\/v2\/types\/page"}],"author":[{"embeddable":true,"href":"https:\/\/formagraph-exercice.fr\/B&B\/wp-json\/wp\/v2\/users\/1"}],"replies":[{"embeddable":true,"href":"https:\/\/formagraph-exercice.fr\/B&B\/wp-json\/wp\/v2\/comments?post=265"}],"version-history":[{"count":23,"href":"https:\/\/formagraph-exercice.fr\/B&B\/wp-json\/wp\/v2\/pages\/265\/revisions"}],"predecessor-version":[{"id":416,"href":"https:\/\/formagraph-exercice.fr\/B&B\/wp-json\/wp\/v2\/pages\/265\/revisions\/416"}],"wp:attachment":[{"href":"https:\/\/formagraph-exercice.fr\/B&B\/wp-json\/wp\/v2\/media?parent=265"}],"curies":[{"name":"wp","href":"https:\/\/api.w.org\/{rel}","templated":true}]}}